{"id":823,"date":"2014-01-14T10:44:01","date_gmt":"2014-01-14T10:44:01","guid":{"rendered":"http:\/\/arovite.com\/temporal\/?page_id=823"},"modified":"2024-10-18T17:34:19","modified_gmt":"2024-10-18T17:34:19","slug":"enlaces","status":"publish","type":"page","link":"https:\/\/www.arovite.com\/es\/enlaces\/","title":{"rendered":"Enlaces"},"content":{"rendered":"<div class=\"wpb-content-wrapper\"><p>[vc_row][vc_column][vc_column_text]Nuestra secci\u00f3n de <strong>enlaces<\/strong> permite acceder a los recursos online m\u00e1s relevantes para la investigaci\u00f3n del terrorismo en Euskadi: los archivos en los que se conserva documentaci\u00f3n de y sobre ETA y otras organizaciones terroristas, las bibliotecas m\u00e1s completas para consultar la bibliograf\u00eda relevante, los grupos universitarios de investigaci\u00f3n que se han ocupado o se est\u00e1n ocupando del mencionado tema, etc. Esta secci\u00f3n tambi\u00e9n cuenta con un apartado dedicado a las webs de y sobre las v\u00edctimas del terrorismo: desde las p\u00e1ginas de las principales asociaciones hasta blogs que muestran con fotograf\u00edas los lugares donde ETA asesin\u00f3.[\/vc_column_text][\/vc_column][\/vc_row][vc_row][vc_column][vc_empty_space height=&#8221;50px&#8221;][\/vc_column][\/vc_row][vc_row][vc_column width=&#8221;1\/3&#8243;][konte_banner text_position=&#8221;top-left&#8221; button_text=&#8221;M\u00e1s informaci\u00f3n&#8221; link=&#8221;url:https%3A%2F%2Fwww.arovite.com%2Fes%2Fenlaces%2Finvestigacion%2F|title:Investigaci%C3%B3n&#8221; image=&#8221;18777&#8243;]Investigaci\u00f3n[\/konte_banner][\/vc_column][vc_column width=&#8221;1\/3&#8243;][konte_banner text_position=&#8221;top-left&#8221; scheme=&#8221;light&#8221; button_text=&#8221;M\u00e1s informaci\u00f3n&#8221; link=&#8221;url:https%3A%2F%2Fwww.arovite.com%2Fes%2Fenlaces%2Fvictimas-del-terrorismo%2F|title:Investigaci%C3%B3n&#8221; image=&#8221;18774&#8243;]V\u00edctimas del terrorismo[\/konte_banner][\/vc_column][vc_column width=&#8221;1\/3&#8243;][konte_banner text_position=&#8221;top-left&#8221; scheme=&#8221;light&#8221; button_text=&#8221;M\u00e1s informaci\u00f3n&#8221; link=&#8221;url:https%3A%2F%2Fwww.arovite.com%2Fes%2Fenlaces%2Finternacional%2F|title:Investigaci%C3%B3n&#8221; image=&#8221;18771&#8243;]Internacional[\/konte_banner][\/vc_column][\/vc_row]<\/p>\n<\/div>","protected":false},"excerpt":{"rendered":"<p>[vc_row][vc_column][vc_column_text]Nuestra secci\u00f3n de enlaces permite acceder a los recursos online m\u00e1s relevantes para la investigaci\u00f3n del terrorismo en Euskadi: los archivos en los que se conserva documentaci\u00f3n de y sobre&hellip;<\/p>\n","protected":false},"author":1,"featured_media":0,"parent":0,"menu_order":0,"comment_status":"closed","ping_status":"closed","template":"","meta":{"om_disable_all_campaigns":false,"_monsterinsights_skip_tracking":false,"_monsterinsights_sitenote_active":false,"_monsterinsights_sitenote_note":"","_monsterinsights_sitenote_category":0,"_uf_show_specific_survey":0,"_uf_disable_surveys":false,"_vp_format_video_url":"","_vp_image_focal_point":[],"_vp_custom_popup_image":0,"_vp_format_audio_url":"","_vp_custom_thumbnail":0,"_vp_custom_thumbnail_focal_point":[],"_vp_hover_thumbnail":0,"_vp_hover_thumbnail_focal_point":[],"footnotes":""},"class_list":["post-823","page","type-page","status-publish","hentry"],"aioseo_notices":[],"_links":{"self":[{"href":"https:\/\/www.arovite.com\/es\/wp-json\/wp\/v2\/pages\/823","targetHints":{"allow":["GET"]}}],"collection":[{"href":"https:\/\/www.arovite.com\/es\/wp-json\/wp\/v2\/pages"}],"about":[{"href":"https:\/\/www.arovite.com\/es\/wp-json\/wp\/v2\/types\/page"}],"author":[{"embeddable":true,"href":"https:\/\/www.arovite.com\/es\/wp-json\/wp\/v2\/users\/1"}],"replies":[{"embeddable":true,"href":"https:\/\/www.arovite.com\/es\/wp-json\/wp\/v2\/comments?post=823"}],"version-history":[{"count":37,"href":"https:\/\/www.arovite.com\/es\/wp-json\/wp\/v2\/pages\/823\/revisions"}],"predecessor-version":[{"id":21282,"href":"https:\/\/www.arovite.com\/es\/wp-json\/wp\/v2\/pages\/823\/revisions\/21282"}],"wp:attachment":[{"href":"https:\/\/www.arovite.com\/es\/wp-json\/wp\/v2\/media?parent=823"}],"curies":[{"name":"wp","href":"https:\/\/api.w.org\/{rel}","templated":true}]}}