{"id":8002,"date":"2017-02-16T15:41:55","date_gmt":"2017-02-16T15:41:55","guid":{"rendered":"http:\/\/www.arovite.com\/nortzuk-gara\/"},"modified":"2017-02-16T15:45:47","modified_gmt":"2017-02-16T15:45:47","slug":"quienes-somos","status":"publish","type":"page","link":"https:\/\/www.arovite.com\/es\/quienes-somos\/","title":{"rendered":"Quienes somos"},"content":{"rendered":"<div class=\"wpb-content-wrapper\"><p>[vc_row][vc_column][vc_empty_space height=&#8221;50px&#8221;][\/vc_column][\/vc_row][vc_row][vc_column width=&#8221;2\/3&#8243;][vc_column_text css_animation=&#8221;left-to-right&#8221;]<\/p>\n<h3>AROVITE. Archivo Online sobre la Violencia Terrorista en Euskadi<\/h3>\n<h5>AROVITE es una fuente de referencias sobre el terrorismo en Euskadi, causado por las diversas ramas de ETA, as\u00ed como por los GAL, la extrema derecha o los Comandos Aut\u00f3nomos Anticapitalistas.<\/h5>\n<h5>AROVITE tiene una doble funci\u00f3n. Por una parte, es un dep\u00f3sito de contenidos: biblioteca virtual, galer\u00eda de fotograf\u00edas, buscador de bibliograf\u00eda y, en forma m\u00e1s resumida, sugerencias de lectura. Tambi\u00e9n publicamos diversos gr\u00e1ficos, una cronolog\u00eda del terrorismo en Euskadi, un listado de los largometrajes que han abordado esta misma cuesti\u00f3n, fondos de entidades como Bakeaz y Euskobarometro, etc. Por otro lado, AROVITE es un gestor de contenidos que permanecen dispersos en Internet. En este terreno destaca nuestra secci\u00f3n de enlaces, que permite reconocer y acceder a los principales recursos online: archivos, grupos de investigaci\u00f3n, webs de las asociaciones de v\u00edctimas del terrorismo, referencias internacionales, etc.<\/h5>\n<h5>AROVITE es una iniciativa del Instituto de Historia Social Valent\u00edn de Foronda, de la Universidad del Pa\u00eds Vasco \u2013 Euskal Herriko Unibertsitatea, una instituci\u00f3n que cuenta con una dilatada trayectoria investigadora sobre la historia contempor\u00e1nea de Euskadi. AROVITE es fruto de una de las l\u00edneas de trabajo de este Instituto: memoria y v\u00edctimas de la violencia pol\u00edtica en el Pa\u00eds Vasco, 1936-2011.<\/h5>\n<p>[\/vc_column_text][\/vc_column][vc_column width=&#8221;1\/3&#8243;][vc_single_image image=&#8221;1019&#8243; img_size=&#8221;full&#8221; alignment=&#8221;right&#8221; css_animation=&#8221;right-to-left&#8221;][\/vc_column][\/vc_row][vc_row][vc_column][vc_empty_space height=&#8221;50px&#8221;][\/vc_column][\/vc_row][vc_row][vc_column][vc_column_text][testimonial img=&#8221;http:\/\/arovite.com\/wp-content\/uploads\/2014\/02\/reinares.jpg&#8221; name=&#8221;Fernando Reinares&#8221; subtitle=&#8221;1989&#8243;]&#8221;El terrorismo puede ser definido, en perspectiva sociol\u00f3gica, como una forma de acci\u00f3n colectiva caracterizada por el recurso sistem\u00e1tico y tendencialmente exclusivo a la violencia armada, ya sea potencial o efectiva, con la intenci\u00f3n de afectar la distribuci\u00f3n del poder mediante atentados cuyo impacto psicol\u00f3gico y simb\u00f3lico supera al derivado de los da\u00f1os personales y materiales que provocan. Se trata de un fen\u00f3meno surgido en su configuraci\u00f3n actual a finales de los a\u00f1os sesenta, preferentemente en el contexto de las sociedades industrializadas y protagonizado por organizaciones clandestinas de dimensiones reducidas e ideol\u00f3gicamente inspiradas&#8221;.[\/testimonial][\/vc_column_text][\/vc_column][\/vc_row][vc_row][vc_column][vc_empty_space height=&#8221;50px&#8221;][\/vc_column][\/vc_row]<\/p>\n<\/div>","protected":false},"excerpt":{"rendered":"<p>[vc_row][vc_column][vc_empty_space height=&#8221;50px&#8221;][\/vc_column][\/vc_row][vc_row][vc_column width=&#8221;2\/3&#8243;][vc_column_text css_animation=&#8221;left-to-right&#8221;] AROVITE. Archivo Online sobre la Violencia Terrorista en Euskadi AROVITE es una fuente de referencias sobre el terrorismo en Euskadi, causado por las diversas ramas de&hellip;<\/p>\n","protected":false},"author":1,"featured_media":0,"parent":0,"menu_order":0,"comment_status":"closed","ping_status":"closed","template":"","meta":{"om_disable_all_campaigns":false,"_monsterinsights_skip_tracking":false,"_monsterinsights_sitenote_active":false,"_monsterinsights_sitenote_note":"","_monsterinsights_sitenote_category":0,"_uf_show_specific_survey":0,"_uf_disable_surveys":false,"_vp_format_video_url":"","_vp_image_focal_point":[],"_vp_custom_popup_image":0,"_vp_format_audio_url":"","_vp_custom_thumbnail":0,"_vp_custom_thumbnail_focal_point":[],"_vp_hover_thumbnail":0,"_vp_hover_thumbnail_focal_point":[],"footnotes":""},"class_list":["post-8002","page","type-page","status-publish","hentry"],"aioseo_notices":[],"_links":{"self":[{"href":"https:\/\/www.arovite.com\/es\/wp-json\/wp\/v2\/pages\/8002","targetHints":{"allow":["GET"]}}],"collection":[{"href":"https:\/\/www.arovite.com\/es\/wp-json\/wp\/v2\/pages"}],"about":[{"href":"https:\/\/www.arovite.com\/es\/wp-json\/wp\/v2\/types\/page"}],"author":[{"embeddable":true,"href":"https:\/\/www.arovite.com\/es\/wp-json\/wp\/v2\/users\/1"}],"replies":[{"embeddable":true,"href":"https:\/\/www.arovite.com\/es\/wp-json\/wp\/v2\/comments?post=8002"}],"version-history":[{"count":2,"href":"https:\/\/www.arovite.com\/es\/wp-json\/wp\/v2\/pages\/8002\/revisions"}],"predecessor-version":[{"id":8005,"href":"https:\/\/www.arovite.com\/es\/wp-json\/wp\/v2\/pages\/8002\/revisions\/8005"}],"wp:attachment":[{"href":"https:\/\/www.arovite.com\/es\/wp-json\/wp\/v2\/media?parent=8002"}],"curies":[{"name":"wp","href":"https:\/\/api.w.org\/{rel}","templated":true}]}}