{"id":6869,"date":"2016-09-12T14:42:16","date_gmt":"2016-09-12T14:42:16","guid":{"rendered":"http:\/\/www.arovite.com\/castro-moral-lorenzo-y-gozalbes-cravioto-guillermo-2002-2\/"},"modified":"2016-09-12T14:42:16","modified_gmt":"2016-09-12T14:42:16","slug":"castro-moral-lorenzo-y-gozalbes-cravioto-guillermo-2002","status":"publish","type":"page","link":"https:\/\/www.arovite.com\/es\/castro-moral-lorenzo-y-gozalbes-cravioto-guillermo-2002\/","title":{"rendered":"CASTRO MORAL, Lorenzo y GOZALBES CRAVIOTO, Guillermo (2002)"},"content":{"rendered":"<div class=\"wpb-content-wrapper\"><p>[vc_row][vc_column width=&#8221;1\/1&#8243;][vc_column_text][vc_empty_space height=&#8221;20&#8243;]<br \/>\n<strong>Referencia bibliogr\u00e1fica<\/strong><br \/>\nCASTRO MORAL, Lorenzo y GOZALBES CRAVIOTO, Guillermo (2002): \u00abPolic\u00edas locales y terrorismo: una aproximaci\u00f3n victimol\u00f3gica\u00bb, <em>Polic\u00eda. Revista T\u00e9cnico-Legislativa<\/em>, n\u00ba 536, pp. 6-21.<\/p>\n<p><a class=\"button blue medium\" href=\"https:\/\/elribat.wordpress.com\/2015\/04\/18\/terrorismo-y-policias-locales-una-aproximacion-victimologica\/\" target=\"_blank\">Consultar PDF<\/a>[vc_empty_space height=&#8221;10&#8243;]<br \/>\n<strong>Resumen<\/strong><br \/>\nEl veintinueve de agosto de 1972 el miembro de la polic\u00eda municipal de la poblaci\u00f3n vizca\u00edna de Gald\u00e1cano Eloy Garc\u00eda Cambra muere por efecto de disparos producidos a ra\u00edz de la identificaci\u00f3n de un sospechoso que result\u00f3 ser miembro de ETA. Casi treinta a\u00f1os despu\u00e9s, el veinte de diciembre del a\u00f1o 2000, el agente de la guardia urbana de Barcelona Juan Miguel Gervilla es asesinado por miembros de ETA que preparaban un atentado cuando se acercaba para interesarse por la situaci\u00f3n del veh\u00edculo de los mismos. Entre ambas fechas treinta y tres miembros de diversas polic\u00edas locales mueren como efecto de la acci\u00f3n terrorista.<br \/>\n[vc_empty_space height=&#8221;10&#8243;]<br \/>\n<strong>Autor<\/strong><br \/>\nLorenzo Castro Moral. <a title=\"Dialnet\" href=\"https:\/\/dialnet.unirioja.es\/servlet\/autor?codigo=2629548\" target=\"_blank\">P\u00e1gina del autor en Dialnet.<\/a><br \/>\n[vc_empty_space height=&#8221;10&#8243;]<br \/>\n<strong>Tipo de documento<\/strong><br \/>\nArt\u00edculo<br \/>\n[vc_empty_space height=&#8221;10&#8243;]<br \/>\n[\/vc_column_text][\/vc_column][\/vc_row]<\/p>\n<\/div>","protected":false},"excerpt":{"rendered":"<p>[vc_row][vc_column width=&#8221;1\/1&#8243;][vc_column_text][vc_empty_space height=&#8221;20&#8243;] Referencia bibliogr\u00e1fica CASTRO MORAL, Lorenzo y GOZALBES CRAVIOTO, Guillermo (2002): \u00abPolic\u00edas locales y terrorismo: una aproximaci\u00f3n victimol\u00f3gica\u00bb, Polic\u00eda. Revista T\u00e9cnico-Legislativa, n\u00ba 536, pp. 6-21. Consultar PDF[vc_empty_space height=&#8221;10&#8243;]&hellip;<\/p>\n","protected":false},"author":1,"featured_media":0,"parent":0,"menu_order":0,"comment_status":"open","ping_status":"open","template":"","meta":{"om_disable_all_campaigns":false,"_monsterinsights_skip_tracking":false,"_monsterinsights_sitenote_active":false,"_monsterinsights_sitenote_note":"","_monsterinsights_sitenote_category":0,"_uf_show_specific_survey":0,"_uf_disable_surveys":false,"_vp_format_video_url":"","_vp_image_focal_point":[],"_vp_custom_popup_image":0,"_vp_format_audio_url":"","_vp_custom_thumbnail":0,"_vp_custom_thumbnail_focal_point":[],"_vp_hover_thumbnail":0,"_vp_hover_thumbnail_focal_point":[],"footnotes":""},"class_list":["post-6869","page","type-page","status-publish","hentry"],"aioseo_notices":[],"_links":{"self":[{"href":"https:\/\/www.arovite.com\/es\/wp-json\/wp\/v2\/pages\/6869","targetHints":{"allow":["GET"]}}],"collection":[{"href":"https:\/\/www.arovite.com\/es\/wp-json\/wp\/v2\/pages"}],"about":[{"href":"https:\/\/www.arovite.com\/es\/wp-json\/wp\/v2\/types\/page"}],"author":[{"embeddable":true,"href":"https:\/\/www.arovite.com\/es\/wp-json\/wp\/v2\/users\/1"}],"replies":[{"embeddable":true,"href":"https:\/\/www.arovite.com\/es\/wp-json\/wp\/v2\/comments?post=6869"}],"version-history":[{"count":0,"href":"https:\/\/www.arovite.com\/es\/wp-json\/wp\/v2\/pages\/6869\/revisions"}],"wp:attachment":[{"href":"https:\/\/www.arovite.com\/es\/wp-json\/wp\/v2\/media?parent=6869"}],"curies":[{"name":"wp","href":"https:\/\/api.w.org\/{rel}","templated":true}]}}