{"id":6803,"date":"2016-09-11T07:54:55","date_gmt":"2016-09-11T07:54:55","guid":{"rendered":"http:\/\/www.arovite.com\/?page_id=6803"},"modified":"2023-06-07T10:20:03","modified_gmt":"2023-06-07T10:20:03","slug":"baby-sophie-2015","status":"publish","type":"page","link":"https:\/\/www.arovite.com\/es\/baby-sophie-2015\/","title":{"rendered":"BABY, Sophie (2015)"},"content":{"rendered":"<div class=\"wpb-content-wrapper\"><p>[vc_row][vc_column width=&#8221;1\/1&#8243;][vc_column_text][vc_empty_space height=&#8221;20&#8243;]<br \/>\n<strong>Referencia bibliogr\u00e1fica<\/strong><br \/>\nBABY, Sophie (2015): \u00abVolver sobre la Inmaculada Transici\u00f3n. El mito de una transici\u00f3n pac\u00edfica en Espa\u00f1a\u00bb, en CHAPUT, Marie-Claude y P\u00c9REZ SERRANO, Julio (eds.): <em>La transici\u00f3n espa\u00f1ola. Nuevos enfoques para un viejo debate.<\/em> Madrid: Biblioteca Nueva, pp. 75-92<\/p>\n<p><a class=\"button blue medium \" href=\"http:\/\/www.academia.edu\/17149287\/Volver_sobre_la_Inmaculada_Transici%C3%B3n._El_mito_de_una_transici%C3%B3n_pac%C3%ADfica_en_Espa%C3%B1a\" target=\"_blank\" rel=\"noopener\">Consultar PDF<\/a> [vc_empty_space height=&#8221;10&#8243;]<br \/>\n<strong>Resumen<\/strong><br \/>\nEl presente art\u00edculo acomete contra una sola caracter\u00edstica del mito transicional, pero una caracter\u00edstica tenaz: la de una transici\u00f3n pac\u00edfica. En primer lugar, se trata de demostrar que la llegada de la democracia no se hizo sin un recurso a la violencia en el marco de la lucha pol\u00edtica que amenaz\u00f3 y condicion\u00f3 su desarrollo. Tal amplio fue el auge de la violencia que podemos concluir la existencia de un ciclo de violencias propio al per\u00edodo de la transici\u00f3n. Lejos de ser marginal \u2013y ser\u00e1 el objeto de la segunda parte del art\u00edculo\u2013 la violencia tuvo un impacto pol\u00edtico y social profundo. Por lo tanto, tachar la Transici\u00f3n de pac\u00edfica no significa que estuvo exenta de violencias. \u00bfEntonces, y es lo que trataremos de entender en un \u00faltimo lugar, qu\u00e9 significa la pregnancia de tal calificativo? \u00bfPor qu\u00e9 se sigue difundiendo la imagen de una Transici\u00f3n \u00abinmaculada\u00bb aunque sabemos que no lo fue?<br \/>\n[vc_empty_space height=&#8221;10&#8243;]<br \/>\n<strong>Tipo de documento<\/strong><br \/>\nCap\u00edtulo de libro<br \/>\n[vc_empty_space height=&#8221;10&#8243;]<br \/>\n[\/vc_column_text][\/vc_column][\/vc_row]<\/p>\n<\/div>","protected":false},"excerpt":{"rendered":"<p>[vc_row][vc_column width=&#8221;1\/1&#8243;][vc_column_text][vc_empty_space height=&#8221;20&#8243;] Referencia bibliogr\u00e1fica BABY, Sophie (2015): \u00abVolver sobre la Inmaculada Transici\u00f3n. El mito de una transici\u00f3n pac\u00edfica en Espa\u00f1a\u00bb, en CHAPUT, Marie-Claude y P\u00c9REZ SERRANO, Julio (eds.): La&hellip;<\/p>\n","protected":false},"author":1,"featured_media":0,"parent":0,"menu_order":0,"comment_status":"open","ping_status":"open","template":"","meta":{"om_disable_all_campaigns":false,"_monsterinsights_skip_tracking":false,"_monsterinsights_sitenote_active":false,"_monsterinsights_sitenote_note":"","_monsterinsights_sitenote_category":0,"_uf_show_specific_survey":0,"_uf_disable_surveys":false,"_vp_format_video_url":"","_vp_image_focal_point":[],"_vp_custom_popup_image":0,"_vp_format_audio_url":"","_vp_custom_thumbnail":0,"_vp_custom_thumbnail_focal_point":[],"_vp_hover_thumbnail":0,"_vp_hover_thumbnail_focal_point":[],"footnotes":""},"class_list":["post-6803","page","type-page","status-publish","hentry"],"aioseo_notices":[],"_links":{"self":[{"href":"https:\/\/www.arovite.com\/es\/wp-json\/wp\/v2\/pages\/6803","targetHints":{"allow":["GET"]}}],"collection":[{"href":"https:\/\/www.arovite.com\/es\/wp-json\/wp\/v2\/pages"}],"about":[{"href":"https:\/\/www.arovite.com\/es\/wp-json\/wp\/v2\/types\/page"}],"author":[{"embeddable":true,"href":"https:\/\/www.arovite.com\/es\/wp-json\/wp\/v2\/users\/1"}],"replies":[{"embeddable":true,"href":"https:\/\/www.arovite.com\/es\/wp-json\/wp\/v2\/comments?post=6803"}],"version-history":[{"count":2,"href":"https:\/\/www.arovite.com\/es\/wp-json\/wp\/v2\/pages\/6803\/revisions"}],"predecessor-version":[{"id":17755,"href":"https:\/\/www.arovite.com\/es\/wp-json\/wp\/v2\/pages\/6803\/revisions\/17755"}],"wp:attachment":[{"href":"https:\/\/www.arovite.com\/es\/wp-json\/wp\/v2\/media?parent=6803"}],"curies":[{"name":"wp","href":"https:\/\/api.w.org\/{rel}","templated":true}]}}