{"id":6757,"date":"2016-09-11T07:38:50","date_gmt":"2016-09-11T07:38:50","guid":{"rendered":"http:\/\/www.arovite.com\/?page_id=6757"},"modified":"2017-05-05T14:24:33","modified_gmt":"2017-05-05T14:24:33","slug":"llera-francisco-j-y-leonisio-rafael-2015","status":"publish","type":"page","link":"https:\/\/www.arovite.com\/es\/llera-francisco-j-y-leonisio-rafael-2015\/","title":{"rendered":"LLERA, Francisco J. y LEONISIO, Rafael (2015)"},"content":{"rendered":"<div class=\"wpb-content-wrapper\"><p>[vc_row][vc_column width=&#8221;1\/1&#8243;][vc_column_text][vc_empty_space height=&#8221;20&#8243;]<br \/>\n<strong>Referencia bibliogr\u00e1fica<\/strong><br \/>\nLLERA, Francisco J. y LEONISIO, Rafael (2015): \u00abLos secuestros de ETA y sus organizaciones afines, 1970-1997: una base de datos\u00bb, <em> Revista Espa\u00f1ola de Ciencia Pol\u00edtica<\/em>, n\u00ba 37, pp. 141-160. <\/p>\n<p><a class=\"button blue medium\" href=\"https:\/\/recyt.fecyt.es\/index.php\/recp\/article\/view\/37652\/21170\" target=\"_blank\">Consultar PDF<\/a>[vc_empty_space height=&#8221;10&#8243;]<br \/>\n<strong>Resumen<\/strong><br \/>\nEste art\u00edculo presenta la primera base de datos sistem\u00e1tica, basada en informaci\u00f3n documental, sobre las circunstancias de los secuestros cometidos en Espa\u00f1a por ETA y sus organizaciones afines. Su finalidad principal, por tanto, es la propia publicaci\u00f3n de la base para su puesta a disposici\u00f3n de toda la comunidad acad\u00e9mica, al ofrecer acceso libre en la p\u00e1gina web de nuestro grupo de investigaci\u00f3n. Adem\u00e1s, aportamos el an\u00e1lisis de una primera explotaci\u00f3n de la misma a partir de las diferentes variables de la base, que nos ofrece una mejor comprensi\u00f3n del fen\u00f3meno del terrorismo nacionalista vasco, que ha protagonizado la acci\u00f3n violenta en la sociedad espa\u00f1ola en las \u00faltimas d\u00e9cadas.<br \/>\n[vc_empty_space height=&#8221;10&#8243;]<br \/>\n<strong>Abstract<\/strong><br \/>\nThis article presents the first systematic database, based on documentary information, about the circumstances around the kidnappings committed in Spain by ETA and its related organizations. Its main purpose, therefore, is to make the database itself publicly available for the academic community by offering free access to it in the website of our research group. We also provide a first utilization of the database by analyzing its different variables, which gives us a better understanding of the phenomenon of Basque nationalist terrorism, whose violent action has been present in Spanish society over the past decades.<br \/>\n[vc_empty_space height=&#8221;10&#8243;]<br \/>\n<strong>Autor<\/strong><br \/>\nFrancisco Javier Llera. <a title=\"Dialnet\" href=\"https:\/\/dialnet.unirioja.es\/servlet\/autor?codigo=2406447\" target=\"_blank\">P\u00e1gina del autor en Dialnet.<\/a><br \/>\n[vc_empty_space height=&#8221;10&#8243;]<br \/>\n<strong>Autor<\/strong><br \/>\nRafael Leonisio. <a title=\"Dialnet\" href=\"https:\/\/dialnet.unirioja.es\/servlet\/autor?codigo=1234479\" target=\"_blank\">P\u00e1gina del autor en Dialnet.<\/a><br \/>\n[vc_empty_space height=&#8221;10&#8243;]<br \/>\n<strong>Tipo de documento<\/strong><br \/>\nArt\u00edculo<br \/>\n[vc_empty_space height=&#8221;10&#8243;]<br \/>\n[\/vc_column_text][\/vc_column][\/vc_row]<\/p>\n<\/div>","protected":false},"excerpt":{"rendered":"<p>[vc_row][vc_column width=&#8221;1\/1&#8243;][vc_column_text][vc_empty_space height=&#8221;20&#8243;] Referencia bibliogr\u00e1fica LLERA, Francisco J. y LEONISIO, Rafael (2015): \u00abLos secuestros de ETA y sus organizaciones afines, 1970-1997: una base de datos\u00bb, Revista Espa\u00f1ola de Ciencia Pol\u00edtica,&hellip;<\/p>\n","protected":false},"author":1,"featured_media":0,"parent":0,"menu_order":0,"comment_status":"open","ping_status":"open","template":"","meta":{"om_disable_all_campaigns":false,"_monsterinsights_skip_tracking":false,"_monsterinsights_sitenote_active":false,"_monsterinsights_sitenote_note":"","_monsterinsights_sitenote_category":0,"_uf_show_specific_survey":0,"_uf_disable_surveys":false,"_vp_format_video_url":"","_vp_image_focal_point":[],"_vp_custom_popup_image":0,"_vp_format_audio_url":"","_vp_custom_thumbnail":0,"_vp_custom_thumbnail_focal_point":[],"_vp_hover_thumbnail":0,"_vp_hover_thumbnail_focal_point":[],"footnotes":""},"class_list":["post-6757","page","type-page","status-publish","hentry"],"aioseo_notices":[],"_links":{"self":[{"href":"https:\/\/www.arovite.com\/es\/wp-json\/wp\/v2\/pages\/6757","targetHints":{"allow":["GET"]}}],"collection":[{"href":"https:\/\/www.arovite.com\/es\/wp-json\/wp\/v2\/pages"}],"about":[{"href":"https:\/\/www.arovite.com\/es\/wp-json\/wp\/v2\/types\/page"}],"author":[{"embeddable":true,"href":"https:\/\/www.arovite.com\/es\/wp-json\/wp\/v2\/users\/1"}],"replies":[{"embeddable":true,"href":"https:\/\/www.arovite.com\/es\/wp-json\/wp\/v2\/comments?post=6757"}],"version-history":[{"count":5,"href":"https:\/\/www.arovite.com\/es\/wp-json\/wp\/v2\/pages\/6757\/revisions"}],"predecessor-version":[{"id":8271,"href":"https:\/\/www.arovite.com\/es\/wp-json\/wp\/v2\/pages\/6757\/revisions\/8271"}],"wp:attachment":[{"href":"https:\/\/www.arovite.com\/es\/wp-json\/wp\/v2\/media?parent=6757"}],"curies":[{"name":"wp","href":"https:\/\/api.w.org\/{rel}","templated":true}]}}