{"id":6738,"date":"2016-09-11T07:34:40","date_gmt":"2016-09-11T07:34:40","guid":{"rendered":"http:\/\/www.arovite.com\/?page_id=6738"},"modified":"2016-09-11T07:34:59","modified_gmt":"2016-09-11T07:34:59","slug":"casquete-jesus-2009","status":"publish","type":"page","link":"https:\/\/www.arovite.com\/es\/casquete-jesus-2009\/","title":{"rendered":"CASQUETE, Jes\u00fas (2009)"},"content":{"rendered":"<div class=\"wpb-content-wrapper\"><p>[vc_row][vc_column width=&#8221;1\/1&#8243;][vc_column_text][vc_empty_space height=&#8221;20&#8243;]<br \/>\n<strong>Referencia bibliogr\u00e1fica<\/strong><br \/>\nCASQUETE, Jes\u00fas (2009): \u00abS\u00edmbolos en movimiento: la festividad del Gudari Eguna en el nacionalismo vasco\u00bb, <em>Jornadas Internacionales: Homenaje a Charles Tilly. Conflicto, poder y acci\u00f3n colectiva: contribuciones al an\u00e1lisis sociopol\u00edtico de las sociedades contempor\u00e1neas<\/em>, Madrid: UCM\/UNED.<\/p>\n<p><a class=\"button blue medium\" href=\"http:\/\/www2.uned.es\/gesp\/2008_2009\/charles_tilly\/documentos\/sesion_2\/Jesus_Casquete.pdf\" target=\"_blank\">Consultar PDF<\/a>[vc_empty_space height=&#8221;10&#8243;]<br \/>\n<strong>Resumen<\/strong><br \/>\nEn esta ponencia nos fijaremos en el arsenal simb\u00f3lico forjado durante las \u00faltimas d\u00e9cadas por un actor sociopol\u00edtico, el nacionalismo vasco radical articulado en el <em>Movimiento de Liberaci\u00f3n Nacional Vasco<\/em> (MLNV), en estrecha confrontaci\u00f3n con otro actor ubicado en sus aleda\u00f1os ideol\u00f3gicos, del que bebe doctrinalmente y que, en todo caso, le precede en el tiempo: el nacionalismo tradicional representado por el <em>Partido Nacionalista Vasco<\/em> (PNV). No obstante, de todo el repertorio simb\u00f3lico del nacionalismo radical, delimitaremos de forma considerable nuestro objeto de inter\u00e9s para fijarnos en una familia espec\u00edfica de s\u00edmbolos, aqu\u00e9llos que han sido \u201cvampirizados\u201d por parte del etnorradicalismo al nacionalismo tradicional: la fecha del <em>Gudari Eguna<\/em> o D\u00eda del Soldado Vasco, celebrada desde la d\u00e9cada de 1960 por el nacionalismo tradicional y, sobre todo, por el nacionalismo radical desde finales de la d\u00e9cada siguiente. Atenderemos a la g\u00e9nesis del s\u00edmbolo y a los procesos sociales de apropiaci\u00f3n y reinterpretaci\u00f3n postreros efectuados por el nacionalismo radical para emplearlos como argamasa identitaria, tan imprescindible para salvaguardar sus fronteras grupales.<br \/>\n[vc_empty_space height=&#8221;10&#8243;]<br \/>\n<strong>Autor<\/strong><br \/>\nJes\u00fas Casquete. <a title=\"Dialnet\" href=\"https:\/\/dialnet.unirioja.es\/servlet\/autor?codigo=776183\" target=\"_blank\">P\u00e1gina del autor en Dialnet.<\/a><br \/>\n[vc_empty_space height=&#8221;10&#8243;]<br \/>\n<strong>Tipo de documento<\/strong><br \/>\nPonencia<br \/>\n[vc_empty_space height=&#8221;10&#8243;]<br \/>\n[\/vc_column_text][\/vc_column][\/vc_row]<\/p>\n<\/div>","protected":false},"excerpt":{"rendered":"<p>[vc_row][vc_column width=&#8221;1\/1&#8243;][vc_column_text][vc_empty_space height=&#8221;20&#8243;] Referencia bibliogr\u00e1fica CASQUETE, Jes\u00fas (2009): \u00abS\u00edmbolos en movimiento: la festividad del Gudari Eguna en el nacionalismo vasco\u00bb, Jornadas Internacionales: Homenaje a Charles Tilly. Conflicto, poder y acci\u00f3n&hellip;<\/p>\n","protected":false},"author":1,"featured_media":0,"parent":0,"menu_order":0,"comment_status":"open","ping_status":"open","template":"","meta":{"om_disable_all_campaigns":false,"_monsterinsights_skip_tracking":false,"_monsterinsights_sitenote_active":false,"_monsterinsights_sitenote_note":"","_monsterinsights_sitenote_category":0,"_uf_show_specific_survey":0,"_uf_disable_surveys":false,"_vp_format_video_url":"","_vp_image_focal_point":[],"_vp_custom_popup_image":0,"_vp_format_audio_url":"","_vp_custom_thumbnail":0,"_vp_custom_thumbnail_focal_point":[],"_vp_hover_thumbnail":0,"_vp_hover_thumbnail_focal_point":[],"footnotes":""},"class_list":["post-6738","page","type-page","status-publish","hentry"],"aioseo_notices":[],"_links":{"self":[{"href":"https:\/\/www.arovite.com\/es\/wp-json\/wp\/v2\/pages\/6738","targetHints":{"allow":["GET"]}}],"collection":[{"href":"https:\/\/www.arovite.com\/es\/wp-json\/wp\/v2\/pages"}],"about":[{"href":"https:\/\/www.arovite.com\/es\/wp-json\/wp\/v2\/types\/page"}],"author":[{"embeddable":true,"href":"https:\/\/www.arovite.com\/es\/wp-json\/wp\/v2\/users\/1"}],"replies":[{"embeddable":true,"href":"https:\/\/www.arovite.com\/es\/wp-json\/wp\/v2\/comments?post=6738"}],"version-history":[{"count":1,"href":"https:\/\/www.arovite.com\/es\/wp-json\/wp\/v2\/pages\/6738\/revisions"}],"predecessor-version":[{"id":6739,"href":"https:\/\/www.arovite.com\/es\/wp-json\/wp\/v2\/pages\/6738\/revisions\/6739"}],"wp:attachment":[{"href":"https:\/\/www.arovite.com\/es\/wp-json\/wp\/v2\/media?parent=6738"}],"curies":[{"name":"wp","href":"https:\/\/api.w.org\/{rel}","templated":true}]}}