{"id":6726,"date":"2016-09-11T07:31:33","date_gmt":"2016-09-11T07:31:33","guid":{"rendered":"http:\/\/www.arovite.com\/?page_id=6726"},"modified":"2016-09-11T07:31:51","modified_gmt":"2016-09-11T07:31:51","slug":"moreno-bibiloni-irene-2015","status":"publish","type":"page","link":"https:\/\/www.arovite.com\/es\/moreno-bibiloni-irene-2015\/","title":{"rendered":"MORENO BIBILONI, Irene (2015)"},"content":{"rendered":"<div class=\"wpb-content-wrapper\"><p>[vc_row][vc_column width=&#8221;1\/1&#8243;][vc_column_text][vc_empty_space height=&#8221;20&#8243;]<br \/>\n<strong>Referencia bibliogr\u00e1fica<\/strong><br \/>\nMORENO BIBILONI, Irene (2015): \u00abMovilizaciones pacifistas en el Pa\u00eds Vasco: Los inicios de Gesto por la Paz\u00bb, <em> Revista de Paz y Conflictos<\/em>, vol. 8, n\u00ba 2, pp. 227-242.<\/p>\n<p><a class=\"button blue medium\" href=\"http:\/\/revistaseug.ugr.es\/index.php\/revpaz\/article\/view\/2419\/3897\" target=\"_blank\">Consultar PDF<\/a>[vc_empty_space height=&#8221;10&#8243;]<br \/>\n<strong>Resumen<\/strong><br \/>\nEl siguiente art\u00edculo, que se enmarca dentro de la investigaci\u00f3n sobre la historia reciente del Pa\u00eds Vasco, tiene como objetivo fundamental realizar un acercamiento a los inicios de la Coordina\u00acdora Gesto por la Paz de Euskal Herria en tanto que pionera en las manifestaciones contra la violencia pol\u00edtica en el Pa\u00eds Vasco. La investigaci\u00f3n, realizada principalmente a partir del uso de fuentes hemerogr\u00e1ficas, nos permite acercarnos a los precedentes y a los inicios de esta organiza\u00acci\u00f3n que en los 90 lleg\u00f3 a tener cerca de 175 grupos y que fue referente en la movilizaci\u00f3n social contra el terrorismo. No es una historia de Gesto por la Paz, sino la historia de c\u00f3mo se gest\u00f3. Para concluir, se destaca la importancia que las movilizaciones sociales han tenido en el proceso hacia la paz en el Pa\u00eds Vasco, y la importancia de estos grupos en transmitir un mensaje de paz y convivencia para transformar las actitudes sociales violentas o inc\u00edvicas.<br \/>\n[vc_empty_space height=&#8221;10&#8243;]<br \/>\n<strong>Abstract<\/strong><br \/>\nThis article, which is part of researches into the recent history of the Basque country, has as fundamental objective realize an approach to the beginnings of the Coordinadora Gesto por la Paz de Euskal Herria, pioneer in the demonstrations against the political violence in the Basque country. The research conducted mainly from newspaper sources allows us to approach the pre\u00accedents and the early stages of this organization which in the 90s reached nearly 175 groups and was benchmark in social mobilization against terrorism. It is not a history of Gesto por la Paz, but is the history of how was conceived. To conclude, the importance of the social mobilizations that have had in the process towards peace in the Basque country, and the significance of these groups attempting to transmit a message of peace and connivance to transform the violent or uncivil social attitudes are highlighted herein.<br \/>\n[vc_empty_space height=&#8221;10&#8243;]<br \/>\n<strong>Autor<\/strong><br \/>\nIrene Moreno Bibiloni. <a title=\"Dialnet\" href=\"https:\/\/dialnet.unirioja.es\/servlet\/autor?codigo=3827652\" target=\"_blank\">P\u00e1gina del autor en Dialnet.<\/a><br \/>\n[vc_empty_space height=&#8221;10&#8243;]<br \/>\n<strong>Tipo de documento<\/strong><br \/>\nArt\u00edculo<br \/>\n[vc_empty_space height=&#8221;10&#8243;]<br \/>\n[\/vc_column_text][\/vc_column][\/vc_row]<\/p>\n<\/div>","protected":false},"excerpt":{"rendered":"<p>[vc_row][vc_column width=&#8221;1\/1&#8243;][vc_column_text][vc_empty_space height=&#8221;20&#8243;] Referencia bibliogr\u00e1fica MORENO BIBILONI, Irene (2015): \u00abMovilizaciones pacifistas en el Pa\u00eds Vasco: Los inicios de Gesto por la Paz\u00bb, Revista de Paz y Conflictos, vol. 8, n\u00ba&hellip;<\/p>\n","protected":false},"author":1,"featured_media":0,"parent":0,"menu_order":0,"comment_status":"open","ping_status":"open","template":"","meta":{"om_disable_all_campaigns":false,"_monsterinsights_skip_tracking":false,"_monsterinsights_sitenote_active":false,"_monsterinsights_sitenote_note":"","_monsterinsights_sitenote_category":0,"_uf_show_specific_survey":0,"_uf_disable_surveys":false,"_vp_format_video_url":"","_vp_image_focal_point":[],"_vp_custom_popup_image":0,"_vp_format_audio_url":"","_vp_custom_thumbnail":0,"_vp_custom_thumbnail_focal_point":[],"_vp_hover_thumbnail":0,"_vp_hover_thumbnail_focal_point":[],"footnotes":""},"class_list":["post-6726","page","type-page","status-publish","hentry"],"aioseo_notices":[],"_links":{"self":[{"href":"https:\/\/www.arovite.com\/es\/wp-json\/wp\/v2\/pages\/6726","targetHints":{"allow":["GET"]}}],"collection":[{"href":"https:\/\/www.arovite.com\/es\/wp-json\/wp\/v2\/pages"}],"about":[{"href":"https:\/\/www.arovite.com\/es\/wp-json\/wp\/v2\/types\/page"}],"author":[{"embeddable":true,"href":"https:\/\/www.arovite.com\/es\/wp-json\/wp\/v2\/users\/1"}],"replies":[{"embeddable":true,"href":"https:\/\/www.arovite.com\/es\/wp-json\/wp\/v2\/comments?post=6726"}],"version-history":[{"count":1,"href":"https:\/\/www.arovite.com\/es\/wp-json\/wp\/v2\/pages\/6726\/revisions"}],"predecessor-version":[{"id":6727,"href":"https:\/\/www.arovite.com\/es\/wp-json\/wp\/v2\/pages\/6726\/revisions\/6727"}],"wp:attachment":[{"href":"https:\/\/www.arovite.com\/es\/wp-json\/wp\/v2\/media?parent=6726"}],"curies":[{"name":"wp","href":"https:\/\/api.w.org\/{rel}","templated":true}]}}