{"id":6712,"date":"2016-09-11T07:28:00","date_gmt":"2016-09-11T07:28:00","guid":{"rendered":"http:\/\/www.arovite.com\/?page_id=6712"},"modified":"2023-10-07T10:20:42","modified_gmt":"2023-10-07T10:20:42","slug":"intxaurbe-vitorica-jose-ramon-ruiz-vieytez-eduardo-j-y-urrutia-asua-gorka-2016b","status":"publish","type":"page","link":"https:\/\/www.arovite.com\/es\/intxaurbe-vitorica-jose-ramon-ruiz-vieytez-eduardo-j-y-urrutia-asua-gorka-2016b\/","title":{"rendered":"INTXAURBE VITORICA, Jos\u00e9 Ram\u00f3n, RUIZ VIEYTEZ, Eduardo J., y URRUTIA ASUA, Gorka (2016b)"},"content":{"rendered":"<div class=\"wpb-content-wrapper\"><p>[vc_row][vc_column width=&#8221;1\/1&#8243;][vc_column_text][vc_empty_space height=&#8221;20&#8243;]<br \/>\n<strong>Referencia bibliogr\u00e1fica<\/strong><br \/>\nINTXAURBE VITORICA, Jos\u00e9 Ram\u00f3n, RUIZ VIEYTEZ, Eduardo J., y URRUTIA ASUA, Gorka (2016): <em>Informe sobre la injusticia padecida por las personas amenazadas por ETA (1990-2011)<\/em>. Secretar\u00eda General de Paz y Convivencia, Gobierno Vasco.<\/p>\n<p><a target=\"_blank\" rel=\"noopener\">Consultar PDF<\/a> [vc_empty_space height=&#8221;10&#8243;]<br \/>\n<strong>Resumen<\/strong><br \/>\nEste informe refleja y analiza la injusticia padecida por las personas que sufrieron la amenaza de ETA y que se materializ\u00f3, de manera particular, en la necesidad de llevar escolta para protegerse de esta coacci\u00f3n. El estudio tiene un alcance general e indaga cual fue la realidad sufrida por el conjunto de personas que vieron su libertad, su vida y sus derechos coartados por la intimidaci\u00f3n terrorista.<br \/>\n[vc_empty_space height=&#8221;10&#8243;]<br \/>\n<strong>Autor<\/strong><br \/>\nJos\u00e9 Ram\u00f3n Intxaurbe. <a title=\"Dialnet\" href=\"https:\/\/dialnet.unirioja.es\/servlet\/autor?codigo=3621519\" target=\"_blank\" rel=\"noopener\">P\u00e1gina del autor en Dialnet.<\/a><br \/>\nEduardo Javier Ruiz Vieytez. <a title=\"Dialnet\" href=\"https:\/\/dialnet.unirioja.es\/servlet\/autor?codigo=799477\" target=\"_blank\" rel=\"noopener\">P\u00e1gina del autor en Dialnet.<\/a><br \/>\nGorka Urrutia Asua. <a title=\"Dialnet\" href=\"https:\/\/dialnet.unirioja.es\/servlet\/autor?codigo=1803204\" target=\"_blank\" rel=\"noopener\">P\u00e1gina del autor en Dialnet.<\/a><br \/>\n[vc_empty_space height=&#8221;10&#8243;]<br \/>\n<strong>Tipo de documento<\/strong><br \/>\nInforme<br \/>\n[vc_empty_space height=&#8221;10&#8243;]<br \/>\n[\/vc_column_text][\/vc_column][\/vc_row]<\/p>\n<\/div>","protected":false},"excerpt":{"rendered":"<p>[vc_row][vc_column width=&#8221;1\/1&#8243;][vc_column_text][vc_empty_space height=&#8221;20&#8243;] Referencia bibliogr\u00e1fica INTXAURBE VITORICA, Jos\u00e9 Ram\u00f3n, RUIZ VIEYTEZ, Eduardo J., y URRUTIA ASUA, Gorka (2016): Informe sobre la injusticia padecida por las personas amenazadas por ETA (1990-2011).&hellip;<\/p>\n","protected":false},"author":1,"featured_media":0,"parent":0,"menu_order":0,"comment_status":"open","ping_status":"open","template":"","meta":{"om_disable_all_campaigns":false,"_monsterinsights_skip_tracking":false,"_monsterinsights_sitenote_active":false,"_monsterinsights_sitenote_note":"","_monsterinsights_sitenote_category":0,"_uf_show_specific_survey":0,"_uf_disable_surveys":false,"_vp_format_video_url":"","_vp_image_focal_point":[],"_vp_custom_popup_image":0,"_vp_format_audio_url":"","_vp_custom_thumbnail":0,"_vp_custom_thumbnail_focal_point":[],"_vp_hover_thumbnail":0,"_vp_hover_thumbnail_focal_point":[],"footnotes":""},"class_list":["post-6712","page","type-page","status-publish","hentry"],"aioseo_notices":[],"_links":{"self":[{"href":"https:\/\/www.arovite.com\/es\/wp-json\/wp\/v2\/pages\/6712","targetHints":{"allow":["GET"]}}],"collection":[{"href":"https:\/\/www.arovite.com\/es\/wp-json\/wp\/v2\/pages"}],"about":[{"href":"https:\/\/www.arovite.com\/es\/wp-json\/wp\/v2\/types\/page"}],"author":[{"embeddable":true,"href":"https:\/\/www.arovite.com\/es\/wp-json\/wp\/v2\/users\/1"}],"replies":[{"embeddable":true,"href":"https:\/\/www.arovite.com\/es\/wp-json\/wp\/v2\/comments?post=6712"}],"version-history":[{"count":2,"href":"https:\/\/www.arovite.com\/es\/wp-json\/wp\/v2\/pages\/6712\/revisions"}],"predecessor-version":[{"id":18308,"href":"https:\/\/www.arovite.com\/es\/wp-json\/wp\/v2\/pages\/6712\/revisions\/18308"}],"wp:attachment":[{"href":"https:\/\/www.arovite.com\/es\/wp-json\/wp\/v2\/media?parent=6712"}],"curies":[{"name":"wp","href":"https:\/\/api.w.org\/{rel}","templated":true}]}}