{"id":6635,"date":"2016-09-09T16:34:56","date_gmt":"2016-09-09T16:34:56","guid":{"rendered":"http:\/\/www.arovite.com\/?page_id=6635"},"modified":"2016-09-09T16:38:27","modified_gmt":"2016-09-09T16:38:27","slug":"garcia-javier-ignacio-2007","status":"publish","type":"page","link":"https:\/\/www.arovite.com\/es\/garcia-javier-ignacio-2007\/","title":{"rendered":"GARC\u00cdA, Javier Ignacio (2007)"},"content":{"rendered":"<div class=\"wpb-content-wrapper\"><p>[vc_row][vc_column width=&#8221;1\/1&#8243;][vc_column_text][vc_empty_space height=&#8221;20&#8243;]<br \/>\n<strong>Referencia bibliogr\u00e1fica<\/strong><br \/>\nGARC\u00cdA, Javier Ignacio (2007): \u00abEl final de ETA: \u00bfLucha contra el terrorismo o resoluci\u00f3n de conflicto?\u00bb, <em>UNISCI Discussion Papers<\/em>, n\u00ba 13, pp. 9-22.<\/p>\n<p><a class=\"button blue medium \"href=\" https:\/\/www.ucm.es\/data\/cont\/media\/www\/pag-72528\/Garcia13.pdf\" target=\"_blank\">Consultar PDF<\/a>[vc_empty_space height=&#8221;10&#8243;]<br \/>\n<strong>Resumen<\/strong><br \/>\nEl art\u00edculo analiza la din\u00e1mica y la naturaleza del nuevo proceso de paz puesto en marcha entre la banda terrorista ETA y el Gobierno del presidente Rodr\u00edguez Zapatero. Un nuevo esfuerzo por acabar con la violencia de ETA caracterizado por la \u00bfindefinici\u00f3n\u00bf de su naturaleza, en el que se intentan hacer compatibles dos aproximaciones radicalmente opuestas: la visi\u00f3n desde la perspectiva de la lucha contra el terrorismo y la concepci\u00f3n del proceso como resoluci\u00f3n de conflictos. Desarrollar un proceso de paz con ETA sobre la base de la resoluci\u00f3n de conflictos y mantener una pol\u00edtica de lucha contra el terrorismo resulta conceptualmente incompatible. Igualmente, la imposibilidad del gobierno espa\u00f1ol, respetando los l\u00edmites del Estado de Derecho vigente, de aceptar las implicaciones y consecuencias que supone la b\u00fasqueda del fin del terrorismo con las reglas y los procedimientos propios de un proceso de resoluci\u00f3n de conflictos, convierten a esta estrategia en inviable.<br \/>\n[vc_empty_space height=&#8221;10&#8243;]<br \/>\n<strong>Autor<\/strong><br \/>\nJavier Ignacio Garc\u00eda Gonz\u00e1lez. <a title=\"Dialnet\" href=\"https:\/\/dialnet.unirioja.es\/servlet\/autor?codigo=2128655\" target=\"_blank\">P\u00e1gina del autor en Dialnet.<\/a><br \/>\n[vc_empty_space height=&#8221;10&#8243;]<br \/>\n<strong>Tipo de documento<\/strong><br \/>\nArt\u00edculo<br \/>\n[vc_empty_space height=&#8221;10&#8243;]<br \/>\n[\/vc_column_text][\/vc_column][\/vc_row]<\/p>\n<\/div>","protected":false},"excerpt":{"rendered":"<p>[vc_row][vc_column width=&#8221;1\/1&#8243;][vc_column_text][vc_empty_space height=&#8221;20&#8243;] Referencia bibliogr\u00e1fica GARC\u00cdA, Javier Ignacio (2007): \u00abEl final de ETA: \u00bfLucha contra el terrorismo o resoluci\u00f3n de conflicto?\u00bb, UNISCI Discussion Papers, n\u00ba 13, pp. 9-22. Consultar PDF[vc_empty_space&hellip;<\/p>\n","protected":false},"author":1,"featured_media":0,"parent":0,"menu_order":0,"comment_status":"open","ping_status":"open","template":"","meta":{"om_disable_all_campaigns":false,"_monsterinsights_skip_tracking":false,"_monsterinsights_sitenote_active":false,"_monsterinsights_sitenote_note":"","_monsterinsights_sitenote_category":0,"_uf_show_specific_survey":0,"_uf_disable_surveys":false,"_vp_format_video_url":"","_vp_image_focal_point":[],"_vp_custom_popup_image":0,"_vp_format_audio_url":"","_vp_custom_thumbnail":0,"_vp_custom_thumbnail_focal_point":[],"_vp_hover_thumbnail":0,"_vp_hover_thumbnail_focal_point":[],"footnotes":""},"class_list":["post-6635","page","type-page","status-publish","hentry"],"aioseo_notices":[],"_links":{"self":[{"href":"https:\/\/www.arovite.com\/es\/wp-json\/wp\/v2\/pages\/6635","targetHints":{"allow":["GET"]}}],"collection":[{"href":"https:\/\/www.arovite.com\/es\/wp-json\/wp\/v2\/pages"}],"about":[{"href":"https:\/\/www.arovite.com\/es\/wp-json\/wp\/v2\/types\/page"}],"author":[{"embeddable":true,"href":"https:\/\/www.arovite.com\/es\/wp-json\/wp\/v2\/users\/1"}],"replies":[{"embeddable":true,"href":"https:\/\/www.arovite.com\/es\/wp-json\/wp\/v2\/comments?post=6635"}],"version-history":[{"count":1,"href":"https:\/\/www.arovite.com\/es\/wp-json\/wp\/v2\/pages\/6635\/revisions"}],"predecessor-version":[{"id":6636,"href":"https:\/\/www.arovite.com\/es\/wp-json\/wp\/v2\/pages\/6635\/revisions\/6636"}],"wp:attachment":[{"href":"https:\/\/www.arovite.com\/es\/wp-json\/wp\/v2\/media?parent=6635"}],"curies":[{"name":"wp","href":"https:\/\/api.w.org\/{rel}","templated":true}]}}