{"id":5603,"date":"2016-01-11T20:51:41","date_gmt":"2016-01-11T20:51:41","guid":{"rendered":"http:\/\/www.arovite.com\/?page_id=5603"},"modified":"2016-01-11T20:51:41","modified_gmt":"2016-01-11T20:51:41","slug":"hernandez-nieto-macario-2011","status":"publish","type":"page","link":"https:\/\/www.arovite.com\/es\/hernandez-nieto-macario-2011\/","title":{"rendered":"HERN\u00c1NDEZ NIETO, Macario (2011)"},"content":{"rendered":"<div class=\"wpb-content-wrapper\"><p>[vc_row][vc_column width=&#8221;1\/1&#8243;][vc_column_text][vc_empty_space height=&#8221;20&#8243;]<br \/>\n<strong>Referencia bibliogr\u00e1fica<\/strong><br \/>\nHERN\u00c1NDEZ NIETO, Macario (2011): <em>El antifranquismo ante el fen\u00f3meno ETA en la prensa espa\u00f1ola de los a\u00f1os setenta.<\/em> Tesis doctoral: UNED.<\/p>\n<p><a class=\"button blue  medium \" href=\"http:\/\/e-spacio.uned.es\/fez\/eserv\/tesisuned:GeoHis-Mhernandez\/Documento.pdf\" target=\"_blank\">Consultar PDF<\/a>[vc_empty_space height=&#8221;10&#8243;]<br \/>\n<strong>Resumen<\/strong><br \/>\nA los que vivimos los a\u00f1os del Tardofranquismo y la Transici\u00f3n con inquietudes democr\u00e1ticas nos sorprende a veces la inc\u00f3moda sensaci\u00f3n de que tal vez nuestra actitud hacia ETA no fuera de claro rechazo a sus m\u00e9todos criminales y de que disculp\u00e1ramos y -por supuesto en nuestra intimidad comprendi\u00e9ramos en algunos momentos su actividad violenta. Esta misma apreciaci\u00f3n ten\u00eda, entre otros muchos, el escritor Arcadi Espada en referencia a la prensa cuando afirmaba que \u201cuna de las flaquezas de la lucha contra el terror fue la relativa naturalidad con que los medios de comunicaci\u00f3n dieron cuenta del goteo de muertes de finales de los a\u00f1os setenta y principios de los ochenta\u201d. Esta inquietud me movi\u00f3 hace a\u00f1os a tratar de comprobar si nuestra memoria \u2013cuyo car\u00e1cter subjetivo es evidente- se corresponde con los resultados de una investigaci\u00f3n hist\u00f3rica basada en el riguroso an\u00e1lisis de la prensa que en aquellos a\u00f1os pod\u00eda ser referente de quienes nos consider\u00e1bamos dem\u00f3cratas, progresistas, de izquierdas.<br \/>\n[vc_empty_space height=&#8221;10&#8243;]<br \/>\n<strong>Autor<\/strong><br \/>\nMacario Hern\u00e1ndez Nieto. <a title=\"Dialnet\" href=\"http:\/\/dialnet.unirioja.es\/servlet\/autor?codigo=1954896\" target=\"_blank\">P\u00e1gina del autor en Dialnet.<\/a><br \/>\n[vc_empty_space height=&#8221;10&#8243;]<br \/>\n<strong>Tipo de documento<\/strong><br \/>\nTesis doctoral<br \/>\n[vc_empty_space height=&#8221;10&#8243;]<br \/>\n<a title=\"Enlace alternativo\" href=\"http:\/\/dialnet.unirioja.es\/servlet\/tesis?codigo=26721\" target=\"_blank\"><strong>Enlace alternativo.<\/strong><\/a><br \/>\n[vc_empty_space height=&#8221;10&#8243;][\/vc_column_text][\/vc_column][\/vc_row]<\/p>\n<\/div>","protected":false},"excerpt":{"rendered":"<p>[vc_row][vc_column width=&#8221;1\/1&#8243;][vc_column_text][vc_empty_space height=&#8221;20&#8243;] Referencia bibliogr\u00e1fica HERN\u00c1NDEZ NIETO, Macario (2011): El antifranquismo ante el fen\u00f3meno ETA en la prensa espa\u00f1ola de los a\u00f1os setenta. Tesis doctoral: UNED. Consultar PDF[vc_empty_space height=&#8221;10&#8243;] Resumen&hellip;<\/p>\n","protected":false},"author":2,"featured_media":0,"parent":0,"menu_order":0,"comment_status":"open","ping_status":"open","template":"","meta":{"om_disable_all_campaigns":false,"_monsterinsights_skip_tracking":false,"_monsterinsights_sitenote_active":false,"_monsterinsights_sitenote_note":"","_monsterinsights_sitenote_category":0,"_uf_show_specific_survey":0,"_uf_disable_surveys":false,"_vp_format_video_url":"","_vp_image_focal_point":[],"_vp_custom_popup_image":0,"_vp_format_audio_url":"","_vp_custom_thumbnail":0,"_vp_custom_thumbnail_focal_point":[],"_vp_hover_thumbnail":0,"_vp_hover_thumbnail_focal_point":[],"footnotes":""},"class_list":["post-5603","page","type-page","status-publish","hentry"],"aioseo_notices":[],"_links":{"self":[{"href":"https:\/\/www.arovite.com\/es\/wp-json\/wp\/v2\/pages\/5603","targetHints":{"allow":["GET"]}}],"collection":[{"href":"https:\/\/www.arovite.com\/es\/wp-json\/wp\/v2\/pages"}],"about":[{"href":"https:\/\/www.arovite.com\/es\/wp-json\/wp\/v2\/types\/page"}],"author":[{"embeddable":true,"href":"https:\/\/www.arovite.com\/es\/wp-json\/wp\/v2\/users\/2"}],"replies":[{"embeddable":true,"href":"https:\/\/www.arovite.com\/es\/wp-json\/wp\/v2\/comments?post=5603"}],"version-history":[{"count":1,"href":"https:\/\/www.arovite.com\/es\/wp-json\/wp\/v2\/pages\/5603\/revisions"}],"predecessor-version":[{"id":5609,"href":"https:\/\/www.arovite.com\/es\/wp-json\/wp\/v2\/pages\/5603\/revisions\/5609"}],"wp:attachment":[{"href":"https:\/\/www.arovite.com\/es\/wp-json\/wp\/v2\/media?parent=5603"}],"curies":[{"name":"wp","href":"https:\/\/api.w.org\/{rel}","templated":true}]}}