{"id":5363,"date":"2015-12-30T10:53:42","date_gmt":"2015-12-30T10:53:42","guid":{"rendered":"http:\/\/www.arovite.com\/?page_id=5363"},"modified":"2015-12-30T10:53:42","modified_gmt":"2015-12-30T10:53:42","slug":"buesa-fernando-2002-b","status":"publish","type":"page","link":"https:\/\/www.arovite.com\/es\/buesa-fernando-2002-b\/","title":{"rendered":"BUESA, Fernando (2002) b"},"content":{"rendered":"<div class=\"wpb-content-wrapper\"><p>[vc_row][vc_column width=&#8221;1\/1&#8243;][vc_column_text][vc_empty_space height=&#8221;20&#8243;]<br \/>\n<strong>Referencia bibliogr\u00e1fica<\/strong><br \/>\nBUESA, Fernando (2002): <em>Nos queda la palabra: recopilaci\u00f3n de los discursos pronunciados por D. Fernando Buesa Blanco en las Juntas Generales de \u00c1lava<\/em>. Vitoria-Gasteiz: Juntas Generales. Vol. II.<\/p>\n<p><a class=\"button blue  medium \" href=\"http:\/\/www.arovite.com\/documentos\/2002_II_Fundacion_Fernando_Buesa.pdf\" target=\"_blank\">Consultar PDF<\/a>[vc_empty_space height=&#8221;10&#8243;]<br \/>\n<strong>Autor<\/strong><br \/>\nFernando Buesa Blanco.<br \/>\n[vc_empty_space height=&#8221;10&#8243;]<br \/>\n<strong>Tipo de documento<\/strong><br \/>\nLibro<br \/>\n[vc_empty_space height=&#8221;10&#8243;]<br \/>\n<a title=\"Enlace alternativo\" href=\"http:\/\/www.fundacionfernandobuesa.com\/pdf\/nos_queda_la_palabra_2.pdf\" target=\"_blank\"><strong>Enlace alternativo.<\/strong><\/a><br \/>\n[vc_empty_space height=&#8221;10&#8243;][\/vc_column_text][\/vc_column][\/vc_row]<\/p>\n<\/div>","protected":false},"excerpt":{"rendered":"<p>[vc_row][vc_column width=&#8221;1\/1&#8243;][vc_column_text][vc_empty_space height=&#8221;20&#8243;] Referencia bibliogr\u00e1fica BUESA, Fernando (2002): Nos queda la palabra: recopilaci\u00f3n de los discursos pronunciados por D. Fernando Buesa Blanco en las Juntas Generales de \u00c1lava. Vitoria-Gasteiz: Juntas&hellip;<\/p>\n","protected":false},"author":2,"featured_media":0,"parent":0,"menu_order":0,"comment_status":"open","ping_status":"open","template":"","meta":{"om_disable_all_campaigns":false,"_monsterinsights_skip_tracking":false,"_monsterinsights_sitenote_active":false,"_monsterinsights_sitenote_note":"","_monsterinsights_sitenote_category":0,"_uf_show_specific_survey":0,"_uf_disable_surveys":false,"_vp_format_video_url":"","_vp_image_focal_point":[],"_vp_custom_popup_image":0,"_vp_format_audio_url":"","_vp_custom_thumbnail":0,"_vp_custom_thumbnail_focal_point":[],"_vp_hover_thumbnail":0,"_vp_hover_thumbnail_focal_point":[],"footnotes":""},"class_list":["post-5363","page","type-page","status-publish","hentry"],"aioseo_notices":[],"_links":{"self":[{"href":"https:\/\/www.arovite.com\/es\/wp-json\/wp\/v2\/pages\/5363","targetHints":{"allow":["GET"]}}],"collection":[{"href":"https:\/\/www.arovite.com\/es\/wp-json\/wp\/v2\/pages"}],"about":[{"href":"https:\/\/www.arovite.com\/es\/wp-json\/wp\/v2\/types\/page"}],"author":[{"embeddable":true,"href":"https:\/\/www.arovite.com\/es\/wp-json\/wp\/v2\/users\/2"}],"replies":[{"embeddable":true,"href":"https:\/\/www.arovite.com\/es\/wp-json\/wp\/v2\/comments?post=5363"}],"version-history":[{"count":1,"href":"https:\/\/www.arovite.com\/es\/wp-json\/wp\/v2\/pages\/5363\/revisions"}],"predecessor-version":[{"id":5364,"href":"https:\/\/www.arovite.com\/es\/wp-json\/wp\/v2\/pages\/5363\/revisions\/5364"}],"wp:attachment":[{"href":"https:\/\/www.arovite.com\/es\/wp-json\/wp\/v2\/media?parent=5363"}],"curies":[{"name":"wp","href":"https:\/\/api.w.org\/{rel}","templated":true}]}}