{"id":5347,"date":"2015-12-18T13:28:44","date_gmt":"2015-12-18T13:28:44","guid":{"rendered":"http:\/\/www.arovite.com\/?page_id=5347"},"modified":"2016-01-26T16:52:12","modified_gmt":"2016-01-26T16:52:12","slug":"gobierno-vasco-2010b","status":"publish","type":"page","link":"https:\/\/www.arovite.com\/es\/gobierno-vasco-2010b\/","title":{"rendered":"GOBIERNO VASCO (2010)b"},"content":{"rendered":"<div class=\"wpb-content-wrapper\"><p>[vc_row][vc_column width=&#8221;1\/1&#8243;][vc_column_text][vc_empty_space height=&#8221;20&#8243;]<br \/>\n<strong>Referencia bibliogr\u00e1fica<\/strong><br \/>\nGOBIERNO VASCO (2010): <em>Convivencia democr\u00e1tica y deslegitimaci\u00f3n de la violencia (2010-2011). Reformulaci\u00f3n del Plan Vasco de Educaci\u00f3n para la Paz y los Derechos Humanos (2008-2011)<\/em>. Gobierno Vasco.<\/p>\n<p><a class=\"button blue  medium \" href=\"http:\/\/www.arovite.com\/documentos\/2010_Convivencia_democratica.pdf\" target=\"_blank\">Consultar PDF<\/a>[vc_empty_space height=&#8221;10&#8243;]<br \/>\n<strong>Resumen<\/strong><br \/>\nUna Euskadi de ciudadanos y ciudadanas libres e iguales en derechos y obligaciones es el objetivo que gu\u00eda las acciones pol\u00edticas de este Gobierno. S\u00f3lo desde la defensa del sistema democr\u00e1tico y del Estado de derecho se puede abordar con garant\u00edas el logro de ese objetivo. La profundizaci\u00f3n de la democracia y el fomento de los valores de tolerancia, pluralidad y defensa de las minor\u00edas pol\u00edticas son valores b\u00e1sicos para garantizar la convivencia democr\u00e1tica. Sin duda alguna en la actualidad la pervivencia del terrorismo es un ataque directo a la libertad de la ciudadan\u00eda; es la forma m\u00e1s radical de negaci\u00f3n de la libre opini\u00f3n de las personas. Terminar con el terrorismo de ETA es requisito necesario para asentar la libertad. La deslegitimaci\u00f3n pol\u00edtica, social y \u00e9tica del terrorismo constituye una preocupaci\u00f3n hondamente sentida y compartida por la inmensa mayor\u00eda de la sociedad vasca y se erige en objetivo prioritario para este Gobierno, indisolublemente unido, claro est\u00e1, al de acabar con el terrorismo de ETA. Este Gobierno afianza la lucha contra el terrorismo desde tres \u00e1mbitos de actuaci\u00f3n que se complementan: La persecuci\u00f3n y detenci\u00f3n de terroristas utilizando para ello todos los medios legales que permite el estado de derecho, la cr\u00edtica y combate de las actitudes y comportamientos que den cobertura y justificaci\u00f3n a la violencia terrorista y el fomento y universalizaci\u00f3n de los valores democr\u00e1ticos.<br \/>\n[vc_empty_space height=&#8221;10&#8243;]<br \/>\n<strong>Tipo de documento<\/strong><br \/>\nInforme<br \/>\n[vc_empty_space height=&#8221;10&#8243;]<br \/>\n<a title=\"Enlace alternativo\" href=\"http:\/\/www.hezkuntza.ejgv.euskadi.eus\/contenidos\/informacion\/dig_publicaciones_innovacion\/es_conviven\/adjuntos\/600011c_Doc_EJ_plan_vasco_paz_reformulacion_c.pdf\" target=\"_blank\"><strong>Enlace alternativo.<\/strong><\/a><br \/>\n[vc_empty_space height=&#8221;10&#8243;]<br \/>\n[\/vc_column_text][\/vc_column][\/vc_row]<\/p>\n<\/div>","protected":false},"excerpt":{"rendered":"<p>[vc_row][vc_column width=&#8221;1\/1&#8243;][vc_column_text][vc_empty_space height=&#8221;20&#8243;] Referencia bibliogr\u00e1fica GOBIERNO VASCO (2010): Convivencia democr\u00e1tica y deslegitimaci\u00f3n de la violencia (2010-2011). Reformulaci\u00f3n del Plan Vasco de Educaci\u00f3n para la Paz y los Derechos Humanos (2008-2011).&hellip;<\/p>\n","protected":false},"author":2,"featured_media":0,"parent":0,"menu_order":0,"comment_status":"open","ping_status":"open","template":"","meta":{"om_disable_all_campaigns":false,"_monsterinsights_skip_tracking":false,"_monsterinsights_sitenote_active":false,"_monsterinsights_sitenote_note":"","_monsterinsights_sitenote_category":0,"_uf_show_specific_survey":0,"_uf_disable_surveys":false,"_vp_format_video_url":"","_vp_image_focal_point":[],"_vp_custom_popup_image":0,"_vp_format_audio_url":"","_vp_custom_thumbnail":0,"_vp_custom_thumbnail_focal_point":[],"_vp_hover_thumbnail":0,"_vp_hover_thumbnail_focal_point":[],"footnotes":""},"class_list":["post-5347","page","type-page","status-publish","hentry"],"aioseo_notices":[],"_links":{"self":[{"href":"https:\/\/www.arovite.com\/es\/wp-json\/wp\/v2\/pages\/5347","targetHints":{"allow":["GET"]}}],"collection":[{"href":"https:\/\/www.arovite.com\/es\/wp-json\/wp\/v2\/pages"}],"about":[{"href":"https:\/\/www.arovite.com\/es\/wp-json\/wp\/v2\/types\/page"}],"author":[{"embeddable":true,"href":"https:\/\/www.arovite.com\/es\/wp-json\/wp\/v2\/users\/2"}],"replies":[{"embeddable":true,"href":"https:\/\/www.arovite.com\/es\/wp-json\/wp\/v2\/comments?post=5347"}],"version-history":[{"count":2,"href":"https:\/\/www.arovite.com\/es\/wp-json\/wp\/v2\/pages\/5347\/revisions"}],"predecessor-version":[{"id":6537,"href":"https:\/\/www.arovite.com\/es\/wp-json\/wp\/v2\/pages\/5347\/revisions\/6537"}],"wp:attachment":[{"href":"https:\/\/www.arovite.com\/es\/wp-json\/wp\/v2\/media?parent=5347"}],"curies":[{"name":"wp","href":"https:\/\/api.w.org\/{rel}","templated":true}]}}