{"id":5339,"date":"2015-12-18T13:21:40","date_gmt":"2015-12-18T13:21:40","guid":{"rendered":"http:\/\/www.arovite.com\/?page_id=5339"},"modified":"2015-12-18T13:21:40","modified_gmt":"2015-12-18T13:21:40","slug":"gonzalez-zorrilla-raul-y-diaz-bada-teresa-2012","status":"publish","type":"page","link":"https:\/\/www.arovite.com\/es\/gonzalez-zorrilla-raul-y-diaz-bada-teresa-2012\/","title":{"rendered":"GONZ\u00c1LEZ ZORRILLA, Ra\u00fal y D\u00cdAZ BADA, Teresa (2012)"},"content":{"rendered":"<div class=\"wpb-content-wrapper\"><p>[vc_row][vc_column width=&#8221;1\/1&#8243;][vc_column_text][vc_empty_space height=&#8221;20&#8243;]<br \/>\n<strong>Referencia bibliogr\u00e1fica<\/strong><br \/>\nGONZ\u00c1LEZ ZORRILLA, Ra\u00fal y D\u00cdAZ BADA, Teresa (2012): \u00abJusticia victimal y valor p\u00fablico del testimonio de las v\u00edctimas\u00bb, <em>Eguzkilore<\/em>, n\u00ba 26, pp. 173-181.<\/p>\n<p><a class=\"button blue  medium \" href=\"http:\/\/www.ehu.eus\/documents\/1736829\/2177136\/Glz+Zorrilla+Eguzkilore+26-18.pdf\" target=\"_blank\">Consultar PDF<\/a>[vc_empty_space height=&#8221;10&#8243;]<br \/>\n<strong>Resumen<\/strong><br \/>\nExisten indicios muy preocupantes de que se est\u00e1 alentando un claro empe\u00f1o por legitimar un nuevo escenario de convivencia en el que las permanentes reclamaciones de memoria, verdad y justicia lideradas por la gran mayor\u00eda de las v\u00edctimas del terrorismo se transmutan en peticiones \u00e9ticamente indecentes que hablan de perdonar a los asesinos, que apelan a \u201csumar esfuerzos\u201d entre quienes matan y quienes mueren y que exigen \u201colvidar\u201d a quienes m\u00e1s han padecido la lacra terrorista.<br \/>\n[vc_empty_space height=&#8221;10&#8243;]<br \/>\n<strong>Laburpena<\/strong><br \/>\nBizikidetzako egoera berri bat legeztatzeko ahalegin argi bat adoretzen ari diren adierazgarri oso kezkagarriak daude. Egoera berri horretan, gehienbat terrorismoaren biktimek eskatutako oroimenaren, egiaren eta justiziaren etengabeko erreklamazioak etikoki lotsagarriak diren eskaera bihurtu dira, eta eskaera horiek hiltzaileei barkatzeari buruz, hiltzen dutenen eta hiltzen direnen artean \u201cindarrak batzea\u201d eskatzeari buruz eta terrorismoaren izurria jasan dutenei \u201cahaztea\u201d eskatzeari buruz mintzo dira.<br \/>\n[vc_empty_space height=&#8221;10&#8243;]<br \/>\n<strong>Abstract<\/strong><br \/>\nThere are very worrying signs that a concerted effort is being made to give legitimacy to a new scenario of co-habitation in which the permanent demands for memory, truth and justice being made by the victims of terrorism are reduced to ethically indecent petitions that talk about pardon for killers, that appeal to the notion of a \u201cjoining of efforts\u201d between those who kill and those who die, and which demand of those who have most suffered the scourge of terrorism that they \u201cforget\u201d.<br \/>\n[vc_empty_space height=&#8221;10&#8243;]<br \/>\n<strong>Autor<\/strong><br \/>\nRa\u00fal Gonz\u00e1lez Zorrilla. <a title=\"Dialnet\" href=\"http:\/\/dialnet.unirioja.es\/servlet\/autor?codigo=3136897\" target=\"_blank\">P\u00e1gina del autor en Dialnet.<\/a><br \/>\nTeresa D\u00edaz Bada. <a title=\"Dialnet\" href=\"http:\/\/dialnet.unirioja.es\/servlet\/autor?codigo=3136898\" target=\"_blank\">P\u00e1gina del autor en Dialnet.<\/a><br \/>\n[vc_empty_space height=&#8221;10&#8243;]<br \/>\n<strong>Tipo de documento<\/strong><br \/>\nArt\u00edculo<br \/>\n[vc_empty_space height=&#8221;10&#8243;]<br \/>\n<a title=\"Enlace alternativo\" href=\"http:\/\/dialnet.unirioja.es\/servlet\/articulo?codigo=4080287\" target=\"_blank\"><strong>Enlace alternativo.<\/strong><\/a><br \/>\n[vc_empty_space height=&#8221;10&#8243;]<br \/>\n[\/vc_column_text][\/vc_column][\/vc_row]<\/p>\n<\/div>","protected":false},"excerpt":{"rendered":"<p>[vc_row][vc_column width=&#8221;1\/1&#8243;][vc_column_text][vc_empty_space height=&#8221;20&#8243;] Referencia bibliogr\u00e1fica GONZ\u00c1LEZ ZORRILLA, Ra\u00fal y D\u00cdAZ BADA, Teresa (2012): \u00abJusticia victimal y valor p\u00fablico del testimonio de las v\u00edctimas\u00bb, Eguzkilore, n\u00ba 26, pp. 173-181. Consultar PDF[vc_empty_space&hellip;<\/p>\n","protected":false},"author":2,"featured_media":0,"parent":0,"menu_order":0,"comment_status":"open","ping_status":"open","template":"","meta":{"om_disable_all_campaigns":false,"_monsterinsights_skip_tracking":false,"_monsterinsights_sitenote_active":false,"_monsterinsights_sitenote_note":"","_monsterinsights_sitenote_category":0,"_uf_show_specific_survey":0,"_uf_disable_surveys":false,"_vp_format_video_url":"","_vp_image_focal_point":[],"_vp_custom_popup_image":0,"_vp_format_audio_url":"","_vp_custom_thumbnail":0,"_vp_custom_thumbnail_focal_point":[],"_vp_hover_thumbnail":0,"_vp_hover_thumbnail_focal_point":[],"footnotes":""},"class_list":["post-5339","page","type-page","status-publish","hentry"],"aioseo_notices":[],"_links":{"self":[{"href":"https:\/\/www.arovite.com\/es\/wp-json\/wp\/v2\/pages\/5339","targetHints":{"allow":["GET"]}}],"collection":[{"href":"https:\/\/www.arovite.com\/es\/wp-json\/wp\/v2\/pages"}],"about":[{"href":"https:\/\/www.arovite.com\/es\/wp-json\/wp\/v2\/types\/page"}],"author":[{"embeddable":true,"href":"https:\/\/www.arovite.com\/es\/wp-json\/wp\/v2\/users\/2"}],"replies":[{"embeddable":true,"href":"https:\/\/www.arovite.com\/es\/wp-json\/wp\/v2\/comments?post=5339"}],"version-history":[{"count":1,"href":"https:\/\/www.arovite.com\/es\/wp-json\/wp\/v2\/pages\/5339\/revisions"}],"predecessor-version":[{"id":5340,"href":"https:\/\/www.arovite.com\/es\/wp-json\/wp\/v2\/pages\/5339\/revisions\/5340"}],"wp:attachment":[{"href":"https:\/\/www.arovite.com\/es\/wp-json\/wp\/v2\/media?parent=5339"}],"curies":[{"name":"wp","href":"https:\/\/api.w.org\/{rel}","templated":true}]}}