{"id":5335,"date":"2015-12-18T13:17:05","date_gmt":"2015-12-18T13:17:05","guid":{"rendered":"http:\/\/www.arovite.com\/?page_id=5335"},"modified":"2016-01-24T14:26:11","modified_gmt":"2016-01-24T14:26:11","slug":"gesto-por-la-paz-2012","status":"publish","type":"page","link":"https:\/\/www.arovite.com\/es\/gesto-por-la-paz-2012\/","title":{"rendered":"GESTO POR LA PAZ (2012)"},"content":{"rendered":"<div class=\"wpb-content-wrapper\"><p>[vc_row][vc_column width=&#8221;1\/1&#8243;][vc_column_text][vc_empty_space height=&#8221;20&#8243;]<br \/>\n<strong>Referencia bibliogr\u00e1fica<\/strong><br \/>\nGESTO POR LA PAZ (2012):<em> Por una memoria b\u00e1sica deslegitimadora de la violencia<\/em>. Gesto por la Paz.<\/p>\n<p><a class=\"button blue  medium \" href=\"http:\/\/www.arovite.com\/documentos\/2012_Gesto_por_la_Paz.pdf\" target=\"_blank\">Consultar PDF<\/a>[vc_empty_space height=&#8221;10&#8243;]<br \/>\n<strong>Resumen<\/strong><br \/>\nLa violencia espec\u00edfica que se ha practicado en nuestra sociedad en las \u00faltimas d\u00e9cadas es la manifestaci\u00f3n m\u00e1s extrema de la intolerancia. Su ejercicio ileg\u00edtimo constituye el acto de mayor injusticia que un ser humano pueda cometer contra la dignidad y la integridad de otro ser humano.<br \/>\n[vc_empty_space height=&#8221;10&#8243;]<br \/>\n<strong>Tipo de documento<\/strong><br \/>\nInforme<br \/>\n[vc_empty_space height=&#8221;10&#8243;]<br \/>\n<a title=\"Enlace alternativo\" href=\"http:\/\/www.gesto.org\/archivos\/201401\/2012-memoria-deslegitimadora.pdf?1\" target=\"_blank\"><strong>Enlace alternativo.<\/strong><\/a><br \/>\n[vc_empty_space height=&#8221;10&#8243;]<br \/>\n[\/vc_column_text][\/vc_column][\/vc_row]<\/p>\n<\/div>","protected":false},"excerpt":{"rendered":"<p>[vc_row][vc_column width=&#8221;1\/1&#8243;][vc_column_text][vc_empty_space height=&#8221;20&#8243;] Referencia bibliogr\u00e1fica GESTO POR LA PAZ (2012): Por una memoria b\u00e1sica deslegitimadora de la violencia. Gesto por la Paz. Consultar PDF[vc_empty_space height=&#8221;10&#8243;] Resumen La violencia espec\u00edfica que&hellip;<\/p>\n","protected":false},"author":2,"featured_media":0,"parent":0,"menu_order":0,"comment_status":"open","ping_status":"open","template":"","meta":{"om_disable_all_campaigns":false,"_monsterinsights_skip_tracking":false,"_monsterinsights_sitenote_active":false,"_monsterinsights_sitenote_note":"","_monsterinsights_sitenote_category":0,"_uf_show_specific_survey":0,"_uf_disable_surveys":false,"_vp_format_video_url":"","_vp_image_focal_point":[],"_vp_custom_popup_image":0,"_vp_format_audio_url":"","_vp_custom_thumbnail":0,"_vp_custom_thumbnail_focal_point":[],"_vp_hover_thumbnail":0,"_vp_hover_thumbnail_focal_point":[],"footnotes":""},"class_list":["post-5335","page","type-page","status-publish","hentry"],"aioseo_notices":[],"_links":{"self":[{"href":"https:\/\/www.arovite.com\/es\/wp-json\/wp\/v2\/pages\/5335","targetHints":{"allow":["GET"]}}],"collection":[{"href":"https:\/\/www.arovite.com\/es\/wp-json\/wp\/v2\/pages"}],"about":[{"href":"https:\/\/www.arovite.com\/es\/wp-json\/wp\/v2\/types\/page"}],"author":[{"embeddable":true,"href":"https:\/\/www.arovite.com\/es\/wp-json\/wp\/v2\/users\/2"}],"replies":[{"embeddable":true,"href":"https:\/\/www.arovite.com\/es\/wp-json\/wp\/v2\/comments?post=5335"}],"version-history":[{"count":2,"href":"https:\/\/www.arovite.com\/es\/wp-json\/wp\/v2\/pages\/5335\/revisions"}],"predecessor-version":[{"id":6465,"href":"https:\/\/www.arovite.com\/es\/wp-json\/wp\/v2\/pages\/5335\/revisions\/6465"}],"wp:attachment":[{"href":"https:\/\/www.arovite.com\/es\/wp-json\/wp\/v2\/media?parent=5335"}],"curies":[{"name":"wp","href":"https:\/\/api.w.org\/{rel}","templated":true}]}}