{"id":5313,"date":"2015-12-18T12:46:04","date_gmt":"2015-12-18T12:46:04","guid":{"rendered":"http:\/\/www.arovite.com\/?page_id=5313"},"modified":"2015-12-18T12:46:04","modified_gmt":"2015-12-18T12:46:04","slug":"fernandez-soldevilla-gaizka-2014b","status":"publish","type":"page","link":"https:\/\/www.arovite.com\/es\/fernandez-soldevilla-gaizka-2014b\/","title":{"rendered":"FERN\u00c1NDEZ SOLDEVILLA, Gaizka (2014)b"},"content":{"rendered":"<div class=\"wpb-content-wrapper\"><p>[vc_row][vc_column width=&#8221;1\/1&#8243;][vc_column_text][vc_empty_space height=&#8221;20&#8243;]<br \/>\n<strong>Referencia bibliogr\u00e1fica<\/strong><br \/>\nFERN\u00c1NDEZ SOLDEVILLA, Gaizka (2014): \u00abHistoria de una heterodoxia abertzale: Euskadiko Ezkerra\u00bb, <em>Claves de Raz\u00f3n Pr\u00e1ctica<\/em>, n\u00ba 236, pp. 78-85.<\/p>\n<p><a class=\"button blue  medium \" href=\"https:\/\/gaizkafernandez.files.wordpress.com\/2013\/01\/078-085-gaizka8xn1.pdf\" target=\"_blank\">Consultar PDF<\/a>[vc_empty_space height=&#8221;10&#8243;]<br \/>\n<strong>Resumen<\/strong><br \/>\nHace ya 40 a\u00f1os del nacimiento de ETA pol\u00edtico-militar y 20 de la desaparici\u00f3n de la EE de Mario Onaindia y Kepa Aulestia, partido que represent\u00f3 un nacionalismo vasco heterodoxo, integrador y autonomista.<br \/>\n[vc_empty_space height=&#8221;10&#8243;]<br \/>\n<strong>Autor<\/strong><br \/>\nGaizka Fern\u00e1ndez Soldevilla. <a title=\"Dialnet\" href=\"http:\/\/dialnet.unirioja.es\/servlet\/autor?codigo=2407724\" target=\"_blank\">P\u00e1gina del autor en Dialnet.<\/a><br \/>\n[vc_empty_space height=&#8221;10&#8243;]<br \/>\n<strong>Tipo de documento<\/strong><br \/>\nArt\u00edculo<br \/>\n[vc_empty_space height=&#8221;10&#8243;]<br \/>\n[\/vc_column_text][\/vc_column][\/vc_row]<\/p>\n<\/div>","protected":false},"excerpt":{"rendered":"<p>[vc_row][vc_column width=&#8221;1\/1&#8243;][vc_column_text][vc_empty_space height=&#8221;20&#8243;] Referencia bibliogr\u00e1fica FERN\u00c1NDEZ SOLDEVILLA, Gaizka (2014): \u00abHistoria de una heterodoxia abertzale: Euskadiko Ezkerra\u00bb, Claves de Raz\u00f3n Pr\u00e1ctica, n\u00ba 236, pp. 78-85. Consultar PDF[vc_empty_space height=&#8221;10&#8243;] Resumen Hace ya&hellip;<\/p>\n","protected":false},"author":2,"featured_media":0,"parent":0,"menu_order":0,"comment_status":"open","ping_status":"open","template":"","meta":{"om_disable_all_campaigns":false,"_monsterinsights_skip_tracking":false,"_monsterinsights_sitenote_active":false,"_monsterinsights_sitenote_note":"","_monsterinsights_sitenote_category":0,"_uf_show_specific_survey":0,"_uf_disable_surveys":false,"_vp_format_video_url":"","_vp_image_focal_point":[],"_vp_custom_popup_image":0,"_vp_format_audio_url":"","_vp_custom_thumbnail":0,"_vp_custom_thumbnail_focal_point":[],"_vp_hover_thumbnail":0,"_vp_hover_thumbnail_focal_point":[],"footnotes":""},"class_list":["post-5313","page","type-page","status-publish","hentry"],"aioseo_notices":[],"_links":{"self":[{"href":"https:\/\/www.arovite.com\/es\/wp-json\/wp\/v2\/pages\/5313","targetHints":{"allow":["GET"]}}],"collection":[{"href":"https:\/\/www.arovite.com\/es\/wp-json\/wp\/v2\/pages"}],"about":[{"href":"https:\/\/www.arovite.com\/es\/wp-json\/wp\/v2\/types\/page"}],"author":[{"embeddable":true,"href":"https:\/\/www.arovite.com\/es\/wp-json\/wp\/v2\/users\/2"}],"replies":[{"embeddable":true,"href":"https:\/\/www.arovite.com\/es\/wp-json\/wp\/v2\/comments?post=5313"}],"version-history":[{"count":1,"href":"https:\/\/www.arovite.com\/es\/wp-json\/wp\/v2\/pages\/5313\/revisions"}],"predecessor-version":[{"id":5314,"href":"https:\/\/www.arovite.com\/es\/wp-json\/wp\/v2\/pages\/5313\/revisions\/5314"}],"wp:attachment":[{"href":"https:\/\/www.arovite.com\/es\/wp-json\/wp\/v2\/media?parent=5313"}],"curies":[{"name":"wp","href":"https:\/\/api.w.org\/{rel}","templated":true}]}}