{"id":5309,"date":"2015-12-18T12:41:39","date_gmt":"2015-12-18T12:41:39","guid":{"rendered":"http:\/\/www.arovite.com\/?page_id=5309"},"modified":"2015-12-18T12:41:39","modified_gmt":"2015-12-18T12:41:39","slug":"fernandez-soldevilla-gaizka-2013c","status":"publish","type":"page","link":"https:\/\/www.arovite.com\/es\/fernandez-soldevilla-gaizka-2013c\/","title":{"rendered":"FERN\u00c1NDEZ SOLDEVILLA, Gaizka (2013)c"},"content":{"rendered":"<div class=\"wpb-content-wrapper\"><p>[vc_row][vc_column width=&#8221;1\/1&#8243;][vc_column_text][vc_empty_space height=&#8221;20&#8243;]<br \/>\n<strong>Referencia bibliogr\u00e1fica<\/strong><br \/>\nFERN\u00c1NDEZ SOLDEVILLA, Gaizka (2013): \u00abEl precio de pasarse al enemigo. ETA, el nacionalismo vasco radical y la figura del traidor\u00bb, <em>Cuadernos de Historia Contempor\u00e1nea<\/em>, n\u00ba 35, pp. 89-110.<\/p>\n<p><a class=\"button blue  medium \" href=\"http:\/\/revistas.ucm.es\/index.php\/CHCO\/article\/view\/42650\/40529\" target=\"_blank\">Consultar PDF<\/a>[vc_empty_space height=&#8221;10&#8243;]<br \/>\n<strong>Resumen<\/strong><br \/>\nEn el presente art\u00edculo se examina cu\u00e1l ha sido la reacci\u00f3n de ETA y su entorno civil, la autodenominada \u201cizquierda <em>abertzale<\/em>\u201d, ante las disidencias individuales o colectivas que han juzgado como una traici\u00f3n a la patria vasca. En primer lugar, las escisiones obreristas de ETA (ETA <em>berri<\/em> y ETA VI Asamblea) en la dictadura franquista. En segundo t\u00e9rmino, la heterodoxia de <em>Euskadiko Ezkerra<\/em> durante la Transici\u00f3n y la disoluci\u00f3n a principios de los ochenta de un sector de ETA pol\u00edtico-militar. Tercero y \u00faltimo, los activistas de ETA militar que han colaborado con la polic\u00eda o han optado por la reinserci\u00f3n individual. De esta manera, se pretende comprender mejor la cultura pol\u00edtica del nacionalismo vasco radical.<br \/>\n[vc_empty_space height=&#8221;10&#8243;]<br \/>\n<strong>Abstract<\/strong><br \/>\nThis article focuses on the reactions of ETA and its civil environment \u2013the so-called \u201cpatriotic left\u201d- to dissident groups or individuals it labelled as traitors to the Basque Country: first, ETA\u2019s left-wing splits \u2013ETA berri and ETA VI- during the Dictatorship of General Franco. Second, the heterodoxy of <em>Euskadiko Ezkerra<\/em> in the process of Spain\u2019s Transition to democracy and the disintegration of ETA\u2019s politicalmilitary wing in the early 1980s. And finally, ETA\u2019s military wing activists who ended up collaborating with the police forces or assimilated themselves into society. In the end, this essay aims to reach a better understanding of the political culture of Basque radical nationalists.<br \/>\n[vc_empty_space height=&#8221;10&#8243;]<br \/>\n<strong>Autor<\/strong><br \/>\nGaizka Fern\u00e1ndez Soldevilla. <a title=\"Dialnet\" href=\"http:\/\/dialnet.unirioja.es\/servlet\/autor?codigo=2407724\" target=\"_blank\">P\u00e1gina del autor en Dialnet.<\/a><br \/>\n[vc_empty_space height=&#8221;10&#8243;]<br \/>\n<strong>Tipo de documento<\/strong><br \/>\nArt\u00edculo<br \/>\n[vc_empty_space height=&#8221;10&#8243;]<br \/>\n<a title=\"Enlace alternativo\" href=\"http:\/\/dialnet.unirioja.es\/servlet\/articulo?codigo=4501251\" target=\"_blank\"><strong>Enlace alternativo.<\/strong><\/a><br \/>\n[vc_empty_space height=&#8221;10&#8243;]<br \/>\n[\/vc_column_text][\/vc_column][\/vc_row]<\/p>\n<\/div>","protected":false},"excerpt":{"rendered":"<p>[vc_row][vc_column width=&#8221;1\/1&#8243;][vc_column_text][vc_empty_space height=&#8221;20&#8243;] Referencia bibliogr\u00e1fica FERN\u00c1NDEZ SOLDEVILLA, Gaizka (2013): \u00abEl precio de pasarse al enemigo. ETA, el nacionalismo vasco radical y la figura del traidor\u00bb, Cuadernos de Historia Contempor\u00e1nea, n\u00ba&hellip;<\/p>\n","protected":false},"author":2,"featured_media":0,"parent":0,"menu_order":0,"comment_status":"open","ping_status":"open","template":"","meta":{"om_disable_all_campaigns":false,"_monsterinsights_skip_tracking":false,"_monsterinsights_sitenote_active":false,"_monsterinsights_sitenote_note":"","_monsterinsights_sitenote_category":0,"_uf_show_specific_survey":0,"_uf_disable_surveys":false,"_vp_format_video_url":"","_vp_image_focal_point":[],"_vp_custom_popup_image":0,"_vp_format_audio_url":"","_vp_custom_thumbnail":0,"_vp_custom_thumbnail_focal_point":[],"_vp_hover_thumbnail":0,"_vp_hover_thumbnail_focal_point":[],"footnotes":""},"class_list":["post-5309","page","type-page","status-publish","hentry"],"aioseo_notices":[],"_links":{"self":[{"href":"https:\/\/www.arovite.com\/es\/wp-json\/wp\/v2\/pages\/5309","targetHints":{"allow":["GET"]}}],"collection":[{"href":"https:\/\/www.arovite.com\/es\/wp-json\/wp\/v2\/pages"}],"about":[{"href":"https:\/\/www.arovite.com\/es\/wp-json\/wp\/v2\/types\/page"}],"author":[{"embeddable":true,"href":"https:\/\/www.arovite.com\/es\/wp-json\/wp\/v2\/users\/2"}],"replies":[{"embeddable":true,"href":"https:\/\/www.arovite.com\/es\/wp-json\/wp\/v2\/comments?post=5309"}],"version-history":[{"count":1,"href":"https:\/\/www.arovite.com\/es\/wp-json\/wp\/v2\/pages\/5309\/revisions"}],"predecessor-version":[{"id":5310,"href":"https:\/\/www.arovite.com\/es\/wp-json\/wp\/v2\/pages\/5309\/revisions\/5310"}],"wp:attachment":[{"href":"https:\/\/www.arovite.com\/es\/wp-json\/wp\/v2\/media?parent=5309"}],"curies":[{"name":"wp","href":"https:\/\/api.w.org\/{rel}","templated":true}]}}