{"id":5296,"date":"2015-12-18T12:26:12","date_gmt":"2015-12-18T12:26:12","guid":{"rendered":"http:\/\/www.arovite.com\/?page_id=5296"},"modified":"2015-12-18T12:26:12","modified_gmt":"2015-12-18T12:26:12","slug":"fernandez-soldevilla-gaizka-2010c","status":"publish","type":"page","link":"https:\/\/www.arovite.com\/es\/fernandez-soldevilla-gaizka-2010c\/","title":{"rendered":"FERN\u00c1NDEZ SOLDEVILLA, Gaizka (2010)c"},"content":{"rendered":"<div class=\"wpb-content-wrapper\"><p>[vc_row][vc_column width=&#8221;1\/1&#8243;][vc_column_text][vc_empty_space height=&#8221;20&#8243;]<br \/>\n<strong>Referencia bibliogr\u00e1fica<\/strong><br \/>\nFERN\u00c1NDEZ SOLDEVILLA, Gaizka (2010): \u00ab<em>Agur<\/em> a las armas. EIA, Euskadiko Ezkerra y la disoluci\u00f3n de ETA pol\u00edtico-militar (1976-1985)\u00bb, <em>Sancho el Sabio<\/em>, n\u00ba 33, pp. 55-95.<\/p>\n<p><a class=\"button blue  medium \" href=\"http:\/\/dialnet.unirioja.es\/servlet\/articulo?codigo=3401994 \" target=\"_blank\">Consultar PDF<\/a>[vc_empty_space height=&#8221;10&#8243;]<br \/>\n<strong>Resumen<\/strong><br \/>\nETA pol\u00edtico-militar fue una de las organizaciones terroristas de ideolog\u00eda nacionalista vasca que actu\u00f3 durante la Transici\u00f3n. En 1977 cre\u00f3 un partido, EIA, y una coalici\u00f3n, Euskadiko Ezkerra. En 1981 ETApm declar\u00f3 una tregua. La organizaci\u00f3n se dividi\u00f3 en dos grupos. Gracias a la negociaci\u00f3n entre el partido EIA y el Gobierno de UCD, una de esas facciones se autodisolvi\u00f3 y sus militantes se reinsertaron en la sociedad; la otra acab\u00f3 integr\u00e1ndose en ETA militar o desapareciendo con el tiempo.<br \/>\n[vc_empty_space height=&#8221;10&#8243;]<br \/>\n<strong>Laburpena<\/strong><br \/>\nTrantsizioan jardun zuen euskal ideologia nazionalistako erakunde terroristetako bat izan zen ETA politiko-militarra. 1977an alderdi bat sortu zuen, EIA, eta koalizio bat, Euskadiko Ezkerra. 1981ean ETApm-k su-etena deklaratu zuen. Erakundea bi taldetan banatu zen. EIA alderdiaren eta UCDko Gobernuaren negoziazioari esker, fakzioetako bat berez desegin zen eta erakundeko militanteak gizarteratu egin ziren; beste fakzioa ETA militarra erakundean bildu zen, edo denborarekin desagertu.<br \/>\n[vc_empty_space height=&#8221;10&#8243;]<br \/>\n<strong>Abstract<\/strong><br \/>\nETA political-military was one of the Basque nationalist terrorist organisations active during Spain&#8217;s transition to democracy. In 1977 it created a political party, EIA, and a coalition, Euskadiko Ezkerra. In 1981 ETA(pm) declared a truce. The organisation split into two groups. Thanks to negotiations between EIA and the UCD-led government, one of the factions dissolved itself and its members were reintegrated back into society; members of the other faction either joined ETA military or disappeared over time.<br \/>\n[vc_empty_space height=&#8221;10&#8243;]<br \/>\n<strong>Autor<\/strong><br \/>\nGaizka Fern\u00e1ndez Soldevilla. <a title=\"Dialnet\" href=\"http:\/\/dialnet.unirioja.es\/servlet\/autor?codigo=2407724\" target=\"_blank\">P\u00e1gina del autor en Dialnet.<\/a><br \/>\n[vc_empty_space height=&#8221;10&#8243;]<br \/>\n<strong>Tipo de documento<\/strong><br \/>\nArt\u00edculo<br \/>\n[vc_empty_space height=&#8221;10&#8243;]<br \/>\n<a title=\"Enlace alternativo\" href=\"https:\/\/www.academia.edu\/1307021\/_Agur_a_las_armas._EIA_Euskadiko_Ezkerra_y_la_disoluci%C3%B3n_de_ETA_pol%C3%ADtico-militar_1976-1985_Sancho_el_Sabio_no_33_2010_pp._55-95\" target=\"_blank\"><strong>Enlace alternativo.<\/strong><\/a><br \/>\n[vc_empty_space height=&#8221;10&#8243;]<br \/>\n[\/vc_column_text][\/vc_column][\/vc_row]<\/p>\n<\/div>","protected":false},"excerpt":{"rendered":"<p>[vc_row][vc_column width=&#8221;1\/1&#8243;][vc_column_text][vc_empty_space height=&#8221;20&#8243;] Referencia bibliogr\u00e1fica FERN\u00c1NDEZ SOLDEVILLA, Gaizka (2010): \u00abAgur a las armas. EIA, Euskadiko Ezkerra y la disoluci\u00f3n de ETA pol\u00edtico-militar (1976-1985)\u00bb, Sancho el Sabio, n\u00ba 33, pp. 55-95.&hellip;<\/p>\n","protected":false},"author":2,"featured_media":0,"parent":0,"menu_order":0,"comment_status":"open","ping_status":"open","template":"","meta":{"om_disable_all_campaigns":false,"_monsterinsights_skip_tracking":false,"_monsterinsights_sitenote_active":false,"_monsterinsights_sitenote_note":"","_monsterinsights_sitenote_category":0,"_uf_show_specific_survey":0,"_uf_disable_surveys":false,"_vp_format_video_url":"","_vp_image_focal_point":[],"_vp_custom_popup_image":0,"_vp_format_audio_url":"","_vp_custom_thumbnail":0,"_vp_custom_thumbnail_focal_point":[],"_vp_hover_thumbnail":0,"_vp_hover_thumbnail_focal_point":[],"footnotes":""},"class_list":["post-5296","page","type-page","status-publish","hentry"],"aioseo_notices":[],"_links":{"self":[{"href":"https:\/\/www.arovite.com\/es\/wp-json\/wp\/v2\/pages\/5296","targetHints":{"allow":["GET"]}}],"collection":[{"href":"https:\/\/www.arovite.com\/es\/wp-json\/wp\/v2\/pages"}],"about":[{"href":"https:\/\/www.arovite.com\/es\/wp-json\/wp\/v2\/types\/page"}],"author":[{"embeddable":true,"href":"https:\/\/www.arovite.com\/es\/wp-json\/wp\/v2\/users\/2"}],"replies":[{"embeddable":true,"href":"https:\/\/www.arovite.com\/es\/wp-json\/wp\/v2\/comments?post=5296"}],"version-history":[{"count":1,"href":"https:\/\/www.arovite.com\/es\/wp-json\/wp\/v2\/pages\/5296\/revisions"}],"predecessor-version":[{"id":5298,"href":"https:\/\/www.arovite.com\/es\/wp-json\/wp\/v2\/pages\/5296\/revisions\/5298"}],"wp:attachment":[{"href":"https:\/\/www.arovite.com\/es\/wp-json\/wp\/v2\/media?parent=5296"}],"curies":[{"name":"wp","href":"https:\/\/api.w.org\/{rel}","templated":true}]}}