{"id":5288,"date":"2015-12-18T12:03:35","date_gmt":"2015-12-18T12:03:35","guid":{"rendered":"http:\/\/www.arovite.com\/?page_id=5288"},"modified":"2015-12-18T12:03:35","modified_gmt":"2015-12-18T12:03:35","slug":"fernandez-soldevilla-gaizka-2009b","status":"publish","type":"page","link":"https:\/\/www.arovite.com\/es\/fernandez-soldevilla-gaizka-2009b\/","title":{"rendered":"FERN\u00c1NDEZ SOLDEVILLA, Gaizka (2009)b"},"content":{"rendered":"<div class=\"wpb-content-wrapper\"><p>[vc_row][vc_column width=&#8221;1\/1&#8243;][vc_column_text][vc_empty_space height=&#8221;20&#8243;]<br \/>\n<strong>Referencia bibliogr\u00e1fica<\/strong><br \/>\nFERN\u00c1NDEZ SOLDEVILLA, Gaizka (2009): \u00abDe las armas al Parlamento. Los or\u00edgenes de Euskadiko Ezkerra (1976-1977)\u00bb, <em>Pasado y Memoria<\/em>, n\u00ba 8, pp. 245-265.<\/p>\n<p><a class=\"button blue  medium \" href=\"http:\/\/rua.ua.es\/dspace\/handle\/10045\/22231\" target=\"_blank\">Consultar PDF<\/a>[vc_empty_space height=&#8221;10&#8243;]<br \/>\n<strong>Resumen<\/strong><br \/>\nLa mayor\u00eda de los investigadores del nacionalismo vasco se han centrado en sus organizaciones m\u00e1s representativas (PNV y ETA), olvidando a otros grupos, como <em>Euskadiko Ezkerra<\/em> (Izquierda de Euskadi), cuya historia \u00abest\u00e1 por escribir\u00bb. EE apareci\u00f3 como candidatura en 1977 y hasta 1982 fue la plataforma electoral de EIA, <em>Euskal Iraultzarako Alderdia <\/em>(Partido para la Revoluci\u00f3n Vasca), el partido creado por ETApm (ETA pol\u00edtico-militar). En 1982 EIA convergi\u00f3 con el sector mayoritario del Partido Comunista de Euskadi para dar lugar a <em>Euskadiko Ezkerra<\/em>-Izquierda para el Socialismo, la mejor representaci\u00f3n de lo que el profesor Jos\u00e9 Luis de la Granja ha denominado \u00abnacionalismo vasco heterodoxo\u00bb (moderado, integrador y autonomista), cuyo antecedente fue Acci\u00f3n Nacionalista Vasca (ANV) durante los a\u00f1os 30 del siglo XX3. La existencia de EE termin\u00f3 en 1993 con su fusi\u00f3n con el Partido Socialista de Euskadi para formar el PSE-EE. El objetivo de este art\u00edculo es explicar la parte menos conocida de esta historia, esto es, los or\u00edgenes de <em>Euskadiko Ezkerra<\/em>.<br \/>\n[vc_empty_space height=&#8221;10&#8243;]<br \/>\n<strong>Autor<\/strong><br \/>\nGaizka Fern\u00e1ndez Soldevilla. <a title=\"Dialnet\" href=\"http:\/\/dialnet.unirioja.es\/servlet\/autor?codigo=2407724\" target=\"_blank\">P\u00e1gina del autor en Dialnet.<\/a><br \/>\n[vc_empty_space height=&#8221;10&#8243;]<br \/>\n<strong>Tipo de documento<\/strong><br \/>\nArt\u00edculo<br \/>\n[vc_empty_space height=&#8221;10&#8243;]<br \/>\n<a title=\"Enlace alternativo\" href=\"http:\/\/dialnet.unirioja.es\/servlet\/articulo?codigo=3428059\" target=\"_blank\"><strong>Enlace alternativo.<\/strong><\/a><br \/>\n[vc_empty_space height=&#8221;10&#8243;][\/vc_column_text][\/vc_column][\/vc_row]<\/p>\n<\/div>","protected":false},"excerpt":{"rendered":"<p>[vc_row][vc_column width=&#8221;1\/1&#8243;][vc_column_text][vc_empty_space height=&#8221;20&#8243;] Referencia bibliogr\u00e1fica FERN\u00c1NDEZ SOLDEVILLA, Gaizka (2009): \u00abDe las armas al Parlamento. Los or\u00edgenes de Euskadiko Ezkerra (1976-1977)\u00bb, Pasado y Memoria, n\u00ba 8, pp. 245-265. Consultar PDF[vc_empty_space height=&#8221;10&#8243;]&hellip;<\/p>\n","protected":false},"author":2,"featured_media":0,"parent":0,"menu_order":0,"comment_status":"open","ping_status":"open","template":"","meta":{"om_disable_all_campaigns":false,"_monsterinsights_skip_tracking":false,"_monsterinsights_sitenote_active":false,"_monsterinsights_sitenote_note":"","_monsterinsights_sitenote_category":0,"_uf_show_specific_survey":0,"_uf_disable_surveys":false,"_vp_format_video_url":"","_vp_image_focal_point":[],"_vp_custom_popup_image":0,"_vp_format_audio_url":"","_vp_custom_thumbnail":0,"_vp_custom_thumbnail_focal_point":[],"_vp_hover_thumbnail":0,"_vp_hover_thumbnail_focal_point":[],"footnotes":""},"class_list":["post-5288","page","type-page","status-publish","hentry"],"aioseo_notices":[],"_links":{"self":[{"href":"https:\/\/www.arovite.com\/es\/wp-json\/wp\/v2\/pages\/5288","targetHints":{"allow":["GET"]}}],"collection":[{"href":"https:\/\/www.arovite.com\/es\/wp-json\/wp\/v2\/pages"}],"about":[{"href":"https:\/\/www.arovite.com\/es\/wp-json\/wp\/v2\/types\/page"}],"author":[{"embeddable":true,"href":"https:\/\/www.arovite.com\/es\/wp-json\/wp\/v2\/users\/2"}],"replies":[{"embeddable":true,"href":"https:\/\/www.arovite.com\/es\/wp-json\/wp\/v2\/comments?post=5288"}],"version-history":[{"count":2,"href":"https:\/\/www.arovite.com\/es\/wp-json\/wp\/v2\/pages\/5288\/revisions"}],"predecessor-version":[{"id":5642,"href":"https:\/\/www.arovite.com\/es\/wp-json\/wp\/v2\/pages\/5288\/revisions\/5642"}],"wp:attachment":[{"href":"https:\/\/www.arovite.com\/es\/wp-json\/wp\/v2\/media?parent=5288"}],"curies":[{"name":"wp","href":"https:\/\/api.w.org\/{rel}","templated":true}]}}