{"id":5280,"date":"2015-12-18T11:49:34","date_gmt":"2015-12-18T11:49:34","guid":{"rendered":"http:\/\/www.arovite.com\/?page_id=5280"},"modified":"2015-12-18T11:49:34","modified_gmt":"2015-12-18T11:49:34","slug":"fernandez-de-casadevante-carlos-2009-2","status":"publish","type":"page","link":"https:\/\/www.arovite.com\/es\/fernandez-de-casadevante-carlos-2009-2\/","title":{"rendered":"FERN\u00c1NDEZ DE CASADEVANTE, Carlos (2009)"},"content":{"rendered":"<div class=\"wpb-content-wrapper\"><p>[vc_row][vc_column width=&#8221;1\/1&#8243;][vc_column_text][vc_empty_space height=&#8221;20&#8243;]<br \/>\n<strong>Referencia bibliogr\u00e1fica<\/strong><br \/>\nFERN\u00c1NDEZ DE CASADEVANTE, Carlos (2009): \u00abVictimarios vascos y su ilegalizaci\u00f3n por el Tribunal Europeo de Derechos Humanos: la victoria de la democracia\u00bb, <em>Eguzkilore<\/em>, n\u00ba 23, pp. 31-43.<\/p>\n<p><a class=\"button blue  medium \" href=\"http:\/\/www.ehu.eus\/documents\/1736829\/2176697\/05-Fernandez.indd.pdf\" target=\"_blank\">Consultar PDF<\/a>[vc_empty_space height=&#8221;10&#8243;]<br \/>\n<strong>Resumen<\/strong><br \/>\nLa Sentencia del Tribunal Europeo de Derechos Humanos (en adelante TEDH), de 30 de junio de 2009, declarando la conformidad con el Convenio europeo de derechos humanos, de 4 de noviembre de 1950, de la ilegalizaci\u00f3n por los tribunales espa\u00f1oles de partidos pol\u00edticos que, constitu\u00edan desde sus or\u00edgenes la rama pol\u00edtica de la organizaci\u00f3n terrorista ETA constituye, sin duda, una magn\u00edfica noticia y pone punto final a una situaci\u00f3n altamente perjudicial para la democracia espa\u00f1ola y, en particular, para la democracia y la ciudadan\u00eda del Pa\u00eds Vasco. Sobre todo, porque durante muchos a\u00f1os en la democracia espa\u00f1ola ha sido posible que personas que apoyaban, amparaban e incluso \u2013algunas\u2013 colaboraban en la acci\u00f3n terrorista de ETA, ocupaban \u2013al mismo tiempo\u2013 esca\u00f1os en las diferentes instituciones vascas. Desde los mismos, se legitimaba la acci\u00f3n terrorista, se deslegitimaba la democracia y, tambi\u00e9n en ocasiones, se financiaba a la organizaci\u00f3n terrorista. Como puede apreciarse, un panorama esperp\u00e9ntico \u2013sino tr\u00e1gico\u2013 y \u00fanico en toda la Uni\u00f3n Europea que caracterizaba la vida diaria en el Pa\u00eds Vasco.<br \/>\n[vc_empty_space height=&#8221;10&#8243;]<br \/>\n<strong>Autor<\/strong><br \/>\nCarlos Fern\u00e1ndez de Casadevante. <a title=\"Dialnet\" href=\"http:\/\/dialnet.unirioja.es\/servlet\/autor?codigo=266379\" target=\"_blank\">P\u00e1gina del autor en Dialnet.<\/a><br \/>\n[vc_empty_space height=&#8221;10&#8243;]<br \/>\n<strong>Tipo de documento<\/strong><br \/>\nArt\u00edculo<br \/>\n[vc_empty_space height=&#8221;10&#8243;]<br \/>\n<a title=\"Enlace alternativo\" href=\"http:\/\/dialnet.unirioja.es\/servlet\/articulo?codigo=3343330\" target=\"_blank\"><strong>Enlace alternativo.<\/strong><\/a><br \/>\n[vc_empty_space height=&#8221;10&#8243;][\/vc_column_text][\/vc_column][\/vc_row]<\/p>\n<\/div>","protected":false},"excerpt":{"rendered":"<p>[vc_row][vc_column width=&#8221;1\/1&#8243;][vc_column_text][vc_empty_space height=&#8221;20&#8243;] Referencia bibliogr\u00e1fica FERN\u00c1NDEZ DE CASADEVANTE, Carlos (2009): \u00abVictimarios vascos y su ilegalizaci\u00f3n por el Tribunal Europeo de Derechos Humanos: la victoria de la democracia\u00bb, Eguzkilore, n\u00ba 23,&hellip;<\/p>\n","protected":false},"author":2,"featured_media":0,"parent":0,"menu_order":0,"comment_status":"open","ping_status":"open","template":"","meta":{"om_disable_all_campaigns":false,"_monsterinsights_skip_tracking":false,"_monsterinsights_sitenote_active":false,"_monsterinsights_sitenote_note":"","_monsterinsights_sitenote_category":0,"_uf_show_specific_survey":0,"_uf_disable_surveys":false,"_vp_format_video_url":"","_vp_image_focal_point":[],"_vp_custom_popup_image":0,"_vp_format_audio_url":"","_vp_custom_thumbnail":0,"_vp_custom_thumbnail_focal_point":[],"_vp_hover_thumbnail":0,"_vp_hover_thumbnail_focal_point":[],"footnotes":""},"class_list":["post-5280","page","type-page","status-publish","hentry"],"aioseo_notices":[],"_links":{"self":[{"href":"https:\/\/www.arovite.com\/es\/wp-json\/wp\/v2\/pages\/5280","targetHints":{"allow":["GET"]}}],"collection":[{"href":"https:\/\/www.arovite.com\/es\/wp-json\/wp\/v2\/pages"}],"about":[{"href":"https:\/\/www.arovite.com\/es\/wp-json\/wp\/v2\/types\/page"}],"author":[{"embeddable":true,"href":"https:\/\/www.arovite.com\/es\/wp-json\/wp\/v2\/users\/2"}],"replies":[{"embeddable":true,"href":"https:\/\/www.arovite.com\/es\/wp-json\/wp\/v2\/comments?post=5280"}],"version-history":[{"count":1,"href":"https:\/\/www.arovite.com\/es\/wp-json\/wp\/v2\/pages\/5280\/revisions"}],"predecessor-version":[{"id":5281,"href":"https:\/\/www.arovite.com\/es\/wp-json\/wp\/v2\/pages\/5280\/revisions\/5281"}],"wp:attachment":[{"href":"https:\/\/www.arovite.com\/es\/wp-json\/wp\/v2\/media?parent=5280"}],"curies":[{"name":"wp","href":"https:\/\/api.w.org\/{rel}","templated":true}]}}