{"id":5278,"date":"2015-12-18T11:48:04","date_gmt":"2015-12-18T11:48:04","guid":{"rendered":"http:\/\/www.arovite.com\/?page_id=5278"},"modified":"2015-12-18T11:48:04","modified_gmt":"2015-12-18T11:48:04","slug":"fernandez-de-casadevante-carlos-2009","status":"publish","type":"page","link":"https:\/\/www.arovite.com\/es\/fernandez-de-casadevante-carlos-2009\/","title":{"rendered":"FERN\u00c1NDEZ DE CASADEVANTE, Carlos (2009)"},"content":{"rendered":"<div class=\"wpb-content-wrapper\"><p>[vc_row][vc_column width=&#8221;1\/1&#8243;][vc_column_text][vc_empty_space height=&#8221;20&#8243;]<br \/>\n<strong>Referencia bibliogr\u00e1fica<\/strong><br \/>\nFERN\u00c1NDEZ DE CASADEVANTE, Carlos (2009): \u00abLas v\u00edctimas y el derecho internacional\u00bb, <em>Anuario Espa\u00f1ol de Derecho Internacional<\/em>, n\u00ba 25, pp. 3-66.<\/p>\n<p><a class=\"button blue  medium \" href=\"http:\/\/dadun.unav.edu\/bitstream\/10171\/21360\/1\/ADI_XXV_2009_01.pdf\" target=\"_blank\">Consultar PDF<\/a>[vc_empty_space height=&#8221;10&#8243;]<br \/>\n<strong>Resumen<\/strong><br \/>\n1. A modo de introducci\u00f3n: la aproximaci\u00f3n del Derecho Internacional a las v\u00edctimas. 2. Las normas internacionales relativas a las v\u00edctimas. 2.1. Normas internacionales de \u00e1mbito general o universal: ONU. 2.2. Normas internacionales de \u00e1mbito regional, a) Europa: el Consejo de Europa y la Uni\u00f3n Europea, b) Am\u00e9rica: la Organizaci\u00f3n de Estados Americanos. II. EL CONCEPTO INTERNACIONAL DE V\u00cdCTIMA. 1. Tantos conceptos como categor\u00edas de v\u00edctimas. 2. Las distintas categor\u00edas internacionales de v\u00edctimas. 2.1. Las v\u00edctimas de delitos, a) El marco general de las Naciones Unidas, b) El marco regional del Consejo de Europa y de la Uni\u00f3n Europea. 2.2. Las v\u00edctimas del abuso de poder. 2.3. Las v\u00edctimas de violaciones manifiestas de las normas internacionales de derechos humanos y de violaciones graves del Derecho Internacional Humanitario. 2.4. Las v\u00edctimas de desapariciones forzadas, a) El marco general de las Naciones Unidas, b) El marco regional americano. 2.5. Las v\u00edctimas de violaciones del Derecho Internacional Penal, a) La Corte Penal internacional, b) Los Tribunales Penales Internacionales para la ex-Yugoslavia y para Ruanda. 2.6. Las v\u00edctimas del terrorismo, a) El concepto de v\u00edctima del terrorismo, b) Una cuesti\u00f3n previa: el concepto de terrorismo, c) Existen elementos suficientes para poder construir un concepto de terrorismo, d) La inexistencia de un concepto de &#8220;v\u00edctima del terrorismo&#8221;: propuestas. III. CONCLUSIONES.<br \/>\n[vc_empty_space height=&#8221;10&#8243;]<br \/>\n<strong>Autor<\/strong><br \/>\nCarlos Fern\u00e1ndez de Casadevante. <a title=\"Dialnet\" href=\"http:\/\/dialnet.unirioja.es\/servlet\/autor?codigo=266379\" target=\"_blank\">P\u00e1gina del autor en Dialnet.<\/a><br \/>\n[vc_empty_space height=&#8221;10&#8243;]<br \/>\n<strong>Tipo de documento<\/strong><br \/>\nArt\u00edculo<br \/>\n[vc_empty_space height=&#8221;10&#8243;]<br \/>\n<a title=\"Enlace alternativo\" href=\"http:\/\/dialnet.unirioja.es\/servlet\/articulo?codigo=3141092\" target=\"_blank\"><strong>Enlace alternativo.<\/strong><\/a><br \/>\n[vc_empty_space height=&#8221;10&#8243;][\/vc_column_text][\/vc_column][\/vc_row]<\/p>\n<\/div>","protected":false},"excerpt":{"rendered":"<p>[vc_row][vc_column width=&#8221;1\/1&#8243;][vc_column_text][vc_empty_space height=&#8221;20&#8243;] Referencia bibliogr\u00e1fica FERN\u00c1NDEZ DE CASADEVANTE, Carlos (2009): \u00abLas v\u00edctimas y el derecho internacional\u00bb, Anuario Espa\u00f1ol de Derecho Internacional, n\u00ba 25, pp. 3-66. Consultar PDF[vc_empty_space height=&#8221;10&#8243;] Resumen 1.&hellip;<\/p>\n","protected":false},"author":2,"featured_media":0,"parent":0,"menu_order":0,"comment_status":"open","ping_status":"open","template":"","meta":{"om_disable_all_campaigns":false,"_monsterinsights_skip_tracking":false,"_monsterinsights_sitenote_active":false,"_monsterinsights_sitenote_note":"","_monsterinsights_sitenote_category":0,"_uf_show_specific_survey":0,"_uf_disable_surveys":false,"_vp_format_video_url":"","_vp_image_focal_point":[],"_vp_custom_popup_image":0,"_vp_format_audio_url":"","_vp_custom_thumbnail":0,"_vp_custom_thumbnail_focal_point":[],"_vp_hover_thumbnail":0,"_vp_hover_thumbnail_focal_point":[],"footnotes":""},"class_list":["post-5278","page","type-page","status-publish","hentry"],"aioseo_notices":[],"_links":{"self":[{"href":"https:\/\/www.arovite.com\/es\/wp-json\/wp\/v2\/pages\/5278","targetHints":{"allow":["GET"]}}],"collection":[{"href":"https:\/\/www.arovite.com\/es\/wp-json\/wp\/v2\/pages"}],"about":[{"href":"https:\/\/www.arovite.com\/es\/wp-json\/wp\/v2\/types\/page"}],"author":[{"embeddable":true,"href":"https:\/\/www.arovite.com\/es\/wp-json\/wp\/v2\/users\/2"}],"replies":[{"embeddable":true,"href":"https:\/\/www.arovite.com\/es\/wp-json\/wp\/v2\/comments?post=5278"}],"version-history":[{"count":1,"href":"https:\/\/www.arovite.com\/es\/wp-json\/wp\/v2\/pages\/5278\/revisions"}],"predecessor-version":[{"id":5279,"href":"https:\/\/www.arovite.com\/es\/wp-json\/wp\/v2\/pages\/5278\/revisions\/5279"}],"wp:attachment":[{"href":"https:\/\/www.arovite.com\/es\/wp-json\/wp\/v2\/media?parent=5278"}],"curies":[{"name":"wp","href":"https:\/\/api.w.org\/{rel}","templated":true}]}}