{"id":5274,"date":"2015-12-18T11:42:47","date_gmt":"2015-12-18T11:42:47","guid":{"rendered":"http:\/\/www.arovite.com\/?page_id=5274"},"modified":"2015-12-18T11:42:47","modified_gmt":"2015-12-18T11:42:47","slug":"ezkerra-inaki-2007","status":"publish","type":"page","link":"https:\/\/www.arovite.com\/es\/ezkerra-inaki-2007\/","title":{"rendered":"EZKERRA, I\u00f1aki (2007)"},"content":{"rendered":"<div class=\"wpb-content-wrapper\"><p>[vc_row][vc_column width=&#8221;1\/1&#8243;][vc_column_text][vc_empty_space height=&#8221;20&#8243;]<br \/>\n<strong>Referencia bibliogr\u00e1fica<\/strong><br \/>\nEZKERRA, I\u00f1aki (2007): \u00abEl movimiento c\u00edvico del Pa\u00eds Vasco\u00bb, <em>Cuadernos de Pensamiento Pol\u00edtico FAES<\/em>, n\u00ba 15, pp. 35-50.<\/p>\n<p><a class=\"button blue  medium \" href=\"http:\/\/www.fundacionfaes.org\/file_upload\/publication\/pdf\/20130423181754el-movimiento-civico-del-pais-vasco.pdf\" target=\"_blank\">Consultar PDF<\/a>[vc_empty_space height=&#8221;10&#8243;]<br \/>\n<strong>Resumen<\/strong><br \/>\nLo que en el Pa\u00eds Vasco se dio en llamar \u201cel Movimiento C\u00edvico\u201d y constituye todav\u00eda un n\u00facleo social de resistencia ideol\u00f3gica frente al nacionalismo tiene una fecha concreta de nacimiento: el 13 de febrero de 1998. Fecha que es tambi\u00e9n la del nacimiento del Foro Ermua. Hasta ese momento las iniciativas sociales que hab\u00edan ido surgiendo en Euskadi al margen de los partidos pol\u00edticos no lo eran en oposici\u00f3n al nacionalismo sino \u00fanicamente al terrorismo. El surgimiento del Foro Ermua, siete meses despu\u00e9s del asesinato de Miguel \u00c1ngel Blanco y de las jornadas de julio de 1997, traza, de este modo, una n\u00edtida e inequ\u00edvoca l\u00ednea de separaci\u00f3n entre el Movimiento C\u00edvico y el Movimiento Pacifista, que es lo que hab\u00eda habido hasta entonces, que ven\u00eda de la d\u00e9cada de los ochenta y que hab\u00eda tomado su m\u00e1ximo impulso con las plataformas y movilizaciones que se organizaron contra los secuestros de los empresarios Julio Iglesias Zamora y Jos\u00e9 Mar\u00eda Aldaya, en las que participaron personalidades de la sociedad civil, algunas de ellas pr\u00f3ximas al nacionalismo y otras al menos no abiertamente enfrentadas en su discurso a \u00e9ste (Eduardo Chillida, Juan Carlos Eguillor, Xavier Gere\u00f1o, Jos\u00e9 Luis Lizundia, Luciano Rinc\u00f3n y hasta alg\u00fan futbolista del Athletic o de la Real Sociedad al que ser\u00eda hoy imposible reclutar para el Foro Ermua o el \u00a1Basta Ya!) as\u00ed como una reducida serie de colectivos encabezados por Gesto por la Paz, pionero de todos ellos.<br \/>\n[vc_empty_space height=&#8221;10&#8243;]<br \/>\n<strong>Autor<\/strong><br \/>\nI\u00f1aki Ezkerra. <a title=\"Dialnet\" href=\"http:\/\/dialnet.unirioja.es\/servlet\/autor?codigo=317437\" target=\"_blank\">P\u00e1gina del autor en Dialnet.<\/a><br \/>\n[vc_empty_space height=&#8221;10&#8243;]<br \/>\n<strong>Tipo de documento<\/strong><br \/>\nArt\u00edculo<br \/>\n[vc_empty_space height=&#8221;10&#8243;]<br \/>\n[\/vc_column_text][\/vc_column][\/vc_row]<\/p>\n<\/div>","protected":false},"excerpt":{"rendered":"<p>[vc_row][vc_column width=&#8221;1\/1&#8243;][vc_column_text][vc_empty_space height=&#8221;20&#8243;] Referencia bibliogr\u00e1fica EZKERRA, I\u00f1aki (2007): \u00abEl movimiento c\u00edvico del Pa\u00eds Vasco\u00bb, Cuadernos de Pensamiento Pol\u00edtico FAES, n\u00ba 15, pp. 35-50. Consultar PDF[vc_empty_space height=&#8221;10&#8243;] Resumen Lo que en&hellip;<\/p>\n","protected":false},"author":2,"featured_media":0,"parent":0,"menu_order":0,"comment_status":"open","ping_status":"open","template":"","meta":{"om_disable_all_campaigns":false,"_monsterinsights_skip_tracking":false,"_monsterinsights_sitenote_active":false,"_monsterinsights_sitenote_note":"","_monsterinsights_sitenote_category":0,"_uf_show_specific_survey":0,"_uf_disable_surveys":false,"_vp_format_video_url":"","_vp_image_focal_point":[],"_vp_custom_popup_image":0,"_vp_format_audio_url":"","_vp_custom_thumbnail":0,"_vp_custom_thumbnail_focal_point":[],"_vp_hover_thumbnail":0,"_vp_hover_thumbnail_focal_point":[],"footnotes":""},"class_list":["post-5274","page","type-page","status-publish","hentry"],"aioseo_notices":[],"_links":{"self":[{"href":"https:\/\/www.arovite.com\/es\/wp-json\/wp\/v2\/pages\/5274","targetHints":{"allow":["GET"]}}],"collection":[{"href":"https:\/\/www.arovite.com\/es\/wp-json\/wp\/v2\/pages"}],"about":[{"href":"https:\/\/www.arovite.com\/es\/wp-json\/wp\/v2\/types\/page"}],"author":[{"embeddable":true,"href":"https:\/\/www.arovite.com\/es\/wp-json\/wp\/v2\/users\/2"}],"replies":[{"embeddable":true,"href":"https:\/\/www.arovite.com\/es\/wp-json\/wp\/v2\/comments?post=5274"}],"version-history":[{"count":1,"href":"https:\/\/www.arovite.com\/es\/wp-json\/wp\/v2\/pages\/5274\/revisions"}],"predecessor-version":[{"id":5275,"href":"https:\/\/www.arovite.com\/es\/wp-json\/wp\/v2\/pages\/5274\/revisions\/5275"}],"wp:attachment":[{"href":"https:\/\/www.arovite.com\/es\/wp-json\/wp\/v2\/media?parent=5274"}],"curies":[{"name":"wp","href":"https:\/\/api.w.org\/{rel}","templated":true}]}}