{"id":5261,"date":"2015-12-18T11:29:53","date_gmt":"2015-12-18T11:29:53","guid":{"rendered":"http:\/\/www.arovite.com\/?page_id=5261"},"modified":"2015-12-18T11:29:53","modified_gmt":"2015-12-18T11:29:53","slug":"etxeberria-xabier-2014","status":"publish","type":"page","link":"https:\/\/www.arovite.com\/es\/etxeberria-xabier-2014\/","title":{"rendered":"ETXEBERRIA, Xabier (2014)"},"content":{"rendered":"<div class=\"wpb-content-wrapper\"><p>[vc_row][vc_column width=&#8221;1\/1&#8243;][vc_column_text][vc_empty_space height=&#8221;20&#8243;]<br \/>\n<strong>Referencia bibliogr\u00e1fica<\/strong><br \/>\nETXEBERRIA, Xabier (2014): \u00abLa reconciliaci\u00f3n c\u00edvica como mediaci\u00f3n entre el tiempo del conflicto armado y la conflictividad democr\u00e1tica\u00bb, <em>Revista Colombiana de Bio\u00e9tica<\/em>, vol. 9, n\u00ba 2, pp. 11-26.<\/p>\n<p><a class=\"button blue  medium \" href=\"http:\/\/www.redalyc.org\/pdf\/1892\/189233271003.pdf\" target=\"_blank\">Consultar PDF<\/a>[vc_empty_space height=&#8221;10&#8243;]<br \/>\n<strong>Resumen<\/strong><br \/>\nDiversas categor\u00edas sustentan una pretensi\u00f3n: los procesos de transici\u00f3n pol\u00edtica de la violencia a la paz deben tener la m\u00e1xima calidad moral posible. Aqu\u00ed, teniendo como fondo las transiciones colombiana y espa\u00f1ola, se explora la pertinencia de una de ellas, la reconciliaci\u00f3n. Se comienza describiendo lo que en s\u00ed implica la reconciliaci\u00f3n c\u00edvica: afrontamiento de la ruptura social existente; asunci\u00f3n de una memoria de capacidad reconciliadora en sus expresi\u00f3n intersubjetiva entre v\u00edctimas y victimarios y en su alcance social general; realizaci\u00f3n de ella en procesos asim\u00e9tricos de perpetradores y v\u00edctimas; imbricaci\u00f3n con la justicia, para que se evite la impunidad, pero en su modalidad restaurativa, para que sea reconciliadora; apertura a una reconciliaci\u00f3n sentimental. En una segunda parte, se sit\u00faa el ideal en los duros contextos de violencia, para propugnar una reconciliaci\u00f3n transicional que propugne pautas diversas en torno a: la intenci\u00f3n de autenticidad en los agentes pol\u00edticos y sociales, los sujetos de la reconciliaci\u00f3n, las conexiones con la justicia transicional, la inserci\u00f3n en la vida democr\u00e1tica. Se concluye defendiendo la pertinencia de esta reconciliaci\u00f3n, pues aun cuando su alcance material sea peque\u00f1o, su alcance simb\u00f3lico puede ser relevante.<br \/>\n[vc_empty_space height=&#8221;10&#8243;]<br \/>\n<strong>Abstract<\/strong><br \/>\nIn order to confer the maximum possible moral quality to the processes of transition from violence to peace one can resort to different constructs. In this paper we explore the relevance of one such construct, reconciliation, against the backdrop of the Colombian and Spanish transitions. We first describe what civic reconciliation entails: Dealing with the existing social fracture; taking ownership of a memory which can be open to reconciliation, in its ability to reconcile the perspectives of victims and perpetrators and in its general social scope; its enactment through asymmetric processes of victims and perpetrators; an interlock with justice to avert impunity, but in a restorative sense to foster reconciliation; openness to a sentimental reconciliation. In the second section we propose the ideal of reconciliation within the harsh context of violence. We advocate for a transitional reconciliation for which we propose separate guidelines regarding: the intention of authenticity of the social and political actors, the subjects of reconciliation, the connections with transitional justice, and the insertion in democratic life. We conclude with a defence of the pertinence of this kind of reconciliation, because even when its material reach may be small, its symbolic reach can be relevant.<br \/>\n[vc_empty_space height=&#8221;10&#8243;]<br \/>\n<strong>Autor<\/strong><br \/>\nXabier Etxeberria. <a title=\"Dialnet\" href=\"http:\/\/dialnet.unirioja.es\/servlet\/autor?codigo=553761\" target=\"_blank\">P\u00e1gina del autor en Dialnet.<\/a><br \/>\n[vc_empty_space height=&#8221;10&#8243;]<br \/>\n<strong>Tipo de documento<\/strong><br \/>\nArt\u00edculo<br \/>\n[vc_empty_space height=&#8221;10&#8243;]<br \/>\n[\/vc_column_text][\/vc_column][\/vc_row]<\/p>\n<\/div>","protected":false},"excerpt":{"rendered":"<p>[vc_row][vc_column width=&#8221;1\/1&#8243;][vc_column_text][vc_empty_space height=&#8221;20&#8243;] Referencia bibliogr\u00e1fica ETXEBERRIA, Xabier (2014): \u00abLa reconciliaci\u00f3n c\u00edvica como mediaci\u00f3n entre el tiempo del conflicto armado y la conflictividad democr\u00e1tica\u00bb, Revista Colombiana de Bio\u00e9tica, vol. 9, n\u00ba&hellip;<\/p>\n","protected":false},"author":2,"featured_media":0,"parent":0,"menu_order":0,"comment_status":"open","ping_status":"open","template":"","meta":{"om_disable_all_campaigns":false,"_monsterinsights_skip_tracking":false,"_monsterinsights_sitenote_active":false,"_monsterinsights_sitenote_note":"","_monsterinsights_sitenote_category":0,"_uf_show_specific_survey":0,"_uf_disable_surveys":false,"_vp_format_video_url":"","_vp_image_focal_point":[],"_vp_custom_popup_image":0,"_vp_format_audio_url":"","_vp_custom_thumbnail":0,"_vp_custom_thumbnail_focal_point":[],"_vp_hover_thumbnail":0,"_vp_hover_thumbnail_focal_point":[],"footnotes":""},"class_list":["post-5261","page","type-page","status-publish","hentry"],"aioseo_notices":[],"_links":{"self":[{"href":"https:\/\/www.arovite.com\/es\/wp-json\/wp\/v2\/pages\/5261","targetHints":{"allow":["GET"]}}],"collection":[{"href":"https:\/\/www.arovite.com\/es\/wp-json\/wp\/v2\/pages"}],"about":[{"href":"https:\/\/www.arovite.com\/es\/wp-json\/wp\/v2\/types\/page"}],"author":[{"embeddable":true,"href":"https:\/\/www.arovite.com\/es\/wp-json\/wp\/v2\/users\/2"}],"replies":[{"embeddable":true,"href":"https:\/\/www.arovite.com\/es\/wp-json\/wp\/v2\/comments?post=5261"}],"version-history":[{"count":1,"href":"https:\/\/www.arovite.com\/es\/wp-json\/wp\/v2\/pages\/5261\/revisions"}],"predecessor-version":[{"id":5262,"href":"https:\/\/www.arovite.com\/es\/wp-json\/wp\/v2\/pages\/5261\/revisions\/5262"}],"wp:attachment":[{"href":"https:\/\/www.arovite.com\/es\/wp-json\/wp\/v2\/media?parent=5261"}],"curies":[{"name":"wp","href":"https:\/\/api.w.org\/{rel}","templated":true}]}}