{"id":5228,"date":"2015-12-18T10:32:58","date_gmt":"2015-12-18T10:32:58","guid":{"rendered":"http:\/\/www.arovite.com\/?page_id=5228"},"modified":"2015-12-18T10:32:58","modified_gmt":"2015-12-18T10:32:58","slug":"dominguez-florencio-2009","status":"publish","type":"page","link":"https:\/\/www.arovite.com\/es\/dominguez-florencio-2009\/","title":{"rendered":"DOM\u00cdNGUEZ, Florencio (2009)"},"content":{"rendered":"<div class=\"wpb-content-wrapper\"><p>[vc_row][vc_column width=&#8221;1\/1&#8243;][vc_column_text][vc_empty_space height=&#8221;20&#8243;]<br \/>\n<strong>Referencia bibliogr\u00e1fica<\/strong><br \/>\nDOM\u00cdNGUEZ, Florencio (2009): \u00abDemocracia y terrorismo: Hacia el fin de ETA\u00bb, en CIUDADAN\u00cdA Y LIBERTAD (ed.): <em>El discurso del cambio en el Pa\u00eds Vasco<\/em>. Vitoria-Gasteiz: Ciudadan\u00eda y Libertad, pp. 111-120.<\/p>\n<p><a class=\"button blue  medium \" href=\"http:\/\/www.arovite.com\/documentos\/2009_Dominguez.pdf\" target=\"_blank\">Consultar PDF<\/a>[vc_empty_space height=&#8221;10&#8243;]<br \/>\n<strong>Resumen<\/strong><br \/>\nETA fue creada en 1958 con el objetivo de conseguir la independencia para el territorio formado por el Pa\u00eds Vasco y Navarra. Poco despu\u00e9s la violencia se convirti\u00f3 en su principal instrumento de actuaci\u00f3n p\u00fablica. Parad\u00f3jicamente sus actividades violentas se multiplicaron exponencialmente despu\u00e9s de la muerte del General Franco y del establecimiento de la democracia en Espa\u00f1a. Entre 1958 y 1977 \u2013 fecha de celebraci\u00f3n de las primeras elecciones democr\u00e1ticas, ETA asesin\u00f3 a 75 personas. Entre 1978 y la actualidad ETA ha asesinado a 785 personas. Desde el comienzo de la democracia, ETA cont\u00f3 con un brazo pol\u00edtico llamado primero Herri Batasuna y despu\u00e9s Batasuna. Durante casi veinticinco a\u00f1os este partido funcion\u00f3 en la legalidad, en las mismas condiciones que el resto de partidos democr\u00e1ticos. Batasuna fue ilegalizada en 2003. A pesar de su propaganda insistiendo en la necesidad de buscar soluciones negociadas, ETA siempre las ha rechazado. Todos los gobiernos espa\u00f1oles desde 1977 a 2007, con independencia de su signo pol\u00edtico, han intentado lograr el final de la violencia a trav\u00e9s de conversaciones con ETA, pero todas las tentativas han fallado. A mediados de los 90 ETA dise\u00f1\u00f3 una estrategia terrorista para atentar contra todos aquellos representantes pol\u00edticos y sociales que se mostraran contrarios a la independencia para el Pa\u00eds Vasco, y as\u00ed dejar a estos grupos sin voz. ETA todav\u00eda representa una amenaza seria en el Pa\u00eds Vasco y en el resto de Espa\u00f1a. ETA es la fuente principal de violaciones de derechos fundamentales, desde el derecho a la vida, a la libertad de expresi\u00f3n, de asociaci\u00f3n o de participaci\u00f3n en la vida p\u00fablica.<br \/>\n[vc_empty_space height=&#8221;10&#8243;]<br \/>\n<strong>Autor<\/strong><br \/>\nFlorencio Dom\u00ednguez Iribarren. <a title=\"Dialnet\" href=\"http:\/\/dialnet.unirioja.es\/servlet\/autor?codigo=1111029\" target=\"_blank\">P\u00e1gina del autor en Dialnet.<\/a><br \/>\n[vc_empty_space height=&#8221;10&#8243;]<br \/>\n<strong>Tipo de documento<\/strong><br \/>\nCap\u00edtulo de libro<br \/>\n[vc_empty_space height=&#8221;10&#8243;]<br \/>\n<a title=\"Enlace alternativo\" href=\"http:\/\/paralalibertad.org\/wp-content\/uploads\/LibroDiscursocambio.pdf\" target=\"_blank\"><strong>Enlace alternativo.<\/strong><\/a><br \/>\n[vc_empty_space height=&#8221;10&#8243;][\/vc_column_text][\/vc_column][\/vc_row]<\/p>\n<\/div>","protected":false},"excerpt":{"rendered":"<p>[vc_row][vc_column width=&#8221;1\/1&#8243;][vc_column_text][vc_empty_space height=&#8221;20&#8243;] Referencia bibliogr\u00e1fica DOM\u00cdNGUEZ, Florencio (2009): \u00abDemocracia y terrorismo: Hacia el fin de ETA\u00bb, en CIUDADAN\u00cdA Y LIBERTAD (ed.): El discurso del cambio en el Pa\u00eds Vasco. Vitoria-Gasteiz:&hellip;<\/p>\n","protected":false},"author":2,"featured_media":0,"parent":0,"menu_order":0,"comment_status":"open","ping_status":"open","template":"","meta":{"om_disable_all_campaigns":false,"_monsterinsights_skip_tracking":false,"_monsterinsights_sitenote_active":false,"_monsterinsights_sitenote_note":"","_monsterinsights_sitenote_category":0,"_uf_show_specific_survey":0,"_uf_disable_surveys":false,"_vp_format_video_url":"","_vp_image_focal_point":[],"_vp_custom_popup_image":0,"_vp_format_audio_url":"","_vp_custom_thumbnail":0,"_vp_custom_thumbnail_focal_point":[],"_vp_hover_thumbnail":0,"_vp_hover_thumbnail_focal_point":[],"footnotes":""},"class_list":["post-5228","page","type-page","status-publish","hentry"],"aioseo_notices":[],"_links":{"self":[{"href":"https:\/\/www.arovite.com\/es\/wp-json\/wp\/v2\/pages\/5228","targetHints":{"allow":["GET"]}}],"collection":[{"href":"https:\/\/www.arovite.com\/es\/wp-json\/wp\/v2\/pages"}],"about":[{"href":"https:\/\/www.arovite.com\/es\/wp-json\/wp\/v2\/types\/page"}],"author":[{"embeddable":true,"href":"https:\/\/www.arovite.com\/es\/wp-json\/wp\/v2\/users\/2"}],"replies":[{"embeddable":true,"href":"https:\/\/www.arovite.com\/es\/wp-json\/wp\/v2\/comments?post=5228"}],"version-history":[{"count":1,"href":"https:\/\/www.arovite.com\/es\/wp-json\/wp\/v2\/pages\/5228\/revisions"}],"predecessor-version":[{"id":5229,"href":"https:\/\/www.arovite.com\/es\/wp-json\/wp\/v2\/pages\/5228\/revisions\/5229"}],"wp:attachment":[{"href":"https:\/\/www.arovite.com\/es\/wp-json\/wp\/v2\/media?parent=5228"}],"curies":[{"name":"wp","href":"https:\/\/api.w.org\/{rel}","templated":true}]}}