{"id":5201,"date":"2015-12-18T09:35:25","date_gmt":"2015-12-18T09:35:25","guid":{"rendered":"http:\/\/www.arovite.com\/?page_id=5201"},"modified":"2016-01-24T14:06:25","modified_gmt":"2016-01-24T14:06:25","slug":"cuesta-jose-luis-de-la-y-munagorri-ignacio-dirs-2008","status":"publish","type":"page","link":"https:\/\/www.arovite.com\/es\/cuesta-jose-luis-de-la-y-munagorri-ignacio-dirs-2008\/","title":{"rendered":"CUESTA, Jos\u00e9 Luis de la y MU\u00d1AGORRI, Ignacio (dirs.) (2008)"},"content":{"rendered":"<div class=\"wpb-content-wrapper\"><p>[vc_row][vc_column width=&#8221;1\/1&#8243;][vc_column_text][vc_empty_space height=&#8221;20&#8243;]<br \/>\n<strong>Referencia bibliogr\u00e1fica<\/strong><br \/>\nCUESTA, Jos\u00e9 Luis de la y MU\u00d1AGORRI, Ignacio (dirs.) (2008): <em>Informe sobre derechos civiles y pol\u00edticos<\/em>. Instituto Vasco de Criminolog\u00eda.<\/p>\n<p><a class=\"button blue  medium \" href=\"http:\/\/www.arovite.com\/documentos\/2008_Cuesta.pdf\" target=\"_blank\">Consultar PDF<\/a>[vc_empty_space height=&#8221;10&#8243;]<br \/>\n<strong>Resumen<\/strong><br \/>\nEl presente documento tiene como por objeto presentar el \u201cInforme sobre derechos civiles y pol\u00edticos\u201d que la Direcci\u00f3n de Derechos Humanos del Gobierno Vasco\/ Eusko Jaurlaritzaren Giza Eskubideen Zuzendaritza ha encargado al Instituto Vasco de Criminolog\u00eda \/ Kriminologiaren Euskal Institutoa (IVAC\/KREI), para su realizaci\u00f3n durante los a\u00f1os 2007-2008. Esta investigaci\u00f3n ha sido elaborada por un equipo investigador, el cual se ha estructurado por \u00e1reas diferenciadas \u2013 uno por cada uno de los bloques tem\u00e1ticos o \u00e1reas que han sido tratadas en el Informe -. Cada \u00e1rea se ha llevado bajo la responsabilidad de un investigador experimentado. Estos, junto a la coordinadora general, el Asesor y los dos Directores Principales han integrado el Grupo Directivo y coordinador del Proyecto. La labor desarrollada por el Equipo Investigador Multidisciplinar ser\u00e1 objeto de seguimiento por parte de un Equipo Asesor, integrado por expertos internacionales, especialistas en Derechos Humanos, que han asumido igualmente la validaci\u00f3n de los resultados obtenidos en cada una de sus fases, velando por la imparcialidad y autonom\u00eda y sin perder de vista, el car\u00e1cter global y multidisciplinar del enfoque perseguido.<br \/>\n[vc_empty_space height=&#8221;10&#8243;]<br \/>\n<strong>Autor<\/strong><br \/>\nJos\u00e9 Luis de la Cuesta. <a title=\"Dialnet\" href=\"http:\/\/dialnet.unirioja.es\/servlet\/autor?codigo=517253\" target=\"_blank\">P\u00e1gina del autor en Dialnet.<\/a><br \/>\nIgnacio Mu\u00f1agorri. <a title=\"Dialnet\" href=\"http:\/\/dialnet.unirioja.es\/servlet\/autor?codigo=82182\" target=\"_blank\">P\u00e1gina del autor en Dialnet.<\/a><br \/>\n[vc_empty_space height=&#8221;10&#8243;]<br \/>\n<strong>Tipo de documento<\/strong><br \/>\nInforme<br \/>\n[vc_empty_space height=&#8221;10&#8243;]<br \/>\n[vc_empty_space height=&#8221;10&#8243;][\/vc_column_text][\/vc_column][\/vc_row]<\/p>\n<\/div>","protected":false},"excerpt":{"rendered":"<p>[vc_row][vc_column width=&#8221;1\/1&#8243;][vc_column_text][vc_empty_space height=&#8221;20&#8243;] Referencia bibliogr\u00e1fica CUESTA, Jos\u00e9 Luis de la y MU\u00d1AGORRI, Ignacio (dirs.) (2008): Informe sobre derechos civiles y pol\u00edticos. Instituto Vasco de Criminolog\u00eda. Consultar PDF[vc_empty_space height=&#8221;10&#8243;] Resumen El&hellip;<\/p>\n","protected":false},"author":2,"featured_media":0,"parent":0,"menu_order":0,"comment_status":"open","ping_status":"open","template":"","meta":{"om_disable_all_campaigns":false,"_monsterinsights_skip_tracking":false,"_monsterinsights_sitenote_active":false,"_monsterinsights_sitenote_note":"","_monsterinsights_sitenote_category":0,"_uf_show_specific_survey":0,"_uf_disable_surveys":false,"_vp_format_video_url":"","_vp_image_focal_point":[],"_vp_custom_popup_image":0,"_vp_format_audio_url":"","_vp_custom_thumbnail":0,"_vp_custom_thumbnail_focal_point":[],"_vp_hover_thumbnail":0,"_vp_hover_thumbnail_focal_point":[],"footnotes":""},"class_list":["post-5201","page","type-page","status-publish","hentry"],"aioseo_notices":[],"_links":{"self":[{"href":"https:\/\/www.arovite.com\/es\/wp-json\/wp\/v2\/pages\/5201","targetHints":{"allow":["GET"]}}],"collection":[{"href":"https:\/\/www.arovite.com\/es\/wp-json\/wp\/v2\/pages"}],"about":[{"href":"https:\/\/www.arovite.com\/es\/wp-json\/wp\/v2\/types\/page"}],"author":[{"embeddable":true,"href":"https:\/\/www.arovite.com\/es\/wp-json\/wp\/v2\/users\/2"}],"replies":[{"embeddable":true,"href":"https:\/\/www.arovite.com\/es\/wp-json\/wp\/v2\/comments?post=5201"}],"version-history":[{"count":2,"href":"https:\/\/www.arovite.com\/es\/wp-json\/wp\/v2\/pages\/5201\/revisions"}],"predecessor-version":[{"id":6454,"href":"https:\/\/www.arovite.com\/es\/wp-json\/wp\/v2\/pages\/5201\/revisions\/6454"}],"wp:attachment":[{"href":"https:\/\/www.arovite.com\/es\/wp-json\/wp\/v2\/media?parent=5201"}],"curies":[{"name":"wp","href":"https:\/\/api.w.org\/{rel}","templated":true}]}}