{"id":5199,"date":"2015-12-18T09:24:00","date_gmt":"2015-12-18T09:24:00","guid":{"rendered":"http:\/\/www.arovite.com\/?page_id=5199"},"modified":"2015-12-18T09:24:00","modified_gmt":"2015-12-18T09:24:00","slug":"corte-luis-de-la-kruglanski-arie-miguel-jesus-de-sabucedo-jose-manuel-y-diaz-dario-2007","status":"publish","type":"page","link":"https:\/\/www.arovite.com\/es\/corte-luis-de-la-kruglanski-arie-miguel-jesus-de-sabucedo-jose-manuel-y-diaz-dario-2007\/","title":{"rendered":"CORTE, Luis de la, KRUGLANSKI, Arie, MIGUEL, Jes\u00fas de, SABUCEDO, Jos\u00e9 Manuel y D\u00cdAZ, Dar\u00edo (2007)"},"content":{"rendered":"<div class=\"wpb-content-wrapper\"><p>[vc_row][vc_column width=&#8221;1\/1&#8243;][vc_column_text][vc_empty_space height=&#8221;20&#8243;]<br \/>\n<strong>Referencia bibliogr\u00e1fica<\/strong><br \/>\nCORTE, Luis de la, KRUGLANSKI, Arie, MIGUEL, Jes\u00fas de, SABUCEDO, Jos\u00e9 Manuel y D\u00cdAZ, Dar\u00edo (2007): \u00abSiete principios psicosociales para explicar el terrorismo\u00bb, <em>Psicothema<\/em>, vol. 19, n\u00ba 3, pp. 366-374.<\/p>\n<p><a class=\"button blue  medium \" href=\"http:\/\/www.psicothema.com\/pdf\/3372.pdf\" target=\"_blank\">Consultar PDF<\/a>[vc_empty_space height=&#8221;10&#8243;]<br \/>\n<strong>Resumen<\/strong><br \/>\nEste art\u00edculo describe las bases para una aproximaci\u00f3n psicosocial al an\u00e1lisis de los fen\u00f3menos terroristas. M\u00e1s concretamente, se exponen siete principios explicativos del terrorismo que sean congruentes con los supuestos metate\u00f3ricos y el cuerpo de conocimientos propios de la Psicolog\u00eda social. Desde esta \u00f3ptica el terrorismo se concibe como una estrategia de influencia sociopol\u00edtica. Los atributos psicol\u00f3gicos de los terroristas son analizados por su relaci\u00f3n con diversos procesos de influencia social. Tambi\u00e9n se destaca la importancia de los factores ideol\u00f3gicos. Por \u00faltimo, se presta una atenci\u00f3n muy especial a las semejanzas entre las organizaciones terroristas y los movimientos sociales ordinarios y a la estructura y din\u00e1micas grupales propias de aquellas organizaciones.<br \/>\n[vc_empty_space height=&#8221;10&#8243;]<br \/>\n<strong>Abstract<\/strong><br \/>\nSeven psychosocial principles to explain terrorism. Research approaches leading to the understanding of the terrorist phenomenon are suggested. Seven principles explaining terrorism are analysed from a psychosocial approach: They could complete the explanations of terrorism focused in socio-structural and psychological variables, the latter being insufficient and often erroneous. Thus, terrorism is presented as a strategy of political influence, and the psychological attributes of terrorists are explained as the result of several influential social processes. We considered that terrorist attacks and campaigns correspond to strategic reasons, but we also assume that the rationality of the terrorist\u2019s perspective is limited. As far as the organisational parameters are concerned, we propose an analogy with ordinary social movements, especially relating to their ideological frameworks of legitimisation and resource mobilization processes.<br \/>\n[vc_empty_space height=&#8221;10&#8243;]<br \/>\n<strong>Autor<\/strong><br \/>\nLuis de la Corte. <a title=\"Dialnet\" href=\"http:\/\/dialnet.unirioja.es\/servlet\/autor?codigo=3069520\" target=\"_blank\">P\u00e1gina del autor en Dialnet.<\/a><br \/>\nArie W. Kruglanski. <a title=\"Dialnet\" href=\"http:\/\/dialnet.unirioja.es\/servlet\/autor?codigo=109168\" target=\"_blank\">P\u00e1gina del autor en Dialnet.<\/a><br \/>\nJes\u00fas de Miguel. <a title=\"Dialnet\" href=\"http:\/\/dialnet.unirioja.es\/servlet\/autor?codigo=3071553\" target=\"_blank\">P\u00e1gina del autor en Dialnet.<\/a><br \/>\nJos\u00e9 Manuel Sabucedo. <a title=\"Dialnet\" href=\"http:\/\/dialnet.unirioja.es\/servlet\/autor?codigo=109170\" target=\"_blank\">P\u00e1gina del autor en Dialnet.<\/a><br \/>\nDar\u00edo D\u00edaz. <a title=\"Dialnet\" href=\"http:\/\/dialnet.unirioja.es\/servlet\/autor?codigo=779228\" target=\"_blank\">P\u00e1gina del autor en Dialnet.<\/a><br \/>\n[vc_empty_space height=&#8221;10&#8243;]<br \/>\n<strong>Tipo de documento<\/strong><br \/>\nArt\u00edculo<br \/>\n[vc_empty_space height=&#8221;10&#8243;]<br \/>\n<a title=\"Enlace alternativo\" href=\"http:\/\/dialnet.unirioja.es\/servlet\/articulo?codigo=2333424\" target=\"_blank\"><strong>Enlace alternativo.<\/strong><\/a><br \/>\n[vc_empty_space height=&#8221;10&#8243;][\/vc_column_text][\/vc_column][\/vc_row]<\/p>\n<\/div>","protected":false},"excerpt":{"rendered":"<p>[vc_row][vc_column width=&#8221;1\/1&#8243;][vc_column_text][vc_empty_space height=&#8221;20&#8243;] Referencia bibliogr\u00e1fica CORTE, Luis de la, KRUGLANSKI, Arie, MIGUEL, Jes\u00fas de, SABUCEDO, Jos\u00e9 Manuel y D\u00cdAZ, Dar\u00edo (2007): \u00abSiete principios psicosociales para explicar el terrorismo\u00bb, Psicothema, vol.&hellip;<\/p>\n","protected":false},"author":2,"featured_media":0,"parent":0,"menu_order":0,"comment_status":"open","ping_status":"open","template":"","meta":{"om_disable_all_campaigns":false,"_monsterinsights_skip_tracking":false,"_monsterinsights_sitenote_active":false,"_monsterinsights_sitenote_note":"","_monsterinsights_sitenote_category":0,"_uf_show_specific_survey":0,"_uf_disable_surveys":false,"_vp_format_video_url":"","_vp_image_focal_point":[],"_vp_custom_popup_image":0,"_vp_format_audio_url":"","_vp_custom_thumbnail":0,"_vp_custom_thumbnail_focal_point":[],"_vp_hover_thumbnail":0,"_vp_hover_thumbnail_focal_point":[],"footnotes":""},"class_list":["post-5199","page","type-page","status-publish","hentry"],"aioseo_notices":[],"_links":{"self":[{"href":"https:\/\/www.arovite.com\/es\/wp-json\/wp\/v2\/pages\/5199","targetHints":{"allow":["GET"]}}],"collection":[{"href":"https:\/\/www.arovite.com\/es\/wp-json\/wp\/v2\/pages"}],"about":[{"href":"https:\/\/www.arovite.com\/es\/wp-json\/wp\/v2\/types\/page"}],"author":[{"embeddable":true,"href":"https:\/\/www.arovite.com\/es\/wp-json\/wp\/v2\/users\/2"}],"replies":[{"embeddable":true,"href":"https:\/\/www.arovite.com\/es\/wp-json\/wp\/v2\/comments?post=5199"}],"version-history":[{"count":1,"href":"https:\/\/www.arovite.com\/es\/wp-json\/wp\/v2\/pages\/5199\/revisions"}],"predecessor-version":[{"id":5200,"href":"https:\/\/www.arovite.com\/es\/wp-json\/wp\/v2\/pages\/5199\/revisions\/5200"}],"wp:attachment":[{"href":"https:\/\/www.arovite.com\/es\/wp-json\/wp\/v2\/media?parent=5199"}],"curies":[{"name":"wp","href":"https:\/\/api.w.org\/{rel}","templated":true}]}}