{"id":5184,"date":"2015-12-15T19:21:43","date_gmt":"2015-12-15T19:21:43","guid":{"rendered":"http:\/\/www.arovite.com\/?page_id=5184"},"modified":"2015-12-15T19:23:50","modified_gmt":"2015-12-15T19:23:50","slug":"catala-i-bas-aleixandre-y-garcia-mengual-fernando-dirs-2013","status":"publish","type":"page","link":"https:\/\/www.arovite.com\/es\/catala-i-bas-aleixandre-y-garcia-mengual-fernando-dirs-2013\/","title":{"rendered":"CATAL\u00c1 I BAS, Aleixandre y GARC\u00cdA MENGUAL, Fernando (dirs.) (2013)"},"content":{"rendered":"<div class=\"wpb-content-wrapper\"><p>[vc_row][vc_column width=&#8221;1\/1&#8243;][vc_column_text][vc_empty_space height=&#8221;20&#8243;]<br \/>\n<strong>Referencia bibliogr\u00e1fica<\/strong><br \/>\nCATAL\u00c1 I BAS, Aleixandre y GARC\u00cdA MENGUAL, Fernando (dirs.) (2013): <em>El reconocimiento de las v\u00edctimas del terrorismo a trav\u00e9s de la legislaci\u00f3n y la jurisprudencia<\/em>. Valencia: C\u00e1tedra de Derecho Auton\u00f3mico Valenciano, Universitat de Valencia, Fundaci\u00f3n Profesor Manuel Broseta.<\/p>\n<p><a class=\"button blue  medium \" href=\"http:\/\/dialnet.unirioja.es\/servlet\/libro?codigo=565229\" target=\"_blank\">Consultar PDF<\/a>[vc_empty_space height=&#8221;10&#8243;]<br \/>\n<strong>Resumen<\/strong><br \/>\nDurante d\u00e9cadas, las v\u00edctimas del terrorismo han sido invisibles. Para los asesinos y quienes les animaban \u2013y quienes a\u00fan hoy les jalean incluso desde el espacio p\u00fablico\u2013, carec\u00edan de valor, como dec\u00eda una execrable pintada en una Facultad de San Sebasti\u00e1n durante los llamados a\u00f1os de plomo, las v\u00edctimas \u00abse iban como el humo de las velas\u00bb. Para la sociedad en general, sin embargo, eran un apunte m\u00e1s en los peri\u00f3dicos, cuando el momento del asesinato permit\u00eda la entrada de la noticia en rotativas \u2013como destaca en las p\u00e1ginas siguientes Javier Urquizu\u2013. Y la respuesta del ordenamiento jur\u00eddico y los poderes p\u00fablicos era la propia de un accidente de tr\u00e1fico o ni eso.<br \/>\n[vc_empty_space height=&#8221;10&#8243;]<br \/>\n<strong>Autor<\/strong><br \/>\nAlexandre H. Catal\u00e0 i Bas. <a title=\"Dialnet\" href=\"http:\/\/dialnet.unirioja.es\/servlet\/autor?codigo=33265\" target=\"_blank\">P\u00e1gina del autor en Dialnet.<\/a><br \/>\nFernando Garc\u00eda Mengual. <a title=\"Dialnet\" href=\"http:\/\/dialnet.unirioja.es\/servlet\/autor?codigo=897267\" target=\"_blank\">P\u00e1gina del autor en Dialnet.<\/a><br \/>\n[vc_empty_space height=&#8221;10&#8243;]<br \/>\n<strong>Tipo de documento<\/strong><br \/>\nLibro<br \/>\n[vc_empty_space height=&#8221;10&#8243;]<br \/>\n[\/vc_column_text][\/vc_column][\/vc_row]<\/p>\n<\/div>","protected":false},"excerpt":{"rendered":"<p>[vc_row][vc_column width=&#8221;1\/1&#8243;][vc_column_text][vc_empty_space height=&#8221;20&#8243;] Referencia bibliogr\u00e1fica CATAL\u00c1 I BAS, Aleixandre y GARC\u00cdA MENGUAL, Fernando (dirs.) (2013): El reconocimiento de las v\u00edctimas del terrorismo a trav\u00e9s de la legislaci\u00f3n y la jurisprudencia.&hellip;<\/p>\n","protected":false},"author":2,"featured_media":0,"parent":0,"menu_order":0,"comment_status":"open","ping_status":"open","template":"","meta":{"om_disable_all_campaigns":false,"_monsterinsights_skip_tracking":false,"_monsterinsights_sitenote_active":false,"_monsterinsights_sitenote_note":"","_monsterinsights_sitenote_category":0,"_uf_show_specific_survey":0,"_uf_disable_surveys":false,"_vp_format_video_url":"","_vp_image_focal_point":[],"_vp_custom_popup_image":0,"_vp_format_audio_url":"","_vp_custom_thumbnail":0,"_vp_custom_thumbnail_focal_point":[],"_vp_hover_thumbnail":0,"_vp_hover_thumbnail_focal_point":[],"footnotes":""},"class_list":["post-5184","page","type-page","status-publish","hentry"],"aioseo_notices":[],"_links":{"self":[{"href":"https:\/\/www.arovite.com\/es\/wp-json\/wp\/v2\/pages\/5184","targetHints":{"allow":["GET"]}}],"collection":[{"href":"https:\/\/www.arovite.com\/es\/wp-json\/wp\/v2\/pages"}],"about":[{"href":"https:\/\/www.arovite.com\/es\/wp-json\/wp\/v2\/types\/page"}],"author":[{"embeddable":true,"href":"https:\/\/www.arovite.com\/es\/wp-json\/wp\/v2\/users\/2"}],"replies":[{"embeddable":true,"href":"https:\/\/www.arovite.com\/es\/wp-json\/wp\/v2\/comments?post=5184"}],"version-history":[{"count":3,"href":"https:\/\/www.arovite.com\/es\/wp-json\/wp\/v2\/pages\/5184\/revisions"}],"predecessor-version":[{"id":5187,"href":"https:\/\/www.arovite.com\/es\/wp-json\/wp\/v2\/pages\/5184\/revisions\/5187"}],"wp:attachment":[{"href":"https:\/\/www.arovite.com\/es\/wp-json\/wp\/v2\/media?parent=5184"}],"curies":[{"name":"wp","href":"https:\/\/api.w.org\/{rel}","templated":true}]}}