{"id":5182,"date":"2015-12-15T19:19:53","date_gmt":"2015-12-15T19:19:53","guid":{"rendered":"http:\/\/www.arovite.com\/?page_id=5182"},"modified":"2015-12-15T19:19:53","modified_gmt":"2015-12-15T19:19:53","slug":"castells-luis-2015","status":"publish","type":"page","link":"https:\/\/www.arovite.com\/es\/castells-luis-2015\/","title":{"rendered":"CASTELLS, Luis (2015)"},"content":{"rendered":"<div class=\"wpb-content-wrapper\"><p>[vc_row][vc_column width=&#8221;1\/1&#8243;][vc_column_text][vc_empty_space height=&#8221;20&#8243;]<br \/>\n<strong>Referencia bibliogr\u00e1fica<\/strong><br \/>\nCASTELLS, Luis (2015): \u00abHistoria u olvido: \u00bfqu\u00e9 hacer en Euskadi?\u00bb, en SERRALLONGA, Joan, POM\u00c9S, Jordi, et al.: <em>Republicans i solidaris. Homenatge al profesor Pere Gabriel<\/em>. Bellaterra: Universitat Aut\u00f2noma de Barcelona, pp. 123-130.<\/p>\n<p><a class=\"button blue  medium \" href=\"http:\/\/www.arovite.com\/documentos\/2015_Castells.pdf\" target=\"_blank\">Consultar PDF<\/a>[vc_empty_space height=&#8221;10&#8243;]<br \/>\n<strong>Resumen<\/strong><br \/>\nLa sociedad vasca se enfrenta a un momento especialmente importante: finalizada, como parece, la actividad terrorista, es el momento de evaluar su pasado reciente, de edificar su proyecto de sociedad sobre la base de tener que gestionar y hacer frente a un per\u00edodo especialmente doloroso de su historia, en la que el asesinato y la violencia han formado parte del escenario colectivo. Nada nuevo por otra parte: tras periodos traum\u00e1ticos, toda sociedad se ve en la necesidad de prestar atenci\u00f3n a lo ocurrido, de tratar de extraer las ense\u00f1anzas debidas para evitar caer en los mismos males. Por muchas vueltas que se le d\u00e9, y por muy esc\u00e9pticos que seamos sobre el tema, no cabe duda de la <em>utilidad<\/em> de la historia en la conformaci\u00f3n de la sociedad.<br \/>\n[vc_empty_space height=&#8221;10&#8243;]<br \/>\n<strong>Autor<\/strong><br \/>\nLuis Castells Arteche. <a title=\"Dialnet\" href=\"http:\/\/dialnet.unirioja.es\/servlet\/autor?codigo=145543\" target=\"_blank\">P\u00e1gina del autor en Dialnet.<\/a><br \/>\n[vc_empty_space height=&#8221;10&#8243;]<br \/>\n<strong>Tipo de documento<\/strong><br \/>\nCap\u00edtulo de libro<br \/>\n[vc_empty_space height=&#8221;10&#8243;]<br \/>\n<a title=\"Enlace alternativo\" href=\"https:\/\/www.academia.edu\/13243696\/Historia_u_olvido._Qu%C3%A9_hacer_en_Euskadi_\" target=\"_blank\"><strong>Enlace alternativo.<\/strong><\/a><br \/>\n[vc_empty_space height=&#8221;10&#8243;][\/vc_column_text][\/vc_column][\/vc_row]<\/p>\n<\/div>","protected":false},"excerpt":{"rendered":"<p>[vc_row][vc_column width=&#8221;1\/1&#8243;][vc_column_text][vc_empty_space height=&#8221;20&#8243;] Referencia bibliogr\u00e1fica CASTELLS, Luis (2015): \u00abHistoria u olvido: \u00bfqu\u00e9 hacer en Euskadi?\u00bb, en SERRALLONGA, Joan, POM\u00c9S, Jordi, et al.: Republicans i solidaris. Homenatge al profesor Pere Gabriel.&hellip;<\/p>\n","protected":false},"author":2,"featured_media":0,"parent":0,"menu_order":0,"comment_status":"open","ping_status":"open","template":"","meta":{"om_disable_all_campaigns":false,"_monsterinsights_skip_tracking":false,"_monsterinsights_sitenote_active":false,"_monsterinsights_sitenote_note":"","_monsterinsights_sitenote_category":0,"_uf_show_specific_survey":0,"_uf_disable_surveys":false,"_vp_format_video_url":"","_vp_image_focal_point":[],"_vp_custom_popup_image":0,"_vp_format_audio_url":"","_vp_custom_thumbnail":0,"_vp_custom_thumbnail_focal_point":[],"_vp_hover_thumbnail":0,"_vp_hover_thumbnail_focal_point":[],"footnotes":""},"class_list":["post-5182","page","type-page","status-publish","hentry"],"aioseo_notices":[],"_links":{"self":[{"href":"https:\/\/www.arovite.com\/es\/wp-json\/wp\/v2\/pages\/5182","targetHints":{"allow":["GET"]}}],"collection":[{"href":"https:\/\/www.arovite.com\/es\/wp-json\/wp\/v2\/pages"}],"about":[{"href":"https:\/\/www.arovite.com\/es\/wp-json\/wp\/v2\/types\/page"}],"author":[{"embeddable":true,"href":"https:\/\/www.arovite.com\/es\/wp-json\/wp\/v2\/users\/2"}],"replies":[{"embeddable":true,"href":"https:\/\/www.arovite.com\/es\/wp-json\/wp\/v2\/comments?post=5182"}],"version-history":[{"count":1,"href":"https:\/\/www.arovite.com\/es\/wp-json\/wp\/v2\/pages\/5182\/revisions"}],"predecessor-version":[{"id":5183,"href":"https:\/\/www.arovite.com\/es\/wp-json\/wp\/v2\/pages\/5182\/revisions\/5183"}],"wp:attachment":[{"href":"https:\/\/www.arovite.com\/es\/wp-json\/wp\/v2\/media?parent=5182"}],"curies":[{"name":"wp","href":"https:\/\/api.w.org\/{rel}","templated":true}]}}