{"id":5171,"date":"2015-12-15T19:07:00","date_gmt":"2015-12-15T19:07:00","guid":{"rendered":"http:\/\/www.arovite.com\/?page_id=5171"},"modified":"2016-01-24T15:10:06","modified_gmt":"2016-01-24T15:10:06","slug":"casquete-jesus-2010","status":"publish","type":"page","link":"https:\/\/www.arovite.com\/es\/casquete-jesus-2010\/","title":{"rendered":"CASQUETE, Jes\u00fas (2010)"},"content":{"rendered":"<div class=\"wpb-content-wrapper\"><p>[vc_row][vc_column width=&#8221;1\/1&#8243;][vc_column_text][vc_empty_space height=&#8221;20&#8243;]<br \/>\n<strong>Referencia bibliogr\u00e1fica<\/strong><br \/>\nCASQUETE, Jes\u00fas (2010): \u00abAbertzale s\u00ed pero, \u00bfqui\u00e9n dijo que de izquierda?\u00bb, <em>El Viejo Topo<\/em>, n\u00ba 268, pp. 15-19.<\/p>\n<p><a class=\"button blue  medium \" href=\"https:\/\/www.academia.edu\/926950\/Abertzale_s%C3%AD_pero_qui%C3%A9n_dijo_de_izquierda\" target=\"_blank\">Consultar PDF<\/a>[vc_empty_space height=&#8221;10&#8243;]<br \/>\n<strong>Resumen<\/strong><br \/>\n\u00bfEst\u00e1 justificada la denominaci\u00f3n de \u201cizquierda abertzale\u201d para referirse, en el lenguaje com\u00fan, pero sobre todo en el habla especializada, a la familia pol\u00edtica del nacionalismo vasco radical? \u00bfHay pruebas reales, concretas, m\u00e1s all\u00e1 de las declaraciones de unos pocos, de que el mundo batasuno tiene como objetivo, adem\u00e1s de la independencia, la transformaci\u00f3n social?<br \/>\n[vc_empty_space height=&#8221;10&#8243;]<br \/>\n<strong>Autor<\/strong><br \/>\nJes\u00fas Casquete. <a title=\"Dialnet\" href=\"http:\/\/dialnet.unirioja.es\/servlet\/autor?codigo=776183\" target=\"_blank\">P\u00e1gina del autor en Dialnet.<\/a><br \/>\n[vc_empty_space height=&#8221;10&#8243;]<br \/>\n<strong>Tipo de documento<\/strong><br \/>\nArt\u00edculo<br \/>\n[vc_empty_space height=&#8221;10&#8243;]<br \/>\n[vc_empty_space height=&#8221;10&#8243;][\/vc_column_text][\/vc_column][\/vc_row]<\/p>\n<\/div>","protected":false},"excerpt":{"rendered":"<p>[vc_row][vc_column width=&#8221;1\/1&#8243;][vc_column_text][vc_empty_space height=&#8221;20&#8243;] Referencia bibliogr\u00e1fica CASQUETE, Jes\u00fas (2010): \u00abAbertzale s\u00ed pero, \u00bfqui\u00e9n dijo que de izquierda?\u00bb, El Viejo Topo, n\u00ba 268, pp. 15-19. Consultar PDF[vc_empty_space height=&#8221;10&#8243;] Resumen \u00bfEst\u00e1 justificada la&hellip;<\/p>\n","protected":false},"author":2,"featured_media":0,"parent":0,"menu_order":0,"comment_status":"open","ping_status":"open","template":"","meta":{"om_disable_all_campaigns":false,"_monsterinsights_skip_tracking":false,"_monsterinsights_sitenote_active":false,"_monsterinsights_sitenote_note":"","_monsterinsights_sitenote_category":0,"_uf_show_specific_survey":0,"_uf_disable_surveys":false,"_vp_format_video_url":"","_vp_image_focal_point":[],"_vp_custom_popup_image":0,"_vp_format_audio_url":"","_vp_custom_thumbnail":0,"_vp_custom_thumbnail_focal_point":[],"_vp_hover_thumbnail":0,"_vp_hover_thumbnail_focal_point":[],"footnotes":""},"class_list":["post-5171","page","type-page","status-publish","hentry"],"aioseo_notices":[],"_links":{"self":[{"href":"https:\/\/www.arovite.com\/es\/wp-json\/wp\/v2\/pages\/5171","targetHints":{"allow":["GET"]}}],"collection":[{"href":"https:\/\/www.arovite.com\/es\/wp-json\/wp\/v2\/pages"}],"about":[{"href":"https:\/\/www.arovite.com\/es\/wp-json\/wp\/v2\/types\/page"}],"author":[{"embeddable":true,"href":"https:\/\/www.arovite.com\/es\/wp-json\/wp\/v2\/users\/2"}],"replies":[{"embeddable":true,"href":"https:\/\/www.arovite.com\/es\/wp-json\/wp\/v2\/comments?post=5171"}],"version-history":[{"count":3,"href":"https:\/\/www.arovite.com\/es\/wp-json\/wp\/v2\/pages\/5171\/revisions"}],"predecessor-version":[{"id":6469,"href":"https:\/\/www.arovite.com\/es\/wp-json\/wp\/v2\/pages\/5171\/revisions\/6469"}],"wp:attachment":[{"href":"https:\/\/www.arovite.com\/es\/wp-json\/wp\/v2\/media?parent=5171"}],"curies":[{"name":"wp","href":"https:\/\/api.w.org\/{rel}","templated":true}]}}