{"id":5169,"date":"2015-12-15T19:04:43","date_gmt":"2015-12-15T19:04:43","guid":{"rendered":"http:\/\/www.arovite.com\/?page_id=5169"},"modified":"2015-12-15T19:04:43","modified_gmt":"2015-12-15T19:04:43","slug":"casquete-jesus-2006-2","status":"publish","type":"page","link":"https:\/\/www.arovite.com\/es\/casquete-jesus-2006-2\/","title":{"rendered":"CASQUETE, Jes\u00fas (2006)"},"content":{"rendered":"<div class=\"wpb-content-wrapper\"><p>[vc_row][vc_column width=&#8221;1\/1&#8243;][vc_column_text][vc_empty_space height=&#8221;20&#8243;]<br \/>\n<strong>Referencia bibliogr\u00e1fica<\/strong><br \/>\nCASQUETE, Jes\u00fas (2006): \u00abM\u00fasica y funerales en el nacionalismo vasco radical\u00bb, <em>Historia y Pol\u00edtica<\/em>, n\u00ba 15, pp. 191-216. <\/p>\n<p><a class=\"button blue  medium \" href=\"https:\/\/www.academia.edu\/7392837\/M%C3%BAsica_y_funerales_en_el_nacionalismo_vasco_radical\" target=\"_blank\">Consultar PDF<\/a>[vc_empty_space height=&#8221;10&#8243;]<br \/>\n<strong>Resumen<\/strong><br \/>\nCada cultura pol\u00edtica se afana por forjar un universo simb\u00f3lico propio que sirva a sus miembros para identificarse con el grupo, a la vez que para delimitar las fronteras con el mundo exterior. Es as\u00ed que los s\u00edmbolos sirven como marcadores de fronteras y resultan un elemento indispensable para fomentar un sentido de la identidad colectiva, de formar un \u00abnosotros\u00bb distinto al \u00abellos\u00bb. Habida cuenta de su valor integrador, pues, la tarea de creaci\u00f3n simb\u00f3lica se puede calificar de cualquier forma menos de balad\u00ed. A menudo la m\u00fasica figura como uno de los ingredientes de los actos rituales. Interpretada de forma coordinada por los participantes en el acto ritual o simplemente dej\u00e1ndose arrullar por sus acordes, la m\u00fasica desempe\u00f1a un papel vital a la hora de crear y recrear una atm\u00f3sfera emotiva al servicio de los objetivos del colectivo social que la interpreta. Y ello con independencia de su orientaci\u00f3n ideol\u00f3gica. En lo que sigue nos centramos en la utilizaci\u00f3n de la m\u00fasica durante los actos de homenaje p\u00f3stumo a militantes del nacionalismo vasco radical (NVR, en adelante) encuadrados en sus ramas civil o militar. A partir de las cr\u00f3nicas de las despedidas que la subcomunidad nacionalista radical tributa a los h\u00e9roes-m\u00e1rtires ca\u00eddos por la \u00ablibertad de Euskal Herria\u00bb en las circunstancias m\u00e1s variopintas (v\u00edctimas de fuerzas parapoliciales, en enfrentamientos con las fuerzas de seguridad, como consecuencia de la manipulaci\u00f3n de artefactos explosivos o de un accidente de tr\u00e1fico, suicidados en prisi\u00f3n, etc.), indagaremos en la densidad simb\u00f3lica de sus actos p\u00fablicos, convencidos como estamos de que sus escenificaciones rituales constituyen ocasiones impagables para adentrarse en el universo social y cultural de este actor del escenario sociopol\u00edtico vasco.<br \/>\n[vc_empty_space height=&#8221;10&#8243;]<br \/>\n<strong>Autor<\/strong><br \/>\nJes\u00fas Casquete. <a title=\"Dialnet\" href=\"http:\/\/dialnet.unirioja.es\/servlet\/autor?codigo=776183\" target=\"_blank\">P\u00e1gina del autor en Dialnet.<\/a><br \/>\n[vc_empty_space height=&#8221;10&#8243;]<br \/>\n<strong>Tipo de documento<\/strong><br \/>\nArt\u00edculo<br \/>\n[vc_empty_space height=&#8221;10&#8243;]<br \/>\n[\/vc_column_text][\/vc_column][\/vc_row]<\/p>\n<\/div>","protected":false},"excerpt":{"rendered":"<p>[vc_row][vc_column width=&#8221;1\/1&#8243;][vc_column_text][vc_empty_space height=&#8221;20&#8243;] Referencia bibliogr\u00e1fica CASQUETE, Jes\u00fas (2006): \u00abM\u00fasica y funerales en el nacionalismo vasco radical\u00bb, Historia y Pol\u00edtica, n\u00ba 15, pp. 191-216. Consultar PDF[vc_empty_space height=&#8221;10&#8243;] Resumen Cada cultura pol\u00edtica&hellip;<\/p>\n","protected":false},"author":2,"featured_media":0,"parent":0,"menu_order":0,"comment_status":"open","ping_status":"open","template":"","meta":{"om_disable_all_campaigns":false,"_monsterinsights_skip_tracking":false,"_monsterinsights_sitenote_active":false,"_monsterinsights_sitenote_note":"","_monsterinsights_sitenote_category":0,"_uf_show_specific_survey":0,"_uf_disable_surveys":false,"_vp_format_video_url":"","_vp_image_focal_point":[],"_vp_custom_popup_image":0,"_vp_format_audio_url":"","_vp_custom_thumbnail":0,"_vp_custom_thumbnail_focal_point":[],"_vp_hover_thumbnail":0,"_vp_hover_thumbnail_focal_point":[],"footnotes":""},"class_list":["post-5169","page","type-page","status-publish","hentry"],"aioseo_notices":[],"_links":{"self":[{"href":"https:\/\/www.arovite.com\/es\/wp-json\/wp\/v2\/pages\/5169","targetHints":{"allow":["GET"]}}],"collection":[{"href":"https:\/\/www.arovite.com\/es\/wp-json\/wp\/v2\/pages"}],"about":[{"href":"https:\/\/www.arovite.com\/es\/wp-json\/wp\/v2\/types\/page"}],"author":[{"embeddable":true,"href":"https:\/\/www.arovite.com\/es\/wp-json\/wp\/v2\/users\/2"}],"replies":[{"embeddable":true,"href":"https:\/\/www.arovite.com\/es\/wp-json\/wp\/v2\/comments?post=5169"}],"version-history":[{"count":2,"href":"https:\/\/www.arovite.com\/es\/wp-json\/wp\/v2\/pages\/5169\/revisions"}],"predecessor-version":[{"id":5640,"href":"https:\/\/www.arovite.com\/es\/wp-json\/wp\/v2\/pages\/5169\/revisions\/5640"}],"wp:attachment":[{"href":"https:\/\/www.arovite.com\/es\/wp-json\/wp\/v2\/media?parent=5169"}],"curies":[{"name":"wp","href":"https:\/\/api.w.org\/{rel}","templated":true}]}}