{"id":5151,"date":"2015-12-15T18:40:14","date_gmt":"2015-12-15T18:40:14","guid":{"rendered":"http:\/\/www.arovite.com\/?page_id=5151"},"modified":"2015-12-15T18:40:14","modified_gmt":"2015-12-15T18:40:14","slug":"caminos-jose-maria-armentia-jose-ignacio-y-marin-maria-flora-2012","status":"publish","type":"page","link":"https:\/\/www.arovite.com\/es\/caminos-jose-maria-armentia-jose-ignacio-y-marin-maria-flora-2012\/","title":{"rendered":"CAMINOS, Jos\u00e9 Mar\u00eda, ARMENTIA, Jos\u00e9 Ignacio y MAR\u00cdN, Mar\u00eda Flora (2012)"},"content":{"rendered":"<div class=\"wpb-content-wrapper\"><p>[vc_row][vc_column width=&#8221;1\/1&#8243;][vc_column_text][vc_empty_space height=&#8221;20&#8243;]<br \/>\n<strong>Referencia bibliogr\u00e1fica<\/strong><br \/>\nCAMINOS, Jos\u00e9 Mar\u00eda, ARMENTIA, Jos\u00e9 Ignacio y MAR\u00cdN, Mar\u00eda Flora (2012): \u00abJerarquizaci\u00f3n en el tratamiento period\u00edstico de los asesinatos de ETA en los medios de comunicaci\u00f3n vascos (1996-1998)\u00bb, <em>Zer<\/em>, vol. 17, n\u00ba 33, pp. 119-142.<\/p>\n<p><a class=\"button blue  medium \" href=\"http:\/\/www.ehu.eus\/zer\/hemeroteca\/pdfs\/zer33-07-caminos.pdf\" target=\"_blank\">Consultar PDF<\/a>[vc_empty_space height=&#8221;10&#8243;]<br \/>\n<strong>Resumen<\/strong><br \/>\nA partir de 1996 ETA inicia una campa\u00f1a sostenida de atentados contra representantes pol\u00edticos y los medios dan un giro relevante en el tratamiento period\u00edstico. Los diarios vascos inician una nueva estrategia informativa que se consolida en 1997 y se implanta definitivamente a lo largo de 1998. En estos dos \u00faltimos a\u00f1os los medios intentan humanizar la informaci\u00f3n que publican sobre los atentados de ETA. Si bien podemos decir que el periodo 1996-1998 la prensa comienza a reaccionar period\u00edsticamente ante los asesinatos, tambi\u00e9n es justo constatar que mantiene una pol\u00edtica informativa diferente seg\u00fan qui\u00e9nes sean las v\u00edctimas.<br \/>\n[vc_empty_space height=&#8221;10&#8243;]<br \/>\n<strong>Laburpena<\/strong><br \/>\n1996. urterarte Euskadiko prentsak artean ez zeukan zeharo barneratuta hedabideek duten garrantzia terrorismoaren kontrako gatazkan. Aipatu urtetik aurrera ETAk politikoen aurkako atentatuei irmo ekiten die eta hedabideek aldaketa sakon bat erakusten dute gertaera hauei ematen diote trataeran. Euskal egunkariek estrategia berri hau 1997. urtean zehar indartzen dute eta 1998an behin betiko finkatzen dute. Bi urte hauetan komunikabideak ETAren atentatueei buruzko informazioetan \u201cgiza-ikuspegia\u201d sakontzen saiatzen dira. 1996-1998 bitartean egunkariak erahilketen aurrean kazetaritza-erreakzioak azaltzen hasi baziren ere, hedabideek eskeintzen zute trataera informatiboa oso ezberdina zen biktimen arabera.<br \/>\n[vc_empty_space height=&#8221;10&#8243;]<br \/>\n<strong>Abstract<\/strong><br \/>\nThe newspapers of the Basque Country had not yet made fully aware of the importance of media in the fight against terrorism until 1996. From that year ETA began a sustained campaign of attacks to politicians and the media shows a serious change in their press coverage. The Basque press starts a new media strategy which is consolidated in 1997 and finally implemented during 1998. In these two years the media tried to \u201chumanize\u201d the information published about the attacks of ETA. Although the newspapers began to react journalistically to the killings in the 1996-1998 period, we can observe that the information coverage was very different depending on who the victims were.<br \/>\n[vc_empty_space height=&#8221;10&#8243;]<br \/>\n<strong>Autor<\/strong><br \/>\nJos\u00e9 Mar\u00eda Caminos. <a title=\"Dialnet\" href=\"http:\/\/dialnet.unirioja.es\/servlet\/autor?codigo=339862\" target=\"_blank\">P\u00e1gina del autor en Dialnet.<\/a><br \/>\nJos\u00e9 Ignacio Armentia. <a title=\"Dialnet\" href=\"http:\/\/dialnet.unirioja.es\/servlet\/autor?codigo=124578\" target=\"_blank\">P\u00e1gina del autor en Dialnet.<\/a><br \/>\nMar\u00eda Flora Mar\u00edn. <a title=\"Dialnet\" href=\"http:\/\/dialnet.unirioja.es\/servlet\/autor?codigo=339863\" target=\"_blank\">P\u00e1gina del autor en Dialnet.<\/a><br \/>\n[vc_empty_space height=&#8221;10&#8243;]<br \/>\n<strong>Tipo de documento<\/strong><br \/>\nArt\u00edculo<br \/>\n[vc_empty_space height=&#8221;10&#8243;]<br \/>\n[\/vc_column_text][\/vc_column][\/vc_row]<\/p>\n<\/div>","protected":false},"excerpt":{"rendered":"<p>[vc_row][vc_column width=&#8221;1\/1&#8243;][vc_column_text][vc_empty_space height=&#8221;20&#8243;] Referencia bibliogr\u00e1fica CAMINOS, Jos\u00e9 Mar\u00eda, ARMENTIA, Jos\u00e9 Ignacio y MAR\u00cdN, Mar\u00eda Flora (2012): \u00abJerarquizaci\u00f3n en el tratamiento period\u00edstico de los asesinatos de ETA en los medios de&hellip;<\/p>\n","protected":false},"author":2,"featured_media":0,"parent":0,"menu_order":0,"comment_status":"open","ping_status":"open","template":"","meta":{"om_disable_all_campaigns":false,"_monsterinsights_skip_tracking":false,"_monsterinsights_sitenote_active":false,"_monsterinsights_sitenote_note":"","_monsterinsights_sitenote_category":0,"_uf_show_specific_survey":0,"_uf_disable_surveys":false,"_vp_format_video_url":"","_vp_image_focal_point":[],"_vp_custom_popup_image":0,"_vp_format_audio_url":"","_vp_custom_thumbnail":0,"_vp_custom_thumbnail_focal_point":[],"_vp_hover_thumbnail":0,"_vp_hover_thumbnail_focal_point":[],"footnotes":""},"class_list":["post-5151","page","type-page","status-publish","hentry"],"aioseo_notices":[],"_links":{"self":[{"href":"https:\/\/www.arovite.com\/es\/wp-json\/wp\/v2\/pages\/5151","targetHints":{"allow":["GET"]}}],"collection":[{"href":"https:\/\/www.arovite.com\/es\/wp-json\/wp\/v2\/pages"}],"about":[{"href":"https:\/\/www.arovite.com\/es\/wp-json\/wp\/v2\/types\/page"}],"author":[{"embeddable":true,"href":"https:\/\/www.arovite.com\/es\/wp-json\/wp\/v2\/users\/2"}],"replies":[{"embeddable":true,"href":"https:\/\/www.arovite.com\/es\/wp-json\/wp\/v2\/comments?post=5151"}],"version-history":[{"count":1,"href":"https:\/\/www.arovite.com\/es\/wp-json\/wp\/v2\/pages\/5151\/revisions"}],"predecessor-version":[{"id":5152,"href":"https:\/\/www.arovite.com\/es\/wp-json\/wp\/v2\/pages\/5151\/revisions\/5152"}],"wp:attachment":[{"href":"https:\/\/www.arovite.com\/es\/wp-json\/wp\/v2\/media?parent=5151"}],"curies":[{"name":"wp","href":"https:\/\/api.w.org\/{rel}","templated":true}]}}