{"id":5096,"date":"2015-12-02T22:21:07","date_gmt":"2015-12-02T22:21:07","guid":{"rendered":"http:\/\/www.arovite.com\/?page_id=5096"},"modified":"2015-12-02T22:21:07","modified_gmt":"2015-12-02T22:21:07","slug":"landa-jon-mirena-2012","status":"publish","type":"page","link":"https:\/\/www.arovite.com\/es\/landa-jon-mirena-2012\/","title":{"rendered":"LANDA, Jon Mirena (2012)"},"content":{"rendered":"<div class=\"wpb-content-wrapper\"><p>[vc_row][vc_column width=&#8221;1\/1&#8243;][vc_column_text][vc_empty_space height=&#8221;20&#8243;]<br \/>\n<strong>Referencia bibliogr\u00e1fica<\/strong><br \/>\nLANDA, Jon Mirena (2012): \u00abEjecuci\u00f3n de penas y principio de legalidad ante el TEDH: a prop\u00f3sito del caso Del R\u00edo Prada c. Espa\u00f1a, STDEH, 3\u00aa, 10.07.2012 (42750\/09) y la aplicaci\u00f3n de la doctrina Parot\u00bb, <em>Indret<\/em>, n\u00ba 4.<\/p>\n<p><a class=\"button blue  medium \" href=\"http:\/\/www.indret.com\/pdf\/924.pdf\" target=\"_blank\">Consultar PDF<\/a>[vc_empty_space height=&#8221;10&#8243;]<br \/>\n<strong>Resumen<\/strong><br \/>\nEn una primera aproximaci\u00f3n a la doctrina interpretativa del Tribunal Europeo de Derechos Humanos (en adelante, TEDH) las garant\u00edas inherentes al principio de legalidad recogido en el art\u00edculo 7 de la Convenci\u00f3n Europea de Derechos Humanos (en adelante, CEDH) se despliegan esencialmente respecto de la definici\u00f3n de los delitos y las penas. Una mirada m\u00e1s atenta, sin embargo, revela matices que ponen en tela de juicio que dicho art\u00edculo 7 no deba proyectarse tambi\u00e9n sobre la fase de ejecuci\u00f3n de las penas con un est\u00e1ndar igualmente riguroso. La presente contribuci\u00f3n se centra en describir, contextualizar y fundamentar esta tendencia expansiva de las garant\u00edas del principio de legalidad en la jurisprudencia del TEDH. Para ello tambi\u00e9n ser\u00e1 objeto de estudio la Sentencia del TEDH de 10 de julio de 2012, caso Del R\u00edo Prada c. Espa\u00f1a, como \u00faltimo ejemplo paradigm\u00e1tico al respecto.<br \/>\n[vc_empty_space height=&#8221;10&#8243;]<br \/>\n<strong>Abstract<\/strong><br \/>\nPrima facie interpretation of case-law by the European Court of Human Rights (ECtHR) suggests that safeguards inherent to the principle of legality (rule of law) enshrined in article 7 Convention for the Protection of Human Rights and Fundamental Freedoms (ECHR) should be taken seriously only in relationship with the definition both of crimes and penalties. However, a closer approach reveals new perspectives towards an application of the mentioned article 7 to the enforcement phase. This paper aims at describing, analyzing and putting in perspective this new development consisting of an expansion of guaranties for protecting the rule of law. For that purpose special attention will be also devoted to a sound ruling of the ECHR from 10th July 2012 (Case Del R\u00edo Prada v. Spain).<br \/>\n[vc_empty_space height=&#8221;10&#8243;]<br \/>\n<strong>Autor<\/strong><br \/>\nJon Mirena Landa. <a title=\"Dialnet\" href=\"http:\/\/dialnet.unirioja.es\/servlet\/autor?codigo=267428\" target=\"_blank\">P\u00e1gina del autor en Dialnet.<\/a><br \/>\n[vc_empty_space height=&#8221;10&#8243;]<br \/>\n<strong>Tipo de documento<\/strong><br \/>\nArt\u00edculo<br \/>\n[vc_empty_space height=&#8221;10&#8243;]<br \/>\n<a title=\"Enlace alternativo\" href=\"http:\/\/dialnet.unirioja.es\/servlet\/articulo?codigo=4085844\" target=\"_blank\"><strong>Enlace alternativo.<\/strong><\/a><br \/>\n[\/vc_column_text][\/vc_column][\/vc_row]<\/p>\n<\/div>","protected":false},"excerpt":{"rendered":"<p>[vc_row][vc_column width=&#8221;1\/1&#8243;][vc_column_text][vc_empty_space height=&#8221;20&#8243;] Referencia bibliogr\u00e1fica LANDA, Jon Mirena (2012): \u00abEjecuci\u00f3n de penas y principio de legalidad ante el TEDH: a prop\u00f3sito del caso Del R\u00edo Prada c. Espa\u00f1a, STDEH, 3\u00aa,&hellip;<\/p>\n","protected":false},"author":1,"featured_media":0,"parent":0,"menu_order":0,"comment_status":"open","ping_status":"open","template":"","meta":{"om_disable_all_campaigns":false,"_monsterinsights_skip_tracking":false,"_monsterinsights_sitenote_active":false,"_monsterinsights_sitenote_note":"","_monsterinsights_sitenote_category":0,"_uf_show_specific_survey":0,"_uf_disable_surveys":false,"_vp_format_video_url":"","_vp_image_focal_point":[],"_vp_custom_popup_image":0,"_vp_format_audio_url":"","_vp_custom_thumbnail":0,"_vp_custom_thumbnail_focal_point":[],"_vp_hover_thumbnail":0,"_vp_hover_thumbnail_focal_point":[],"footnotes":""},"class_list":["post-5096","page","type-page","status-publish","hentry"],"aioseo_notices":[],"_links":{"self":[{"href":"https:\/\/www.arovite.com\/es\/wp-json\/wp\/v2\/pages\/5096","targetHints":{"allow":["GET"]}}],"collection":[{"href":"https:\/\/www.arovite.com\/es\/wp-json\/wp\/v2\/pages"}],"about":[{"href":"https:\/\/www.arovite.com\/es\/wp-json\/wp\/v2\/types\/page"}],"author":[{"embeddable":true,"href":"https:\/\/www.arovite.com\/es\/wp-json\/wp\/v2\/users\/1"}],"replies":[{"embeddable":true,"href":"https:\/\/www.arovite.com\/es\/wp-json\/wp\/v2\/comments?post=5096"}],"version-history":[{"count":1,"href":"https:\/\/www.arovite.com\/es\/wp-json\/wp\/v2\/pages\/5096\/revisions"}],"predecessor-version":[{"id":5097,"href":"https:\/\/www.arovite.com\/es\/wp-json\/wp\/v2\/pages\/5096\/revisions\/5097"}],"wp:attachment":[{"href":"https:\/\/www.arovite.com\/es\/wp-json\/wp\/v2\/media?parent=5096"}],"curies":[{"name":"wp","href":"https:\/\/api.w.org\/{rel}","templated":true}]}}