{"id":5081,"date":"2015-12-02T22:12:27","date_gmt":"2015-12-02T22:12:27","guid":{"rendered":"http:\/\/www.arovite.com\/?page_id=5081"},"modified":"2015-12-30T11:46:29","modified_gmt":"2015-12-30T11:46:29","slug":"landa-jon-mirena-2008","status":"publish","type":"page","link":"https:\/\/www.arovite.com\/es\/landa-jon-mirena-2008\/","title":{"rendered":"LANDA, Jon Mirena (2008)"},"content":{"rendered":"<div class=\"wpb-content-wrapper\"><p>[vc_row][vc_column width=&#8221;1\/1&#8243;][vc_column_text][vc_empty_space height=&#8221;20&#8243;]<br \/>\n<strong>Referencia bibliogr\u00e1fica<\/strong><br \/>\nLANDA, Jon Mirena (2008): <em>Informe sobre v\u00edctimas de vulneraciones de derechos humanos derivadas de la violencia de motivaci\u00f3n pol\u00edtica<\/em>. Gobierno Vasco.<\/p>\n<p><a class=\"button blue  medium \" href=\"http:\/\/www.arovite.com\/documentos\/2008_Landa.pdf\" target=\"_blank\">Consultar PDF<\/a>[vc_empty_space height=&#8221;10&#8243;]<br \/>\n<strong>Resumen<\/strong><br \/>\nEl presente informe responde al mandato definido por el Parlamento Vasco en el transcurso del Pleno Monogr\u00e1fico sobre V\u00edctimas del Terrorismo celebrado los d\u00edas 5 y 17 de octubre de 2007 y dirigido a la Direcci\u00f3n de Derechos Humanos del Gobierno Vasco. En dicho mandato se encarga la elaboraci\u00f3n \u201cde un informe exhaustivo y riguroso sobre la realidad de otras v\u00edctimas de vulneraciones de derechos humanos derivadas de la violencia de motivaci\u00f3n pol\u00edtica, con atenci\u00f3n especial a la identificaci\u00f3n de las v\u00edctimas y estudio de las medidas necesarias que den respuesta a su reconocimiento moral y reparaci\u00f3n\u201d. Pero este mandato no es \u00fanico, sino que se formula a la vez que se insta a la Direcci\u00f3n de Atenci\u00f3n a las V\u00edctimas del Terrorismo a la elaboraci\u00f3n de otro informe igualmente \u201cexhaustivo y riguroso sobre la realidad de las v\u00edctimas del terrorismo practicado por los grupos incontrolados, de extrema derecha y el GAL, con atenci\u00f3n especial a la identificaci\u00f3n de las v\u00edctimas y estudios del grado de reconocimiento de los derechos reconocidos en la legislaci\u00f3n vigente\u201d. Se trata, por tanto, de dos informes diferentes, separados y complementarios que deben ayudar a clarificar una realidad que no tiene un registro oficial n\u00edtido. El mandato reconoce la existencia de un conjunto de v\u00edctimas del terrorismo y de vulneraciones de derechos humanos derivadas de la violencia de motivaci\u00f3n pol\u00edtica cuyo registro oficial en cuanto a qui\u00e9nes son (listados exhaustivos) y qu\u00e9 derechos deben tener, ofrece serias dudas y lagunas. Los mandatos excluyen de su objeto a las v\u00edctimas del terrorismo de ETA y otros grupos similares en el entendido de que la informaci\u00f3n oficial sobre su existencia (listados) y el reconocimiento de sus derechos tienen un grado suficiente de solvencia.<br \/>\n[vc_empty_space height=&#8221;10&#8243;]<br \/>\n<strong>Autor<\/strong><br \/>\nJon Mirena Landa. <a title=\"Dialnet\" href=\"http:\/\/dialnet.unirioja.es\/servlet\/autor?codigo=267428\" target=\"_blank\">P\u00e1gina del autor en Dialnet.<\/a><br \/>\n[vc_empty_space height=&#8221;10&#8243;]<br \/>\n<strong>Tipo de documento<\/strong><br \/>\nInforme<br \/>\n[vc_empty_space height=&#8221;10&#8243;]<br \/>\n[\/vc_column_text][\/vc_column][\/vc_row]<\/p>\n<\/div>","protected":false},"excerpt":{"rendered":"<p>[vc_row][vc_column width=&#8221;1\/1&#8243;][vc_column_text][vc_empty_space height=&#8221;20&#8243;] Referencia bibliogr\u00e1fica LANDA, Jon Mirena (2008): Informe sobre v\u00edctimas de vulneraciones de derechos humanos derivadas de la violencia de motivaci\u00f3n pol\u00edtica. Gobierno Vasco. Consultar PDF[vc_empty_space height=&#8221;10&#8243;] Resumen&hellip;<\/p>\n","protected":false},"author":1,"featured_media":0,"parent":0,"menu_order":0,"comment_status":"open","ping_status":"open","template":"","meta":{"om_disable_all_campaigns":false,"_monsterinsights_skip_tracking":false,"_monsterinsights_sitenote_active":false,"_monsterinsights_sitenote_note":"","_monsterinsights_sitenote_category":0,"_uf_show_specific_survey":0,"_uf_disable_surveys":false,"_vp_format_video_url":"","_vp_image_focal_point":[],"_vp_custom_popup_image":0,"_vp_format_audio_url":"","_vp_custom_thumbnail":0,"_vp_custom_thumbnail_focal_point":[],"_vp_hover_thumbnail":0,"_vp_hover_thumbnail_focal_point":[],"footnotes":""},"class_list":["post-5081","page","type-page","status-publish","hentry"],"aioseo_notices":[],"_links":{"self":[{"href":"https:\/\/www.arovite.com\/es\/wp-json\/wp\/v2\/pages\/5081","targetHints":{"allow":["GET"]}}],"collection":[{"href":"https:\/\/www.arovite.com\/es\/wp-json\/wp\/v2\/pages"}],"about":[{"href":"https:\/\/www.arovite.com\/es\/wp-json\/wp\/v2\/types\/page"}],"author":[{"embeddable":true,"href":"https:\/\/www.arovite.com\/es\/wp-json\/wp\/v2\/users\/1"}],"replies":[{"embeddable":true,"href":"https:\/\/www.arovite.com\/es\/wp-json\/wp\/v2\/comments?post=5081"}],"version-history":[{"count":3,"href":"https:\/\/www.arovite.com\/es\/wp-json\/wp\/v2\/pages\/5081\/revisions"}],"predecessor-version":[{"id":5387,"href":"https:\/\/www.arovite.com\/es\/wp-json\/wp\/v2\/pages\/5081\/revisions\/5387"}],"wp:attachment":[{"href":"https:\/\/www.arovite.com\/es\/wp-json\/wp\/v2\/media?parent=5081"}],"curies":[{"name":"wp","href":"https:\/\/api.w.org\/{rel}","templated":true}]}}