{"id":5053,"date":"2015-12-02T21:43:45","date_gmt":"2015-12-02T21:43:45","guid":{"rendered":"http:\/\/www.arovite.com\/?page_id=5053"},"modified":"2015-12-30T12:44:44","modified_gmt":"2015-12-30T12:44:44","slug":"parlamento-vasco-2014","status":"publish","type":"page","link":"https:\/\/www.arovite.com\/es\/parlamento-vasco-2014\/","title":{"rendered":"Parlamento Vasco (2014)"},"content":{"rendered":"<div class=\"wpb-content-wrapper\"><p>[vc_row][vc_column width=&#8221;1\/1&#8243;][vc_column_text][vc_empty_space height=&#8221;20&#8243;]<br \/>\n<strong>Referencia bibliogr\u00e1fica<\/strong><br \/>\nParlamento Vasco (2014): Ley 4\/2014, de 27 de noviembre, de creaci\u00f3n del Instituto de la Memoria, la Convivencia y los Derechos Humanos.<\/p>\n<p><a class=\"button blue  medium \" href=\"http:\/\/www.arovite.com\/documentos\/2014_Ley_Instituto_Memoria_Euskadi.pdf\" target=\"_blank\">Consultar PDF<\/a>[vc_empty_space height=&#8221;10&#8243;]<br \/>\n<strong>Resumen<\/strong><br \/>\nEl art\u00edculo 9 del Estatuto de Autonom\u00eda establece la misi\u00f3n fundamental que debe orientar la actuaci\u00f3n de los poderes p\u00fablicos vascos, comprendiendo en ella la garant\u00eda del adecuado ejercicio de los derechos y deberes fundamentales de los ciudadanos, el impulso de una pol\u00edtica tendente a la mejora de las condiciones de vida y la promoci\u00f3n de las condiciones y la remoci\u00f3n de los obst\u00e1culos para que la libertad y la igualdad del individuo y de los grupos en que se integra sean efectivas y reales. La gesti\u00f3n de una memoria democr\u00e1tica es uno de los factores directamente vinculados a la restituci\u00f3n y promoci\u00f3n de valores como la libertad, la igualdad y la dignidad humana. La memoria es un derecho ciudadano, no una obligaci\u00f3n. Responde a la voluntad de compartir una reflexi\u00f3n cr\u00edtica ante los acontecimientos de nuestra historia reciente que supusieron una violaci\u00f3n de derechos humanos sostenida y socialmente traum\u00e1tica. A lo largo de los \u00faltimos cien a\u00f1os la sociedad vasca ha sufrido al menos cuatro experiencias traum\u00e1ticas marcadas por la violencia: la Guerra Civil, la dictadura franquista, el terrorismo de ETA y los contraterrorismos il\u00edcitos. Siendo diferentes, los cuatro guardan un nexo com\u00fan: el sufrimiento injustamente padecido y el esfuerzo por construir y defender, aun en las peores circunstancias, una convivencia democr\u00e1tica y una sociedad basada en la defensa de los derechos humanos, paz y libertad.<br \/>\n[vc_empty_space height=&#8221;10&#8243;]<br \/>\n<strong>Laburpena<\/strong><br \/>\nAutonomia Estatutuaren 9. artikuluan ezarrita dago zein den euskal botere publikoen jarduera gidatu behar duen funtsezko xedea, eta hor sartzen dira herritarren oinarrizko eskubide eta betebeharren erabilera egokia bermatzea, bizi-baldintzen hobekuntzaren aldeko politika bultzatzea, eta gizakien eta gizataldeen askatasuna eta berdintasuna zinezko eta benetako izan daitezen baldintzak eragitea eta oztopoak desagerraraztea. Memoria demokratiko bat gestionatzeak lotura zuzena du askatasuna, berdintasuna eta giza duintasuna bezalako balioak lehengoratzearekin eta bultzatzearekin. Herritarren eskubidea da memoria, ez betebehar bat. Gogoeta kritiko bat elkarbanatzeko borondateari erantzuten dio, giza eskubideen urraketa iraunkor eta sozialki traumatikoa ekarri zuten gure historia berriko gertaerei buruzko gogoeta kritiko bat. Azkeneko ehun urtean, euskal gizarteak gutxienez indarkeriak markatutako lau esperientzia traumatiko sufritu ditu: Gerra Zibila, diktadura frankista, ETAren terrorismoa eta legez kontrako antiterrorismoak. Ezberdinak izanik ere, badute laurek lotura komun bat: bidegabeki jasandako sufrimendua, eta egoera okerrenetan ere bizikidetza demokratikoa eta giza eskubideen defentsan, bakean eta askatasunean oinarritutako gizarte bat eraiki eta defendatzeko ahalegina.<br \/>\n[vc_empty_space height=&#8221;10&#8243;]<br \/>\n<strong>Tipo de documento<\/strong><br \/>\nLey<br \/>\n[vc_empty_space height=&#8221;10&#8243;]<br \/>\n<a title=\"Enlace alternativo\" href=\"https:\/\/www.boe.es\/boe\/dias\/2014\/12\/19\/pdfs\/BOE-A-2014-13185.pdf\" target=\"_blank\"><strong>Enlace alternativo.<\/strong><\/a><br \/>\n[\/vc_column_text][\/vc_column][\/vc_row]<\/p>\n<\/div>","protected":false},"excerpt":{"rendered":"<p>[vc_row][vc_column width=&#8221;1\/1&#8243;][vc_column_text][vc_empty_space height=&#8221;20&#8243;] Referencia bibliogr\u00e1fica Parlamento Vasco (2014): Ley 4\/2014, de 27 de noviembre, de creaci\u00f3n del Instituto de la Memoria, la Convivencia y los Derechos Humanos. Consultar PDF[vc_empty_space height=&#8221;10&#8243;]&hellip;<\/p>\n","protected":false},"author":1,"featured_media":0,"parent":0,"menu_order":0,"comment_status":"open","ping_status":"open","template":"","meta":{"om_disable_all_campaigns":false,"_monsterinsights_skip_tracking":false,"_monsterinsights_sitenote_active":false,"_monsterinsights_sitenote_note":"","_monsterinsights_sitenote_category":0,"_uf_show_specific_survey":0,"_uf_disable_surveys":false,"_vp_format_video_url":"","_vp_image_focal_point":[],"_vp_custom_popup_image":0,"_vp_format_audio_url":"","_vp_custom_thumbnail":0,"_vp_custom_thumbnail_focal_point":[],"_vp_hover_thumbnail":0,"_vp_hover_thumbnail_focal_point":[],"footnotes":""},"class_list":["post-5053","page","type-page","status-publish","hentry"],"aioseo_notices":[],"_links":{"self":[{"href":"https:\/\/www.arovite.com\/es\/wp-json\/wp\/v2\/pages\/5053","targetHints":{"allow":["GET"]}}],"collection":[{"href":"https:\/\/www.arovite.com\/es\/wp-json\/wp\/v2\/pages"}],"about":[{"href":"https:\/\/www.arovite.com\/es\/wp-json\/wp\/v2\/types\/page"}],"author":[{"embeddable":true,"href":"https:\/\/www.arovite.com\/es\/wp-json\/wp\/v2\/users\/1"}],"replies":[{"embeddable":true,"href":"https:\/\/www.arovite.com\/es\/wp-json\/wp\/v2\/comments?post=5053"}],"version-history":[{"count":3,"href":"https:\/\/www.arovite.com\/es\/wp-json\/wp\/v2\/pages\/5053\/revisions"}],"predecessor-version":[{"id":5451,"href":"https:\/\/www.arovite.com\/es\/wp-json\/wp\/v2\/pages\/5053\/revisions\/5451"}],"wp:attachment":[{"href":"https:\/\/www.arovite.com\/es\/wp-json\/wp\/v2\/media?parent=5053"}],"curies":[{"name":"wp","href":"https:\/\/api.w.org\/{rel}","templated":true}]}}