{"id":5045,"date":"2015-12-02T21:37:08","date_gmt":"2015-12-02T21:37:08","guid":{"rendered":"http:\/\/www.arovite.com\/?page_id=5045"},"modified":"2016-01-26T17:22:55","modified_gmt":"2016-01-26T17:22:55","slug":"cortes-generales-de-espana-2011","status":"publish","type":"page","link":"https:\/\/www.arovite.com\/es\/cortes-generales-de-espana-2011\/","title":{"rendered":"Cortes Generales de Espa\u00f1a (2011)"},"content":{"rendered":"<div class=\"wpb-content-wrapper\"><p>[vc_row][vc_column width=&#8221;1\/1&#8243;][vc_column_text][vc_empty_space height=&#8221;20&#8243;]<br \/>\n<strong>Referencia bibliogr\u00e1fica<\/strong><br \/>\nCortes Generales de Espa\u00f1a (2011): Ley 29\/2011, de 22 de septiembre, de Reconocimiento y Protecci\u00f3n Integral a las V\u00edctimas del Terrorismo.<\/p>\n<p><a class=\"button blue  medium \" href=\"http:\/\/www.arovite.com\/documentos\/2011_Ley_espanola.pdf\" target=\"_blank\">Consultar PDF<\/a>[vc_empty_space height=&#8221;10&#8243;]<br \/>\n<strong>Resumen<\/strong><br \/>\nCon la presente Ley, la sociedad espa\u00f1ola, a trav\u00e9s de sus leg\u00edtimos representantes en el Congreso de los Diputados y en el Senado, rinde homenaje a las v\u00edctimas del terrorismo y expresa su compromiso permanente con todas las personas que lo han sufrido o que lo pudieran sufrir en el futuro, en cualquiera de sus formas. Esta Ley es, por tanto, un signo de reconocimiento y de respeto, pero tambi\u00e9n de solidaridad debida. El apoyo integral que persigue representa el esfuerzo compartido de reparaci\u00f3n que las v\u00edctimas y sus familias merecen, inspirado por los principios de memoria, dignidad, justicia y verdad. En efecto, memoria, dignidad, justicia y verdad, son las ideas fuerza que fundamentan el dispositivo normativo recogido en la presente Ley buscando en \u00faltima instancia la reparaci\u00f3n integral de la v\u00edctima. De acuerdo con estos cuatro principios fundamentales, el Estado reitera su compromiso de perseguir la derrota definitiva, incondicional y sin contrapartidas del terrorismo en todas sus manifestaciones.<br \/>\n[vc_empty_space height=&#8221;10&#8243;]<br \/>\n<strong>Tipo de documento<\/strong><br \/>\nLey<br \/>\n[vc_empty_space height=&#8221;10&#8243;]<br \/>\n<a title=\"Enlace alternativo\" href=\"http:\/\/www.boe.es\/boe\/dias\/2011\/09\/23\/pdfs\/BOE-A-2011-15039.pdf\" target=\"_blank\"><strong>Enlace alternativo.<\/strong><\/a><br \/>\n[\/vc_column_text][\/vc_column][\/vc_row]<\/p>\n<\/div>","protected":false},"excerpt":{"rendered":"<p>[vc_row][vc_column width=&#8221;1\/1&#8243;][vc_column_text][vc_empty_space height=&#8221;20&#8243;] Referencia bibliogr\u00e1fica Cortes Generales de Espa\u00f1a (2011): Ley 29\/2011, de 22 de septiembre, de Reconocimiento y Protecci\u00f3n Integral a las V\u00edctimas del Terrorismo. Consultar PDF[vc_empty_space height=&#8221;10&#8243;] Resumen&hellip;<\/p>\n","protected":false},"author":1,"featured_media":0,"parent":0,"menu_order":0,"comment_status":"open","ping_status":"open","template":"","meta":{"om_disable_all_campaigns":false,"_monsterinsights_skip_tracking":false,"_monsterinsights_sitenote_active":false,"_monsterinsights_sitenote_note":"","_monsterinsights_sitenote_category":0,"_uf_show_specific_survey":0,"_uf_disable_surveys":false,"_vp_format_video_url":"","_vp_image_focal_point":[],"_vp_custom_popup_image":0,"_vp_format_audio_url":"","_vp_custom_thumbnail":0,"_vp_custom_thumbnail_focal_point":[],"_vp_hover_thumbnail":0,"_vp_hover_thumbnail_focal_point":[],"footnotes":""},"class_list":["post-5045","page","type-page","status-publish","hentry"],"aioseo_notices":[],"_links":{"self":[{"href":"https:\/\/www.arovite.com\/es\/wp-json\/wp\/v2\/pages\/5045","targetHints":{"allow":["GET"]}}],"collection":[{"href":"https:\/\/www.arovite.com\/es\/wp-json\/wp\/v2\/pages"}],"about":[{"href":"https:\/\/www.arovite.com\/es\/wp-json\/wp\/v2\/types\/page"}],"author":[{"embeddable":true,"href":"https:\/\/www.arovite.com\/es\/wp-json\/wp\/v2\/users\/1"}],"replies":[{"embeddable":true,"href":"https:\/\/www.arovite.com\/es\/wp-json\/wp\/v2\/comments?post=5045"}],"version-history":[{"count":3,"href":"https:\/\/www.arovite.com\/es\/wp-json\/wp\/v2\/pages\/5045\/revisions"}],"predecessor-version":[{"id":6553,"href":"https:\/\/www.arovite.com\/es\/wp-json\/wp\/v2\/pages\/5045\/revisions\/6553"}],"wp:attachment":[{"href":"https:\/\/www.arovite.com\/es\/wp-json\/wp\/v2\/media?parent=5045"}],"curies":[{"name":"wp","href":"https:\/\/api.w.org\/{rel}","templated":true}]}}