{"id":5037,"date":"2015-12-02T21:33:14","date_gmt":"2015-12-02T21:33:14","guid":{"rendered":"http:\/\/www.arovite.com\/?page_id=5037"},"modified":"2015-12-30T12:35:13","modified_gmt":"2015-12-30T12:35:13","slug":"parlamento-de-andalucia-2010","status":"publish","type":"page","link":"https:\/\/www.arovite.com\/es\/parlamento-de-andalucia-2010\/","title":{"rendered":"Parlamento de Andaluc\u00eda (2010)"},"content":{"rendered":"<div class=\"wpb-content-wrapper\"><p>[vc_row][vc_column width=&#8221;1\/1&#8243;][vc_column_text][vc_empty_space height=&#8221;20&#8243;]<br \/>\n<strong>Referencia bibliogr\u00e1fica<\/strong><br \/>\nParlamento de Andaluc\u00eda (2010): Ley 10\/2010, de 15 de noviembre, relativa a medidas para la asistencia y atenci\u00f3n a las v\u00edctimas del terrorismo de la Comunidad Aut\u00f3noma de Andaluc\u00eda.<\/p>\n<p><a class=\"button blue  medium \" href=\"http:\/\/www.arovite.com\/documentos\/2010_Ley_Andalucia.pdf\" target=\"_blank\">Consultar PDF<\/a>[vc_empty_space height=&#8221;10&#8243;]<br \/>\n<strong>Resumen<\/strong><br \/>\nLa Constituci\u00f3n Espa\u00f1ola de 1978 reconoce el derecho a la vida y a la integridad f\u00edsica y moral en su art\u00edculo 15. Del mismo modo reconoce nuestra Constituci\u00f3n en su art\u00edculo 17 el derecho de toda persona a la libertad y a la seguridad. Estos derechos, incardinados en la secci\u00f3n 1\u00aa del cap\u00edtulo segundo del t\u00edtulo I, vinculan a todos los poderes p\u00fablicos, los cuales tienen la obligaci\u00f3n de adoptar cuantas medidas de acci\u00f3n positiva sean necesarias para hacerlos reales y efectivos, removiendo, en su caso, los obst\u00e1culos que impidan o dificulten la plenitud de su ejercicio. Las v\u00edctimas del terrorismo han sido, con su contribuci\u00f3n personal, el exponente de una sociedad decidida a no consentir que nada ni nadie subvierta los valores de la convivencia, de la tolerancia y de la libertad. Por eso las v\u00edctimas constituyen el m\u00e1s claro paradigma de la voluntad colectiva de los ciudadanos en pro de un futuro en paz que se ha de construir desde el di\u00e1logo, el consenso y el respeto rec\u00edproco entre las diversas opciones pol\u00edticas que ostentan la representaci\u00f3n leg\u00edtima de la ciudadan\u00eda.<br \/>\n[vc_empty_space height=&#8221;10&#8243;]<br \/>\n<strong>Tipo de documento<\/strong><br \/>\nLey<br \/>\n[vc_empty_space height=&#8221;10&#8243;]<br \/>\n<a title=\"Enlace alternativo\" href=\"https:\/\/www.boe.es\/boe\/dias\/2010\/12\/06\/pdfs\/BOE-A-2010-18688.pdf\" target=\"_blank\"><strong>Enlace alternativo.<\/strong><\/a><br \/>\n[\/vc_column_text][\/vc_column][\/vc_row]<\/p>\n<\/div>","protected":false},"excerpt":{"rendered":"<p>[vc_row][vc_column width=&#8221;1\/1&#8243;][vc_column_text][vc_empty_space height=&#8221;20&#8243;] Referencia bibliogr\u00e1fica Parlamento de Andaluc\u00eda (2010): Ley 10\/2010, de 15 de noviembre, relativa a medidas para la asistencia y atenci\u00f3n a las v\u00edctimas del terrorismo de la&hellip;<\/p>\n","protected":false},"author":1,"featured_media":0,"parent":0,"menu_order":0,"comment_status":"open","ping_status":"open","template":"","meta":{"om_disable_all_campaigns":false,"_monsterinsights_skip_tracking":false,"_monsterinsights_sitenote_active":false,"_monsterinsights_sitenote_note":"","_monsterinsights_sitenote_category":0,"_uf_show_specific_survey":0,"_uf_disable_surveys":false,"_vp_format_video_url":"","_vp_image_focal_point":[],"_vp_custom_popup_image":0,"_vp_format_audio_url":"","_vp_custom_thumbnail":0,"_vp_custom_thumbnail_focal_point":[],"_vp_hover_thumbnail":0,"_vp_hover_thumbnail_focal_point":[],"footnotes":""},"class_list":["post-5037","page","type-page","status-publish","hentry"],"aioseo_notices":[],"_links":{"self":[{"href":"https:\/\/www.arovite.com\/es\/wp-json\/wp\/v2\/pages\/5037","targetHints":{"allow":["GET"]}}],"collection":[{"href":"https:\/\/www.arovite.com\/es\/wp-json\/wp\/v2\/pages"}],"about":[{"href":"https:\/\/www.arovite.com\/es\/wp-json\/wp\/v2\/types\/page"}],"author":[{"embeddable":true,"href":"https:\/\/www.arovite.com\/es\/wp-json\/wp\/v2\/users\/1"}],"replies":[{"embeddable":true,"href":"https:\/\/www.arovite.com\/es\/wp-json\/wp\/v2\/comments?post=5037"}],"version-history":[{"count":2,"href":"https:\/\/www.arovite.com\/es\/wp-json\/wp\/v2\/pages\/5037\/revisions"}],"predecessor-version":[{"id":5434,"href":"https:\/\/www.arovite.com\/es\/wp-json\/wp\/v2\/pages\/5037\/revisions\/5434"}],"wp:attachment":[{"href":"https:\/\/www.arovite.com\/es\/wp-json\/wp\/v2\/media?parent=5037"}],"curies":[{"name":"wp","href":"https:\/\/api.w.org\/{rel}","templated":true}]}}