{"id":5013,"date":"2015-12-02T21:17:15","date_gmt":"2015-12-02T21:17:15","guid":{"rendered":"http:\/\/www.arovite.com\/?page_id=5013"},"modified":"2016-01-26T17:24:40","modified_gmt":"2016-01-26T17:24:40","slug":"cortes-generales-de-espana-1999","status":"publish","type":"page","link":"https:\/\/www.arovite.com\/es\/cortes-generales-de-espana-1999\/","title":{"rendered":"Cortes Generales de Espa\u00f1a (1999)"},"content":{"rendered":"<div class=\"wpb-content-wrapper\"><p>[vc_row][vc_column width=&#8221;1\/1&#8243;][vc_column_text][vc_empty_space height=&#8221;20&#8243;]<br \/>\n<strong>Referencia bibliogr\u00e1fica<\/strong><br \/>\nCortes Generales de Espa\u00f1a (1999): Ley 32\/1999, de 8 de octubre, de Solidaridad con las v\u00edctimas del terrorismo.<\/p>\n<p><a class=\"button blue  medium \" href=\"http:\/\/www.arovite.com\/documentos\/1999_Ley_espanola.pdf\" target=\"_blank\">Consultar PDF<\/a>[vc_empty_space height=&#8221;10&#8243;]<br \/>\n<strong>Resumen<\/strong><br \/>\nMediante la presente Ley, la sociedad espa\u00f1ola rinde tributo de honor a cuantos han sufrido la violencia terrorista. Los Grupos Parlamentarios del Congreso de los Diputados y del Senado por unanimidad quieren hacer de esta iniciativa una expresi\u00f3n de reconocimiento y solidaridad en orden a ofrecer a las v\u00edctimas del terrorismo la manifestaci\u00f3n de profundo homenaje que, sin duda, merece su sacrificio. Las v\u00edctimas del terrorismo han sido, con su contribuci\u00f3n personal, el exponente de una sociedad decidida a no consentir que nada ni nadie subvierta los valores de la convivencia, de la tolerancia y de la libertad. Por eso las v\u00edctimas constituyen el m\u00e1s limpio paradigma de la voluntad colectiva de los ciudadanos en pro de un futuro en paz que se ha de construir desde el di\u00e1logo, el consenso y el respeto rec\u00edproco entre las diversas opciones pol\u00edticas que ostentan la representaci\u00f3n leg\u00edtima de la ciudadan\u00eda. La recuperaci\u00f3n de la democracia afirm\u00f3 un proyecto de convivencia decidido a superar los viejos conflictos de nuestra Historia. Un proyecto asentado en el respeto a la ley, a la voluntad popular y al libre y pac\u00edfico ejercicio de cualquier reivindicaci\u00f3n pol\u00edtica. Nada, pues, justifica el uso de forma alguna de violencia ni cabe argumento para que unos pocos hayan quebrado la paz.<br \/>\n[vc_empty_space height=&#8221;10&#8243;]<br \/>\n<strong>Tipo de documento<\/strong><br \/>\nLey<br \/>\n[vc_empty_space height=&#8221;10&#8243;]<br \/>\n<a title=\"Enlace alternativo\" href=\"https:\/\/www.boe.es\/boe\/dias\/1999\/10\/09\/pdfs\/A36050-36052.pdf\" target=\"_blank\"><strong>Enlace alternativo.<\/strong><\/a><br \/>\n[\/vc_column_text][\/vc_column][\/vc_row]<\/p>\n<\/div>","protected":false},"excerpt":{"rendered":"<p>[vc_row][vc_column width=&#8221;1\/1&#8243;][vc_column_text][vc_empty_space height=&#8221;20&#8243;] Referencia bibliogr\u00e1fica Cortes Generales de Espa\u00f1a (1999): Ley 32\/1999, de 8 de octubre, de Solidaridad con las v\u00edctimas del terrorismo. Consultar PDF[vc_empty_space height=&#8221;10&#8243;] Resumen Mediante la presente&hellip;<\/p>\n","protected":false},"author":1,"featured_media":0,"parent":0,"menu_order":0,"comment_status":"open","ping_status":"open","template":"","meta":{"om_disable_all_campaigns":false,"_monsterinsights_skip_tracking":false,"_monsterinsights_sitenote_active":false,"_monsterinsights_sitenote_note":"","_monsterinsights_sitenote_category":0,"_uf_show_specific_survey":0,"_uf_disable_surveys":false,"_vp_format_video_url":"","_vp_image_focal_point":[],"_vp_custom_popup_image":0,"_vp_format_audio_url":"","_vp_custom_thumbnail":0,"_vp_custom_thumbnail_focal_point":[],"_vp_hover_thumbnail":0,"_vp_hover_thumbnail_focal_point":[],"footnotes":""},"class_list":["post-5013","page","type-page","status-publish","hentry"],"aioseo_notices":[],"_links":{"self":[{"href":"https:\/\/www.arovite.com\/es\/wp-json\/wp\/v2\/pages\/5013","targetHints":{"allow":["GET"]}}],"collection":[{"href":"https:\/\/www.arovite.com\/es\/wp-json\/wp\/v2\/pages"}],"about":[{"href":"https:\/\/www.arovite.com\/es\/wp-json\/wp\/v2\/types\/page"}],"author":[{"embeddable":true,"href":"https:\/\/www.arovite.com\/es\/wp-json\/wp\/v2\/users\/1"}],"replies":[{"embeddable":true,"href":"https:\/\/www.arovite.com\/es\/wp-json\/wp\/v2\/comments?post=5013"}],"version-history":[{"count":3,"href":"https:\/\/www.arovite.com\/es\/wp-json\/wp\/v2\/pages\/5013\/revisions"}],"predecessor-version":[{"id":6556,"href":"https:\/\/www.arovite.com\/es\/wp-json\/wp\/v2\/pages\/5013\/revisions\/6556"}],"wp:attachment":[{"href":"https:\/\/www.arovite.com\/es\/wp-json\/wp\/v2\/media?parent=5013"}],"curies":[{"name":"wp","href":"https:\/\/api.w.org\/{rel}","templated":true}]}}