{"id":5011,"date":"2015-12-02T21:15:41","date_gmt":"2015-12-02T21:15:41","guid":{"rendered":"http:\/\/www.arovite.com\/?page_id=5011"},"modified":"2016-01-26T17:28:07","modified_gmt":"2016-01-26T17:28:07","slug":"comunidad-de-madrid-1996","status":"publish","type":"page","link":"https:\/\/www.arovite.com\/es\/comunidad-de-madrid-1996\/","title":{"rendered":"Comunidad de Madrid (1996)"},"content":{"rendered":"<div class=\"wpb-content-wrapper\"><p>[vc_row][vc_column width=&#8221;1\/1&#8243;][vc_column_text][vc_empty_space height=&#8221;20&#8243;]<br \/>\n<strong>Referencia bibliogr\u00e1fica<\/strong><br \/>\nComunidad de Madrid (1996). Ley 12\/1996, de 19 de diciembre, de Ayudas a las V\u00edctimas del Terrorismo.<\/p>\n<p><a class=\"button blue  medium \" href=\"http:\/\/www.arovite.com\/documentos\/1996_Ley_Madrid.pdf\" target=\"_blank\">Consultar PDF<\/a>[vc_empty_space height=&#8221;10&#8243;]<br \/>\n<strong>Resumen<\/strong><br \/>\nLa presente Ley constituye la plasmaci\u00f3n de la solidaridad de la Comunidad de Madrid con las v\u00edctimas del terrorismo. La finalidad de la ley consiste en contribuir a paliar los da\u00f1os ocasionados por los atentados a sus v\u00edctimas. Lo deseable ser\u00eda que las ayudas permanecieran in\u00e9ditas, ya que la aplicaci\u00f3n de la ley supondr\u00eda la constataci\u00f3n de una frustraci\u00f3n previa, derivada de la pervivencia del terrorismo. Los afectados por los atentados terroristas perpetrados en la Comunidad de Madrid tienen acceso a las ayudas concedidas por la Administraci\u00f3n del Estado, complementadas, en el municipio de Madrid, y en el caso de la reparaci\u00f3n de los da\u00f1os de la vivienda habitual, por la actuaci\u00f3n del Ayuntamiento de la capital, en el marco del convenio suscrito con el Ministerio del Interior, vigente desde diciembre de 1995. Las ayudas de la Comunidad de Madrid se insertan en este contexto y vienen a completar las medidas estatales, siguiendo as\u00ed la pauta de las ayudas concedidas, en sus respectivos territorios, por la Comunidad Foral de Navarra y la Comunidad Aut\u00f3noma del Pa\u00eds Vasco.<br \/>\n[vc_empty_space height=&#8221;10&#8243;]<br \/>\n<strong>Tipo de documento<\/strong><br \/>\nLey<br \/>\n[vc_empty_space height=&#8221;10&#8243;]<br \/>\n<a title=\"Enlace alternativo\" href=\"http:\/\/www.madrid.org\/wleg\/servlet\/Servidor?opcion=VerHtml&#038;nmnorma=477&#038;cdestado=P\"><strong>Enlace alternativo.<\/strong><\/a><br \/>\n[\/vc_column_text][\/vc_column][\/vc_row]<\/p>\n<\/div>","protected":false},"excerpt":{"rendered":"<p>[vc_row][vc_column width=&#8221;1\/1&#8243;][vc_column_text][vc_empty_space height=&#8221;20&#8243;] Referencia bibliogr\u00e1fica Comunidad de Madrid (1996). Ley 12\/1996, de 19 de diciembre, de Ayudas a las V\u00edctimas del Terrorismo. Consultar PDF[vc_empty_space height=&#8221;10&#8243;] Resumen La presente Ley constituye&hellip;<\/p>\n","protected":false},"author":1,"featured_media":0,"parent":0,"menu_order":0,"comment_status":"open","ping_status":"open","template":"","meta":{"om_disable_all_campaigns":false,"_monsterinsights_skip_tracking":false,"_monsterinsights_sitenote_active":false,"_monsterinsights_sitenote_note":"","_monsterinsights_sitenote_category":0,"_uf_show_specific_survey":0,"_uf_disable_surveys":false,"_vp_format_video_url":"","_vp_image_focal_point":[],"_vp_custom_popup_image":0,"_vp_format_audio_url":"","_vp_custom_thumbnail":0,"_vp_custom_thumbnail_focal_point":[],"_vp_hover_thumbnail":0,"_vp_hover_thumbnail_focal_point":[],"footnotes":""},"class_list":["post-5011","page","type-page","status-publish","hentry"],"aioseo_notices":[],"_links":{"self":[{"href":"https:\/\/www.arovite.com\/es\/wp-json\/wp\/v2\/pages\/5011","targetHints":{"allow":["GET"]}}],"collection":[{"href":"https:\/\/www.arovite.com\/es\/wp-json\/wp\/v2\/pages"}],"about":[{"href":"https:\/\/www.arovite.com\/es\/wp-json\/wp\/v2\/types\/page"}],"author":[{"embeddable":true,"href":"https:\/\/www.arovite.com\/es\/wp-json\/wp\/v2\/users\/1"}],"replies":[{"embeddable":true,"href":"https:\/\/www.arovite.com\/es\/wp-json\/wp\/v2\/comments?post=5011"}],"version-history":[{"count":4,"href":"https:\/\/www.arovite.com\/es\/wp-json\/wp\/v2\/pages\/5011\/revisions"}],"predecessor-version":[{"id":6564,"href":"https:\/\/www.arovite.com\/es\/wp-json\/wp\/v2\/pages\/5011\/revisions\/6564"}],"wp:attachment":[{"href":"https:\/\/www.arovite.com\/es\/wp-json\/wp\/v2\/media?parent=5011"}],"curies":[{"name":"wp","href":"https:\/\/api.w.org\/{rel}","templated":true}]}}