{"id":4974,"date":"2015-12-02T13:38:49","date_gmt":"2015-12-02T13:38:49","guid":{"rendered":"http:\/\/www.arovite.com\/?page_id=4974"},"modified":"2015-12-02T13:38:49","modified_gmt":"2015-12-02T13:38:49","slug":"lima-maria-de-la-luz-2006","status":"publish","type":"page","link":"https:\/\/www.arovite.com\/es\/lima-maria-de-la-luz-2006\/","title":{"rendered":"LIMA, Mar\u00eda de la Luz (2006)"},"content":{"rendered":"<div class=\"wpb-content-wrapper\"><p>[vc_row][vc_column width=&#8221;1\/1&#8243;][vc_column_text][vc_empty_space height=&#8221;20&#8243;]<br \/>\n<strong>Referencia bibliogr\u00e1fica<\/strong><br \/>\nLIMA, Mar\u00eda de la Luz (2006): \u00abLas v\u00edctimas del delito y el abuso del poder del terrorismo\u00bb, <em>Eguzkilore<\/em>, n\u00ba 20, pp. 41-74.<\/p>\n<p><a class=\"button blue  medium \" href=\"http:\/\/www.ehu.eus\/documents\/1736829\/2174920\/06+-+Victimas+Delito.pdf\" target=\"_blank\">Consultar PDF<\/a>[vc_empty_space height=&#8221;10&#8243;]<br \/>\n<strong>Resumen<\/strong><br \/>\nEl fen\u00f3meno del terrorismo provoca graves problemas pol\u00edticos, econ\u00f3micos y sociales, no s\u00f3lo al Estado sino a las v\u00edctimas, a sus familiares y a toda la comunidad, present\u00e1ndose actualmente con nuevas t\u00e9cnicas y estrategias, potenciado por la globalizaci\u00f3n. Partiendo de la definici\u00f3n de terrorismo, y analizando brevemente la tipolog\u00eda de terroristas, se estudian las diferentes formas de victimaci\u00f3n, su impacto, as\u00ed como las estrategias y respuestas victimol\u00f3gicas, examinando asimismo los diferentes modelos de atenci\u00f3n frente a este fen\u00f3meno.<br \/>\n[vc_empty_space height=&#8221;10&#8243;]<br \/>\n<strong>Laburpena<\/strong><br \/>\nTerrorismoaren fenomenoak arazo politiko, ekonomiko eta sozialak sortarazten ditu, ez bakarrik Estatuari baizik eta kaltetuei, beraien senideei eta komunitate osoari ere. Globalizazioak indartuta, egun teknika eta estrategia berriekin agertzen zaigu. Terrorismoaren definizioa kontutan hartuta, eta terrorista desberdinen tipologia aztertu eta gero, biktimazio forma desberdinak hausnartzen dira, bere eragina, estrategia eta erantzun biktimologikoak, eta era berean fenomeno honi aurre egiteko laguntza eredu desberdinak aztertzen dira.<br \/>\n[vc_empty_space height=&#8221;10&#8243;]<br \/>\n<strong>Abstract<\/strong><br \/>\nTerrorism produces serious politic, economic and social problems, not only for the Estate but for victims, relatives and the whole community too. Now it is present through new techniques and strategies, boosted by globalization. Starting from the definition of terrorism, and analysing briefly the typology of terrorists, different forms of victimization and their impact as well as strategies and victimological responses are studied, and different models to face these phenomena are examined.<br \/>\n[vc_empty_space height=&#8221;10&#8243;]<br \/>\n<strong>Autor<\/strong><br \/>\nMar\u00eda de la Luz Lima. <a title=\"Dialnet\" href=\"http:\/\/dialnet.unirioja.es\/servlet\/autor?codigo=1983716\" target=\"_blank\">P\u00e1gina del autor en Dialnet.<\/a><br \/>\n[vc_empty_space height=&#8221;10&#8243;]<br \/>\n<strong>Tipo de documento<\/strong><br \/>\nArt\u00edculo<br \/>\n[vc_empty_space height=&#8221;10&#8243;]<br \/>\n<a title=\"Enlace alternativo\" href=\"http:\/\/dialnet.unirioja.es\/servlet\/articulo?codigo=3290420\" target=\"_blank\"><strong>Enlace alternativo.<\/strong><\/a><br \/>\n[\/vc_column_text][\/vc_column][\/vc_row]<\/p>\n<\/div>","protected":false},"excerpt":{"rendered":"<p>[vc_row][vc_column width=&#8221;1\/1&#8243;][vc_column_text][vc_empty_space height=&#8221;20&#8243;] Referencia bibliogr\u00e1fica LIMA, Mar\u00eda de la Luz (2006): \u00abLas v\u00edctimas del delito y el abuso del poder del terrorismo\u00bb, Eguzkilore, n\u00ba 20, pp. 41-74. Consultar PDF[vc_empty_space height=&#8221;10&#8243;]&hellip;<\/p>\n","protected":false},"author":1,"featured_media":0,"parent":0,"menu_order":0,"comment_status":"open","ping_status":"open","template":"","meta":{"om_disable_all_campaigns":false,"_monsterinsights_skip_tracking":false,"_monsterinsights_sitenote_active":false,"_monsterinsights_sitenote_note":"","_monsterinsights_sitenote_category":0,"_uf_show_specific_survey":0,"_uf_disable_surveys":false,"_vp_format_video_url":"","_vp_image_focal_point":[],"_vp_custom_popup_image":0,"_vp_format_audio_url":"","_vp_custom_thumbnail":0,"_vp_custom_thumbnail_focal_point":[],"_vp_hover_thumbnail":0,"_vp_hover_thumbnail_focal_point":[],"footnotes":""},"class_list":["post-4974","page","type-page","status-publish","hentry"],"aioseo_notices":[],"_links":{"self":[{"href":"https:\/\/www.arovite.com\/es\/wp-json\/wp\/v2\/pages\/4974","targetHints":{"allow":["GET"]}}],"collection":[{"href":"https:\/\/www.arovite.com\/es\/wp-json\/wp\/v2\/pages"}],"about":[{"href":"https:\/\/www.arovite.com\/es\/wp-json\/wp\/v2\/types\/page"}],"author":[{"embeddable":true,"href":"https:\/\/www.arovite.com\/es\/wp-json\/wp\/v2\/users\/1"}],"replies":[{"embeddable":true,"href":"https:\/\/www.arovite.com\/es\/wp-json\/wp\/v2\/comments?post=4974"}],"version-history":[{"count":1,"href":"https:\/\/www.arovite.com\/es\/wp-json\/wp\/v2\/pages\/4974\/revisions"}],"predecessor-version":[{"id":4975,"href":"https:\/\/www.arovite.com\/es\/wp-json\/wp\/v2\/pages\/4974\/revisions\/4975"}],"wp:attachment":[{"href":"https:\/\/www.arovite.com\/es\/wp-json\/wp\/v2\/media?parent=4974"}],"curies":[{"name":"wp","href":"https:\/\/api.w.org\/{rel}","templated":true}]}}