{"id":4947,"date":"2015-12-02T13:20:49","date_gmt":"2015-12-02T13:20:49","guid":{"rendered":"http:\/\/www.arovite.com\/?page_id=4947"},"modified":"2015-12-02T13:20:49","modified_gmt":"2015-12-02T13:20:49","slug":"llera-francisco-j-1992","status":"publish","type":"page","link":"https:\/\/www.arovite.com\/es\/llera-francisco-j-1992\/","title":{"rendered":"LLERA, Francisco J. (1992)"},"content":{"rendered":"<div class=\"wpb-content-wrapper\"><p>[vc_row][vc_column width=&#8221;1\/1&#8243;][vc_column_text][vc_empty_space height=&#8221;20&#8243;]<br \/>\n<strong>Referencia bibliogr\u00e1fica<\/strong><br \/>\nLLERA, Francisco J. (1992): \u00abETA: Ej\u00e9rcito secreto y movimiento social\u00bb, <em>Revista de Estudios Pol\u00edticos<\/em>, n\u00ba 78, pp. 161-193. <\/p>\n<p><a class=\"button blue  medium \" href=\"http:\/\/www.cepc.gob.es\/publicaciones\/revistas\/revistaselectronicas?IDR=3&#038;IDN=235&#038;IDA=16772\" target=\"_blank\">Consultar PDF<\/a>[vc_empty_space height=&#8221;10&#8243;]<br \/>\n<strong>Resumen<\/strong><br \/>\nLa organizaci\u00f3n vasca ETA ha sido la protagonista principal de la actividad terrorista entre 1968 y 1992, con m\u00e1s de seiscientas muertes atribuibles a dicha organizaci\u00f3n en este per\u00edodo. ETA fue fundada en 1959 por una coalici\u00f3n de grupos de j\u00f3venes radicales, uno de los cuales se hab\u00eda escindido del hist\u00f3rico Partido Nacionalista Vasco (PNV). Desde el principio, sus objetivos prioritarios han sido la independencia del Pa\u00eds Vasco y la recuperaci\u00f3n de la cultura y lengua vascas. Las generaciones de vascos de la posguerra civil crecieron en un clima de violencia y represi\u00f3n, tanto f\u00edsica como simb\u00f3lica, en el contexto de la dictadura. Reaccionaron contra el conservadurismo del PNV porque hab\u00eda abandonado el radicalismo del movimiento \u00e9tnico. ETA intent\u00f3 desplazar el papel desempe\u00f1ado por los partidos de la izquierda tradicional entre el movimiento obrero vasco. Esta estructura de competici\u00f3n fue un factor importante de tensiones ideol\u00f3gicas y estrat\u00e9gicas internas. La transici\u00f3n espa\u00f1ola de la dictadura a la democracia, incluyendo la autonom\u00eda vasca, gener\u00f3 un proceso de diferenciaci\u00f3n pol\u00edtica con un sistema de partidos de pluralismo polarizado y extremo en el Pa\u00eds Vasco. Las nuevas circunstancias pol\u00edticas, especialmente el proceso electoral, hicieron saltar las contradicciones estrat\u00e9gicas y org\u00e1nicas dentro de ETA. M\u00e1s del 90 por 100 de las muertes atribuibles a ETA ocurrieron despu\u00e9s de la muerte de Franco.<br \/>\n[vc_empty_space height=&#8221;10&#8243;]<br \/>\n<strong>Autor<\/strong><br \/>\nFrancisco J. Llera. <a title=\"Dialnet\" href=\"http:\/\/dialnet.unirioja.es\/servlet\/autor?codigo=55650\" target=\"_blank\">P\u00e1gina del autor en Dialnet.<\/a><br \/>\n[vc_empty_space height=&#8221;10&#8243;]<br \/>\n<strong>Tipo de documento<\/strong><br \/>\nArt\u00edculo<br \/>\n[vc_empty_space height=&#8221;10&#8243;]<br \/>\n<a title=\"Enlace alternativo\" href=\"http:\/\/dialnet.unirioja.es\/servlet\/articulo?codigo=27192\" target=\"_blank\"><strong>Enlace alternativo.<\/strong><\/a><br \/>\n[\/vc_column_text][\/vc_column][\/vc_row]<\/p>\n<\/div>","protected":false},"excerpt":{"rendered":"<p>[vc_row][vc_column width=&#8221;1\/1&#8243;][vc_column_text][vc_empty_space height=&#8221;20&#8243;] Referencia bibliogr\u00e1fica LLERA, Francisco J. (1992): \u00abETA: Ej\u00e9rcito secreto y movimiento social\u00bb, Revista de Estudios Pol\u00edticos, n\u00ba 78, pp. 161-193. Consultar PDF[vc_empty_space height=&#8221;10&#8243;] Resumen La organizaci\u00f3n vasca&hellip;<\/p>\n","protected":false},"author":1,"featured_media":0,"parent":0,"menu_order":0,"comment_status":"open","ping_status":"open","template":"","meta":{"om_disable_all_campaigns":false,"_monsterinsights_skip_tracking":false,"_monsterinsights_sitenote_active":false,"_monsterinsights_sitenote_note":"","_monsterinsights_sitenote_category":0,"_uf_show_specific_survey":0,"_uf_disable_surveys":false,"_vp_format_video_url":"","_vp_image_focal_point":[],"_vp_custom_popup_image":0,"_vp_format_audio_url":"","_vp_custom_thumbnail":0,"_vp_custom_thumbnail_focal_point":[],"_vp_hover_thumbnail":0,"_vp_hover_thumbnail_focal_point":[],"footnotes":""},"class_list":["post-4947","page","type-page","status-publish","hentry"],"aioseo_notices":[],"_links":{"self":[{"href":"https:\/\/www.arovite.com\/es\/wp-json\/wp\/v2\/pages\/4947","targetHints":{"allow":["GET"]}}],"collection":[{"href":"https:\/\/www.arovite.com\/es\/wp-json\/wp\/v2\/pages"}],"about":[{"href":"https:\/\/www.arovite.com\/es\/wp-json\/wp\/v2\/types\/page"}],"author":[{"embeddable":true,"href":"https:\/\/www.arovite.com\/es\/wp-json\/wp\/v2\/users\/1"}],"replies":[{"embeddable":true,"href":"https:\/\/www.arovite.com\/es\/wp-json\/wp\/v2\/comments?post=4947"}],"version-history":[{"count":1,"href":"https:\/\/www.arovite.com\/es\/wp-json\/wp\/v2\/pages\/4947\/revisions"}],"predecessor-version":[{"id":4948,"href":"https:\/\/www.arovite.com\/es\/wp-json\/wp\/v2\/pages\/4947\/revisions\/4948"}],"wp:attachment":[{"href":"https:\/\/www.arovite.com\/es\/wp-json\/wp\/v2\/media?parent=4947"}],"curies":[{"name":"wp","href":"https:\/\/api.w.org\/{rel}","templated":true}]}}