{"id":4918,"date":"2015-12-02T12:53:10","date_gmt":"2015-12-02T12:53:10","guid":{"rendered":"http:\/\/www.arovite.com\/?page_id=4918"},"modified":"2015-12-02T12:53:10","modified_gmt":"2015-12-02T12:53:10","slug":"lopez-romo-raul-y-van-der-leeuw-barbara-2013","status":"publish","type":"page","link":"https:\/\/www.arovite.com\/es\/lopez-romo-raul-y-van-der-leeuw-barbara-2013\/","title":{"rendered":"L\u00d3PEZ ROMO, Ra\u00fal y VAN DER LEEUW, Barbara (2013)"},"content":{"rendered":"<div class=\"wpb-content-wrapper\"><p>[vc_row][vc_column width=&#8221;1\/1&#8243;][vc_column_text][vc_empty_space height=&#8221;20&#8243;]<br \/>\n<strong>Referencia bibliogr\u00e1fica<\/strong><br \/>\nL\u00d3PEZ ROMO, Ra\u00fal y VAN DER LEEUW, Barbara (2013): \u00abForjando naci\u00f3n desde abajo: violencia e identidades en el Pa\u00eds Vasco y el Ulster\u00bb, <em>Cuadernos de Historia Contempor\u00e1nea<\/em>, n\u00ba 35, pp. 15-39.<\/p>\n<p><a class=\"button blue  medium \" href=\"http:\/\/revistas.ucm.es\/index.php\/CHCO\/article\/view\/42647\/40526\" target=\"_blank\">Consultar PDF<\/a>[vc_empty_space height=&#8221;10&#8243;]<br \/>\n<strong>Resumen<\/strong><br \/>\nEn Irlanda del Norte la principal l\u00ednea divisoria de la poblaci\u00f3n es la pertenencia a una categor\u00eda espec\u00edfica, la de comunidad pol\u00edtico-religiosa. En diversas ocasiones se ha comparado la situaci\u00f3n del Pa\u00eds Vasco con la del Ulster. En este art\u00edculo comprobaremos si la sociedad vasca podr\u00eda ser clasificada de la misma manera que la norirlandesa. Pretendemos responder a la siguiente pregunta principal: \u00bfen qu\u00e9 medida el nacionalismo desde abajo en Irlanda del Norte y Euskadi se parece o difiere respecto a la construcci\u00f3n de comunidades pol\u00edtico-religiosas? Nos centraremos en la evoluci\u00f3n de las alas radicales de los nacionalismos vasco, espa\u00f1ol, brit\u00e1nico e irland\u00e9s en la segunda mitad del siglo XX.<br \/>\n[vc_empty_space height=&#8221;10&#8243;]<br \/>\n<strong>Abstract<\/strong><br \/>\nIn Northern Ireland the population has been classified into different communities following political\/ religious categories. Scholars, as well as the people in general, have usually compared the situation in the Basque Country with that existing in Ulster. In this article we explore whether Basque society might be classified using the kind of categories valid for the Northern Irish, trying to address the following question: To what extent does Northern Ireland\u2019s \u201cnationalism from below\u201d reflect the same kind of political-religious communities prevailing in the Basque Country? In order to find an answer we focus on the evolution of radical nationalist groups in the Basque Country, Spain, the United Kingdom and Ireland in the second half of the twentieth century.<br \/>\n[vc_empty_space height=&#8221;10&#8243;]<br \/>\n<strong>Autor<\/strong><br \/>\nRa\u00fal L\u00f3pez Romo. <a title=\"Dialnet\" href=\"http:\/\/dialnet.unirioja.es\/servlet\/autor?codigo=2165020\" target=\"_blank\">P\u00e1gina del autor en Dialnet.<\/a><br \/>\nBarbara van der Leeuw. <a title=\"Dialnet\" href=\"http:\/\/dialnet.unirioja.es\/servlet\/autor?codigo=2901492\" target=\"_blank\">P\u00e1gina del autor en Dialnet.<\/a><br \/>\n[vc_empty_space height=&#8221;10&#8243;]<br \/>\n<strong>Tipo de documento<\/strong><br \/>\nArt\u00edculo<br \/>\n[vc_empty_space height=&#8221;10&#8243;]<br \/>\n<a title=\"Enlace alternativo\" href=\"http:\/\/dialnet.unirioja.es\/servlet\/articulo?codigo=4501179\" target=\"_blank\"><strong>Enlace alternativo.<\/strong><\/a><br \/>\n[\/vc_column_text][\/vc_column][\/vc_row]<\/p>\n<\/div>","protected":false},"excerpt":{"rendered":"<p>[vc_row][vc_column width=&#8221;1\/1&#8243;][vc_column_text][vc_empty_space height=&#8221;20&#8243;] Referencia bibliogr\u00e1fica L\u00d3PEZ ROMO, Ra\u00fal y VAN DER LEEUW, Barbara (2013): \u00abForjando naci\u00f3n desde abajo: violencia e identidades en el Pa\u00eds Vasco y el Ulster\u00bb, Cuadernos de&hellip;<\/p>\n","protected":false},"author":1,"featured_media":0,"parent":0,"menu_order":0,"comment_status":"open","ping_status":"open","template":"","meta":{"om_disable_all_campaigns":false,"_monsterinsights_skip_tracking":false,"_monsterinsights_sitenote_active":false,"_monsterinsights_sitenote_note":"","_monsterinsights_sitenote_category":0,"_uf_show_specific_survey":0,"_uf_disable_surveys":false,"_vp_format_video_url":"","_vp_image_focal_point":[],"_vp_custom_popup_image":0,"_vp_format_audio_url":"","_vp_custom_thumbnail":0,"_vp_custom_thumbnail_focal_point":[],"_vp_hover_thumbnail":0,"_vp_hover_thumbnail_focal_point":[],"footnotes":""},"class_list":["post-4918","page","type-page","status-publish","hentry"],"aioseo_notices":[],"_links":{"self":[{"href":"https:\/\/www.arovite.com\/es\/wp-json\/wp\/v2\/pages\/4918","targetHints":{"allow":["GET"]}}],"collection":[{"href":"https:\/\/www.arovite.com\/es\/wp-json\/wp\/v2\/pages"}],"about":[{"href":"https:\/\/www.arovite.com\/es\/wp-json\/wp\/v2\/types\/page"}],"author":[{"embeddable":true,"href":"https:\/\/www.arovite.com\/es\/wp-json\/wp\/v2\/users\/1"}],"replies":[{"embeddable":true,"href":"https:\/\/www.arovite.com\/es\/wp-json\/wp\/v2\/comments?post=4918"}],"version-history":[{"count":1,"href":"https:\/\/www.arovite.com\/es\/wp-json\/wp\/v2\/pages\/4918\/revisions"}],"predecessor-version":[{"id":4919,"href":"https:\/\/www.arovite.com\/es\/wp-json\/wp\/v2\/pages\/4918\/revisions\/4919"}],"wp:attachment":[{"href":"https:\/\/www.arovite.com\/es\/wp-json\/wp\/v2\/media?parent=4918"}],"curies":[{"name":"wp","href":"https:\/\/api.w.org\/{rel}","templated":true}]}}