{"id":4906,"date":"2015-12-02T12:04:57","date_gmt":"2015-12-02T12:04:57","guid":{"rendered":"http:\/\/www.arovite.com\/?page_id=4906"},"modified":"2015-12-02T12:04:57","modified_gmt":"2015-12-02T12:04:57","slug":"lopez-romo-raul-2011-2","status":"publish","type":"page","link":"https:\/\/www.arovite.com\/es\/lopez-romo-raul-2011-2\/","title":{"rendered":"L\u00d3PEZ ROMO, Ra\u00fal (2011)"},"content":{"rendered":"<div class=\"wpb-content-wrapper\"><p>[vc_row][vc_column width=&#8221;1\/1&#8243;][vc_column_text][vc_empty_space height=&#8221;20&#8243;]<br \/>\n<strong>Referencia bibliogr\u00e1fica<\/strong><br \/>\nL\u00d3PEZ ROMO, Ra\u00fal (2011): \u00ab\u00bfDemocracia desde abajo? Violencia y no violencia en la controversia sobre la central nuclear de Lem\u00f3niz (Euskadi, 1976-1982)\u00bb, <em>Historia, Trabajo y Sociedad<\/em>, n\u00ba 2, pp. 91-117. <\/p>\n<p><a class=\"button blue  medium \" href=\"http:\/\/www.1mayo.ccoo.es\/nova\/files\/1018\/0204Romo.pdf\" target=\"_blank\">Consultar PDF<\/a>[vc_empty_space height=&#8221;10&#8243;]<br \/>\n<strong>Resumen<\/strong><br \/>\nEn este art\u00edculo se ofrece, primero, una s\u00edntesis de algunos debates te\u00f3ricos acerca de la acci\u00f3n colectiva, segundo, una discusi\u00f3n del concepto de nuevos movimientos sociales y, tercero, un estudio de caso sobre la interacci\u00f3n de acciones violentas y no violentas en torno a la controversia nuclear en Euskadi. Este \u00faltimo tema facilita una v\u00eda para tocar campos de an\u00e1lisis como la relevancia de la participaci\u00f3n de los movimientos sociales en la Transici\u00f3n espa\u00f1ola, las complejas relaciones entre conflictividad social y violencia pol\u00edtica y el papel de la sociedad civil en los procesos de democratizaci\u00f3n.<br \/>\n[vc_empty_space height=&#8221;10&#8243;]<br \/>\n<strong>Abstract<\/strong><br \/>\nThis article offers, first of all, a synthesis of some theoretical debates on collective action; secondly, a discussion on the concept of new social movements and, in the third place, a case study about the interaction of violent and non-violent action in the nuclear power controversy in the Basque Country. A historical analysis on the latter topic gives us the chance to include aspects such as the relevance of the participation of the social movements in the Spanish Transition, the complex relations between social conflicts and political violence, and the role of the civil society in the process of democratization.<br \/>\n[vc_empty_space height=&#8221;10&#8243;]<br \/>\n<strong>Autor<\/strong><br \/>\nRa\u00fal L\u00f3pez Romo. <a title=\"Dialnet\" href=\"http:\/\/dialnet.unirioja.es\/servlet\/autor?codigo=2165020\" target=\"_blank\">P\u00e1gina del autor en Dialnet.<\/a><br \/>\n[vc_empty_space height=&#8221;10&#8243;]<br \/>\n<strong>Tipo de documento<\/strong><br \/>\nArt\u00edculo<br \/>\n[vc_empty_space height=&#8221;10&#8243;]<br \/>\n<a title=\"Enlace alternativo\" href=\"http:\/\/dialnet.unirioja.es\/servlet\/articulo?codigo=3807085\" target=\"_blank\"><strong>Enlace alternativo.<\/strong><\/a><br \/>\n[\/vc_column_text][\/vc_column][\/vc_row]<\/p>\n<\/div>","protected":false},"excerpt":{"rendered":"<p>[vc_row][vc_column width=&#8221;1\/1&#8243;][vc_column_text][vc_empty_space height=&#8221;20&#8243;] Referencia bibliogr\u00e1fica L\u00d3PEZ ROMO, Ra\u00fal (2011): \u00ab\u00bfDemocracia desde abajo? Violencia y no violencia en la controversia sobre la central nuclear de Lem\u00f3niz (Euskadi, 1976-1982)\u00bb, Historia, Trabajo y&hellip;<\/p>\n","protected":false},"author":1,"featured_media":0,"parent":0,"menu_order":0,"comment_status":"open","ping_status":"open","template":"","meta":{"om_disable_all_campaigns":false,"_monsterinsights_skip_tracking":false,"_monsterinsights_sitenote_active":false,"_monsterinsights_sitenote_note":"","_monsterinsights_sitenote_category":0,"_uf_show_specific_survey":0,"_uf_disable_surveys":false,"_vp_format_video_url":"","_vp_image_focal_point":[],"_vp_custom_popup_image":0,"_vp_format_audio_url":"","_vp_custom_thumbnail":0,"_vp_custom_thumbnail_focal_point":[],"_vp_hover_thumbnail":0,"_vp_hover_thumbnail_focal_point":[],"footnotes":""},"class_list":["post-4906","page","type-page","status-publish","hentry"],"aioseo_notices":[],"_links":{"self":[{"href":"https:\/\/www.arovite.com\/es\/wp-json\/wp\/v2\/pages\/4906","targetHints":{"allow":["GET"]}}],"collection":[{"href":"https:\/\/www.arovite.com\/es\/wp-json\/wp\/v2\/pages"}],"about":[{"href":"https:\/\/www.arovite.com\/es\/wp-json\/wp\/v2\/types\/page"}],"author":[{"embeddable":true,"href":"https:\/\/www.arovite.com\/es\/wp-json\/wp\/v2\/users\/1"}],"replies":[{"embeddable":true,"href":"https:\/\/www.arovite.com\/es\/wp-json\/wp\/v2\/comments?post=4906"}],"version-history":[{"count":1,"href":"https:\/\/www.arovite.com\/es\/wp-json\/wp\/v2\/pages\/4906\/revisions"}],"predecessor-version":[{"id":4907,"href":"https:\/\/www.arovite.com\/es\/wp-json\/wp\/v2\/pages\/4906\/revisions\/4907"}],"wp:attachment":[{"href":"https:\/\/www.arovite.com\/es\/wp-json\/wp\/v2\/media?parent=4906"}],"curies":[{"name":"wp","href":"https:\/\/api.w.org\/{rel}","templated":true}]}}