{"id":4902,"date":"2015-12-02T12:00:31","date_gmt":"2015-12-02T12:00:31","guid":{"rendered":"http:\/\/www.arovite.com\/?page_id=4902"},"modified":"2015-12-02T12:00:31","modified_gmt":"2015-12-02T12:00:31","slug":"lopez-romo-raul-y-lanero-daniel-2011","status":"publish","type":"page","link":"https:\/\/www.arovite.com\/es\/lopez-romo-raul-y-lanero-daniel-2011\/","title":{"rendered":"L\u00d3PEZ ROMO, Ra\u00fal y LANERO, Daniel (2011)"},"content":{"rendered":"<div class=\"wpb-content-wrapper\"><p>[vc_row][vc_column width=&#8221;1\/1&#8243;][vc_column_text][vc_empty_space height=&#8221;20&#8243;]<br \/>\n<strong>Referencia bibliogr\u00e1fica<\/strong><br \/>\nL\u00d3PEZ ROMO, Ra\u00fal y LANERO, Daniel (2011): \u00abAntinucleares y nacionalistas. Conflictividad socioambiental en el Pa\u00eds Vasco y la Galicia rurales de la transici\u00f3n\u00bb, <em>Historia Contempor\u00e1nea<\/em>, n\u00ba 43, pp. 749-777.<\/p>\n<p><a class=\"button blue  medium \" href=\"http:\/\/revista-hc.com\/revista\/43\/Antinucleares-y-nacionalistas.-Conflictividad-socioambiental-en-el-Pais-Vasco-y-la-Galicia-rurales-de-la-Transicion\" target=\"_blank\">Consultar PDF<\/a>[vc_empty_space height=&#8221;10&#8243;]<br \/>\n<strong>Resumen<\/strong><br \/>\nEn este art\u00edculo profundizamos en la interacci\u00f3n entre sociedad rural y organizaciones pol\u00edticas y sindicales nacionalistas en Galicia y Pa\u00eds Vasco, centr\u00e1ndonos en un tipo espec\u00edfico de conflictividad (la ambiental) y en la movilizaci\u00f3n social surgida en torno a ella. Como caso de estudio tomamos las luchas contra los proyectos de centrales nucleares en el norte de Lugo (Regodela-Xove) y la costa vasca (Deba y Lem\u00f3niz). Se trata de analizar, entre otras cosas, si dichas fuerzas pol\u00edticas y sindicatos nacionalistas intentaron introducirse pol\u00edticamente en el mundo rural con un discurso ecologista a trav\u00e9s de este tipo de conflictos y, a partir de ah\u00ed, analizar c\u00f3mo se construy\u00f3 socialmente la protesta y c\u00f3mo evolucion\u00f3 el propio movimiento social.<br \/>\n[vc_empty_space height=&#8221;10&#8243;]<br \/>\n<strong>Abstract<\/strong><br \/>\nOur aim in this article is to know more about the interaction between rural societies and nationalist political parties and trade unions in the Basque Country and Galicia during the political period known as \u00abSpanish Transition\u00bb (1976-1982). The paper mainly focuses on a specific kind of conflicts (environmental conflicts) and on the social mobilization that it provoked into Galician and Basque rural communities. As case study we have chosen the opposition against several projects to set up nuclear power plants in the north of the Galician province of Lugo (power plant of Regodela-Xove) and in the Basque Cantabrian coast (nuclear plants of Deba and Lem\u00f3niz). We analyze if these nationalist parties and unions tried to use this type of protest with electoral objectives and to strengthen their political influence into the Galician and Basque rural contexts, taking part in the conflicts with an ecologist discourse. We also focus on the paths for the social construction of protest inside the rural communities of northern Spain.<br \/>\n[vc_empty_space height=&#8221;10&#8243;]<br \/>\n<strong>Autor<\/strong><br \/>\nRa\u00fal L\u00f3pez Romo. <a title=\"Dialnet\" href=\"http:\/\/dialnet.unirioja.es\/servlet\/autor?codigo=2165020\" target=\"_blank\">P\u00e1gina del autor en Dialnet.<\/a><br \/>\nDaniel Lanero. <a title=\"Dialnet\" href=\"http:\/\/dialnet.unirioja.es\/servlet\/autor?codigo=2181358\" target=\"_blank\">P\u00e1gina del autor en Dialnet.<\/a><br \/>\n[vc_empty_space height=&#8221;10&#8243;]<br \/>\n<strong>Tipo de documento<\/strong><br \/>\nArt\u00edculo<br \/>\n[vc_empty_space height=&#8221;10&#8243;]<br \/>\n<a title=\"Enlace alternativo\" href=\"https:\/\/www.academia.edu\/6198217\/_con_Daniel_Lanero_Antinucleares_y_nacionalistas._Conflictividad_socioambiental_en_el_Pa%C3%ADs_Vasco_y_la_Galicia_rurales_de_la_Transici%C3%B3n_Historia_Contempor%C3%A1nea_no._43_2011_pp._749-777\" target=\"_blank\"><strong>Enlace alternativo.<\/strong><\/a><br \/>\n[\/vc_column_text][\/vc_column][\/vc_row]<\/p>\n<\/div>","protected":false},"excerpt":{"rendered":"<p>[vc_row][vc_column width=&#8221;1\/1&#8243;][vc_column_text][vc_empty_space height=&#8221;20&#8243;] Referencia bibliogr\u00e1fica L\u00d3PEZ ROMO, Ra\u00fal y LANERO, Daniel (2011): \u00abAntinucleares y nacionalistas. Conflictividad socioambiental en el Pa\u00eds Vasco y la Galicia rurales de la transici\u00f3n\u00bb, Historia Contempor\u00e1nea,&hellip;<\/p>\n","protected":false},"author":1,"featured_media":0,"parent":0,"menu_order":0,"comment_status":"open","ping_status":"open","template":"","meta":{"om_disable_all_campaigns":false,"_monsterinsights_skip_tracking":false,"_monsterinsights_sitenote_active":false,"_monsterinsights_sitenote_note":"","_monsterinsights_sitenote_category":0,"_uf_show_specific_survey":0,"_uf_disable_surveys":false,"_vp_format_video_url":"","_vp_image_focal_point":[],"_vp_custom_popup_image":0,"_vp_format_audio_url":"","_vp_custom_thumbnail":0,"_vp_custom_thumbnail_focal_point":[],"_vp_hover_thumbnail":0,"_vp_hover_thumbnail_focal_point":[],"footnotes":""},"class_list":["post-4902","page","type-page","status-publish","hentry"],"aioseo_notices":[],"_links":{"self":[{"href":"https:\/\/www.arovite.com\/es\/wp-json\/wp\/v2\/pages\/4902","targetHints":{"allow":["GET"]}}],"collection":[{"href":"https:\/\/www.arovite.com\/es\/wp-json\/wp\/v2\/pages"}],"about":[{"href":"https:\/\/www.arovite.com\/es\/wp-json\/wp\/v2\/types\/page"}],"author":[{"embeddable":true,"href":"https:\/\/www.arovite.com\/es\/wp-json\/wp\/v2\/users\/1"}],"replies":[{"embeddable":true,"href":"https:\/\/www.arovite.com\/es\/wp-json\/wp\/v2\/comments?post=4902"}],"version-history":[{"count":1,"href":"https:\/\/www.arovite.com\/es\/wp-json\/wp\/v2\/pages\/4902\/revisions"}],"predecessor-version":[{"id":4903,"href":"https:\/\/www.arovite.com\/es\/wp-json\/wp\/v2\/pages\/4902\/revisions\/4903"}],"wp:attachment":[{"href":"https:\/\/www.arovite.com\/es\/wp-json\/wp\/v2\/media?parent=4902"}],"curies":[{"name":"wp","href":"https:\/\/api.w.org\/{rel}","templated":true}]}}