{"id":4898,"date":"2015-12-02T11:57:19","date_gmt":"2015-12-02T11:57:19","guid":{"rendered":"http:\/\/www.arovite.com\/?page_id=4898"},"modified":"2023-10-07T10:23:21","modified_gmt":"2023-10-07T10:23:21","slug":"lopez-romo-raul-y-fernandez-soldevilla-gaizka-2011","status":"publish","type":"page","link":"https:\/\/www.arovite.com\/es\/lopez-romo-raul-y-fernandez-soldevilla-gaizka-2011\/","title":{"rendered":"L\u00d3PEZ ROMO, Ra\u00fal y FERN\u00c1NDEZ SOLDEVILLA, Gaizka (2011)"},"content":{"rendered":"<div class=\"wpb-content-wrapper\"><p>[vc_row][vc_column width=&#8221;1\/1&#8243;][vc_column_text][vc_empty_space height=&#8221;20&#8243;]<br \/>\n<strong>Referencia bibliogr\u00e1fica<\/strong><br \/>\nL\u00d3PEZ ROMO, Ra\u00fal y FERN\u00c1NDEZ SOLDEVILLA, Gaizka (2011): \u00abNacionalismo radical y exclusi\u00f3n \u00e9tnica\u00bb, <em>Cuadernos de Alzate<\/em>, n\u00ba 44, pp. 9-30. <\/p>\n<p><a class=\"button blue  medium \" href=\"http:\/\/www.arovite.com\/documentos\/2011_Lopez_Fernandez.pdf\" target=\"_blank\" rel=\"noopener\">Consultar PDF<\/a>[vc_empty_space height=&#8221;10&#8243;]<br \/>\n<strong>Resumen<\/strong><br \/>\nEn este ensayo se reflexiona sobre los instrumentos que el abertzalismo (patriotismo) radical ha empleado para decidir qui\u00e9n quedaba fuera de la naci\u00f3n vasca. Nos referiremos a dichas herramientas mediante el siguiente t\u00e9rmino: criterios de exclusi\u00f3n \u00e9tnica. Etnia se suele emplear como sin\u00f3nimo de pueblo, el Volk de los rom\u00e1nticos alemanes: un conjunto humano con alguna caracter\u00edstica compartida (historia, lengua, raza\u2026) que lo distinguir\u00eda de otros. Ahora bien, consideramos que las etnias, como colectivos homog\u00e9neos que se expresan en la historia con una voluntad y unos sentimientos comunes, no existen. As\u00ed pues, de lo que hablamos es de las f\u00f3rmulas puestas en marcha por los nacionalistas radicales para separar a las personas de la pertenencia a su pretendida naci\u00f3n de base \u00e9tnica. Y ah\u00ed entran en juego tanto criterios supuestamente objetivos (por estar adheridos pr\u00e1cticamente desde el nacimiento a la persona y\/o resultar f\u00e1cilmente reconocibles, caso de los apellidos o el idioma) como subjetivos (por referirse a la voluntad de formar parte de un colectivo a trav\u00e9s de la mediaci\u00f3n de la ideolog\u00eda, pese a que, bajo la forma de pensar etnicista, se pudiera inicialmente pertenecer, por nacimiento, a otro pueblo).<br \/>\n[vc_empty_space height=&#8221;10&#8243;]<br \/>\n<strong>Autor<\/strong><br \/>\nRa\u00fal L\u00f3pez Romo. <a title=\"Dialnet\" href=\"http:\/\/dialnet.unirioja.es\/servlet\/autor?codigo=2165020\" target=\"_blank\" rel=\"noopener\">P\u00e1gina del autor en Dialnet.<\/a><br \/>\nGaizka Fern\u00e1ndez Soldevilla. <a title=\"Dialnet\" href=\"http:\/\/dialnet.unirioja.es\/servlet\/autor?codigo=2407724\" target=\"_blank\" rel=\"noopener\">P\u00e1gina del autor en Dialnet.<\/a><br \/>\n[vc_empty_space height=&#8221;10&#8243;]<br \/>\n<strong>Tipo de documento<\/strong><br \/>\nArt\u00edculo<br \/>\n[vc_empty_space height=&#8221;10&#8243;]<br \/>\n<a title=\"Enlace alternativo\" href=\"https:\/\/www.academia.edu\/6198093\/_con_Gaizka_Fern%C3%A1ndez_Nacionalismo_radical_y_exclusi%C3%B3n_%C3%A9tnica_Cuadernos_de_Alzate_no._44_2011_pp._9-30\" target=\"_blank\" rel=\"noopener\"><strong>Enlace alternativo.<\/strong><\/a><br \/>\n[\/vc_column_text][\/vc_column][\/vc_row]<\/p>\n<\/div>","protected":false},"excerpt":{"rendered":"<p>[vc_row][vc_column width=&#8221;1\/1&#8243;][vc_column_text][vc_empty_space height=&#8221;20&#8243;] Referencia bibliogr\u00e1fica L\u00d3PEZ ROMO, Ra\u00fal y FERN\u00c1NDEZ SOLDEVILLA, Gaizka (2011): \u00abNacionalismo radical y exclusi\u00f3n \u00e9tnica\u00bb, Cuadernos de Alzate, n\u00ba 44, pp. 9-30. Consultar PDF[vc_empty_space height=&#8221;10&#8243;] Resumen En&hellip;<\/p>\n","protected":false},"author":1,"featured_media":0,"parent":0,"menu_order":0,"comment_status":"open","ping_status":"open","template":"","meta":{"om_disable_all_campaigns":false,"_monsterinsights_skip_tracking":false,"_monsterinsights_sitenote_active":false,"_monsterinsights_sitenote_note":"","_monsterinsights_sitenote_category":0,"_uf_show_specific_survey":0,"_uf_disable_surveys":false,"_vp_format_video_url":"","_vp_image_focal_point":[],"_vp_custom_popup_image":0,"_vp_format_audio_url":"","_vp_custom_thumbnail":0,"_vp_custom_thumbnail_focal_point":[],"_vp_hover_thumbnail":0,"_vp_hover_thumbnail_focal_point":[],"footnotes":""},"class_list":["post-4898","page","type-page","status-publish","hentry"],"aioseo_notices":[],"_links":{"self":[{"href":"https:\/\/www.arovite.com\/es\/wp-json\/wp\/v2\/pages\/4898","targetHints":{"allow":["GET"]}}],"collection":[{"href":"https:\/\/www.arovite.com\/es\/wp-json\/wp\/v2\/pages"}],"about":[{"href":"https:\/\/www.arovite.com\/es\/wp-json\/wp\/v2\/types\/page"}],"author":[{"embeddable":true,"href":"https:\/\/www.arovite.com\/es\/wp-json\/wp\/v2\/users\/1"}],"replies":[{"embeddable":true,"href":"https:\/\/www.arovite.com\/es\/wp-json\/wp\/v2\/comments?post=4898"}],"version-history":[{"count":3,"href":"https:\/\/www.arovite.com\/es\/wp-json\/wp\/v2\/pages\/4898\/revisions"}],"predecessor-version":[{"id":18318,"href":"https:\/\/www.arovite.com\/es\/wp-json\/wp\/v2\/pages\/4898\/revisions\/18318"}],"wp:attachment":[{"href":"https:\/\/www.arovite.com\/es\/wp-json\/wp\/v2\/media?parent=4898"}],"curies":[{"name":"wp","href":"https:\/\/api.w.org\/{rel}","templated":true}]}}