{"id":4871,"date":"2015-12-02T11:23:04","date_gmt":"2015-12-02T11:23:04","guid":{"rendered":"http:\/\/www.arovite.com\/?page_id=4871"},"modified":"2015-12-02T11:23:05","modified_gmt":"2015-12-02T11:23:05","slug":"lorenzo-espinosa-jose-maria-1998","status":"publish","type":"page","link":"https:\/\/www.arovite.com\/es\/lorenzo-espinosa-jose-maria-1998\/","title":{"rendered":"LORENZO ESPINOSA, Jos\u00e9 Mar\u00eda (1998)"},"content":{"rendered":"<div class=\"wpb-content-wrapper\"><p>[vc_row][vc_column width=&#8221;1\/1&#8243;][vc_column_text][vc_empty_space height=&#8221;20&#8243;]<br \/>\n<strong>Referencia bibliogr\u00e1fica<\/strong><br \/>\nLORENZO ESPINOSA, Jos\u00e9 Mar\u00eda (1998): \u00abLos motivos de la violencia en la historia vasca contempor\u00e1nea\u00bb, <em>Vasconia<\/em>, n\u00ba 26, pp. 271-276.<\/p>\n<p><a class=\"button blue  medium \" href=\"http:\/\/www.euskomedia.org\/PDFAnlt\/vasconia\/vas26\/26271276.pdf\" target=\"_blank\">Consultar PDF<\/a>[vc_empty_space height=&#8221;10&#8243;]<br \/>\n<strong>Resumen<\/strong><br \/>\nEn la sociedad vasca actual existe un enfrentamiento violento entre un grupo armado y el Estado, con numerosas ramificaciones sociales y pol\u00edticas. Este enfrentamiento tiene una Historia que es preciso conocer en sus rasgos m\u00e1s fundamentales. Sin necesidad de ser ning\u00fan especialista, debemos saber que la respuesta armada al Estado espa\u00f1ol tiene un origen pr\u00f3ximo, que se remonta ciertamente a la creaci\u00f3n de ETA. Pero tambi\u00e9n, que tiene un origen m\u00e1s lejano, cuyas circunstancias y motivaciones nos obligan a fijarnos, al menos en las consecuencias pol\u00edticas, econ\u00f3micas y sociales de la p\u00e9rdida de los Fueros entre 1839 y 1876.<br \/>\n[vc_empty_space height=&#8221;10&#8243;]<br \/>\n<strong>Laburpena<\/strong><br \/>\nEgungo euskal gizartearen baitan gatazka biolento bat da talde armatu baten eta Estatuaren artean eta gatazka horrek adar sozial eta politiko asko ditu. Gatazka honek Historia bat du eta horren alderdi funtsezkoenak ezagutu beharra dago. Gaian aditua izan beharrik gabe, jakin behar dugu Estatu espainiarraren aurreko erantzun armatuaren sorburu hurbila, jakina, ETAren sorrera dela. Baina badu beste sorburu urrunago bat; horren aitzingibelek eta motibazioek, gutxienez, 1839 eta 1876 urte bitarteko Foruen galerak ekarri zituen ondorio politiko, ekonomiko eta sozialak kontuan hartzera eramaten gaituzte.<br \/>\n[vc_empty_space height=&#8221;10&#8243;]<br \/>\n<strong>Autor<\/strong><br \/>\nJos\u00e9 Mar\u00eda Lorenzo Espinosa. <a title=\"Dialnet\" href=\"http:\/\/dialnet.unirioja.es\/servlet\/autor?codigo=46783\" target=\"_blank\">P\u00e1gina del autor en Dialnet.<\/a><br \/>\n[vc_empty_space height=&#8221;10&#8243;]<br \/>\n<strong>Tipo de documento<\/strong><br \/>\nArt\u00edculo<br \/>\n[vc_empty_space height=&#8221;10&#8243;]<br \/>\n<a title=\"Enlace alternativo\" href=\"http:\/\/dialnet.unirioja.es\/servlet\/articulo?codigo=4761263\" target=\"_blank\"><strong>Enlace alternativo.<\/strong><\/a><br \/>\n[\/vc_column_text][\/vc_column][\/vc_row]<\/p>\n<\/div>","protected":false},"excerpt":{"rendered":"<p>[vc_row][vc_column width=&#8221;1\/1&#8243;][vc_column_text][vc_empty_space height=&#8221;20&#8243;] Referencia bibliogr\u00e1fica LORENZO ESPINOSA, Jos\u00e9 Mar\u00eda (1998): \u00abLos motivos de la violencia en la historia vasca contempor\u00e1nea\u00bb, Vasconia, n\u00ba 26, pp. 271-276. Consultar PDF[vc_empty_space height=&#8221;10&#8243;] Resumen En&hellip;<\/p>\n","protected":false},"author":1,"featured_media":0,"parent":0,"menu_order":0,"comment_status":"open","ping_status":"open","template":"","meta":{"om_disable_all_campaigns":false,"_monsterinsights_skip_tracking":false,"_monsterinsights_sitenote_active":false,"_monsterinsights_sitenote_note":"","_monsterinsights_sitenote_category":0,"_uf_show_specific_survey":0,"_uf_disable_surveys":false,"_vp_format_video_url":"","_vp_image_focal_point":[],"_vp_custom_popup_image":0,"_vp_format_audio_url":"","_vp_custom_thumbnail":0,"_vp_custom_thumbnail_focal_point":[],"_vp_hover_thumbnail":0,"_vp_hover_thumbnail_focal_point":[],"footnotes":""},"class_list":["post-4871","page","type-page","status-publish","hentry"],"aioseo_notices":[],"_links":{"self":[{"href":"https:\/\/www.arovite.com\/es\/wp-json\/wp\/v2\/pages\/4871","targetHints":{"allow":["GET"]}}],"collection":[{"href":"https:\/\/www.arovite.com\/es\/wp-json\/wp\/v2\/pages"}],"about":[{"href":"https:\/\/www.arovite.com\/es\/wp-json\/wp\/v2\/types\/page"}],"author":[{"embeddable":true,"href":"https:\/\/www.arovite.com\/es\/wp-json\/wp\/v2\/users\/1"}],"replies":[{"embeddable":true,"href":"https:\/\/www.arovite.com\/es\/wp-json\/wp\/v2\/comments?post=4871"}],"version-history":[{"count":1,"href":"https:\/\/www.arovite.com\/es\/wp-json\/wp\/v2\/pages\/4871\/revisions"}],"predecessor-version":[{"id":4872,"href":"https:\/\/www.arovite.com\/es\/wp-json\/wp\/v2\/pages\/4871\/revisions\/4872"}],"wp:attachment":[{"href":"https:\/\/www.arovite.com\/es\/wp-json\/wp\/v2\/media?parent=4871"}],"curies":[{"name":"wp","href":"https:\/\/api.w.org\/{rel}","templated":true}]}}