{"id":4823,"date":"2015-12-02T09:30:49","date_gmt":"2015-12-02T09:30:49","guid":{"rendered":"http:\/\/www.arovite.com\/?page_id=4823"},"modified":"2015-12-02T09:30:49","modified_gmt":"2015-12-02T09:30:49","slug":"mata-lopez-jose-manuel-1998","status":"publish","type":"page","link":"https:\/\/www.arovite.com\/es\/mata-lopez-jose-manuel-1998\/","title":{"rendered":"MATA L\u00d3PEZ, Jos\u00e9 Manuel (1998)"},"content":{"rendered":"<div class=\"wpb-content-wrapper\"><p>[vc_row][vc_column width=&#8221;1\/1&#8243;][vc_column_text][vc_empty_space height=&#8221;20&#8243;]<br \/>\n<strong>Referencia bibliogr\u00e1fica<\/strong><br \/>\nMATA L\u00d3PEZ, Jos\u00e9 Manuel (1998): \u00abNationalism and political parties in the Autonomous Community of the Basque Country\u00bb, Institut de Ci\u00e8ncies Pol\u00edtiques i Socials, Universitat Aut\u00f2noma de Barcelona. Working paper n\u00ba 137.<\/p>\n<p><a class=\"button blue  medium \" href=\"http:\/\/www.icps.cat\/archivos\/WorkingPapers\/WP_I_137.pdf?noga=1\" target=\"_blank\">Consultar PDF<\/a>[vc_empty_space height=&#8221;10&#8243;]<br \/>\n<strong>Abstract<\/strong><br \/>\nThis paper aims to analyze briefly some of the most important dimensions that shape the political panorama of the Autonomous Community of the Basque Country (A.C.B.C.). My purpose is to limit myself to some aspects relating to the dynamics of the relationship among parties and their changing strategies from one of the main axes of Basque political culture that is nationalism, and the elements of identity, social tensions, political differentiation and breakdowns of the proceeding consensus (quiebras del consenso procedimental), that it involved in the Basque Country as well.<br \/>\n[vc_empty_space height=&#8221;10&#8243;]<br \/>\n<strong>Autor<\/strong><br \/>\nJos\u00e9 Manuel Mata L\u00f3pez. <a title=\"Dialnet\" href=\"http:\/\/dialnet.unirioja.es\/servlet\/autor?codigo=1370414\" target=\"_blank\">P\u00e1gina del autor en Dialnet.<\/a><br \/>\n[vc_empty_space height=&#8221;10&#8243;]<br \/>\n<strong>Tipo de documento<\/strong><br \/>\nWorking paper<br \/>\n[vc_empty_space height=&#8221;10&#8243;]<br \/>\n[\/vc_column_text][\/vc_column][\/vc_row]<\/p>\n<\/div>","protected":false},"excerpt":{"rendered":"<p>[vc_row][vc_column width=&#8221;1\/1&#8243;][vc_column_text][vc_empty_space height=&#8221;20&#8243;] Referencia bibliogr\u00e1fica MATA L\u00d3PEZ, Jos\u00e9 Manuel (1998): \u00abNationalism and political parties in the Autonomous Community of the Basque Country\u00bb, Institut de Ci\u00e8ncies Pol\u00edtiques i Socials, Universitat Aut\u00f2noma&hellip;<\/p>\n","protected":false},"author":1,"featured_media":0,"parent":0,"menu_order":0,"comment_status":"open","ping_status":"open","template":"","meta":{"om_disable_all_campaigns":false,"_monsterinsights_skip_tracking":false,"_monsterinsights_sitenote_active":false,"_monsterinsights_sitenote_note":"","_monsterinsights_sitenote_category":0,"_uf_show_specific_survey":0,"_uf_disable_surveys":false,"_vp_format_video_url":"","_vp_image_focal_point":[],"_vp_custom_popup_image":0,"_vp_format_audio_url":"","_vp_custom_thumbnail":0,"_vp_custom_thumbnail_focal_point":[],"_vp_hover_thumbnail":0,"_vp_hover_thumbnail_focal_point":[],"footnotes":""},"class_list":["post-4823","page","type-page","status-publish","hentry"],"aioseo_notices":[],"_links":{"self":[{"href":"https:\/\/www.arovite.com\/es\/wp-json\/wp\/v2\/pages\/4823","targetHints":{"allow":["GET"]}}],"collection":[{"href":"https:\/\/www.arovite.com\/es\/wp-json\/wp\/v2\/pages"}],"about":[{"href":"https:\/\/www.arovite.com\/es\/wp-json\/wp\/v2\/types\/page"}],"author":[{"embeddable":true,"href":"https:\/\/www.arovite.com\/es\/wp-json\/wp\/v2\/users\/1"}],"replies":[{"embeddable":true,"href":"https:\/\/www.arovite.com\/es\/wp-json\/wp\/v2\/comments?post=4823"}],"version-history":[{"count":1,"href":"https:\/\/www.arovite.com\/es\/wp-json\/wp\/v2\/pages\/4823\/revisions"}],"predecessor-version":[{"id":4824,"href":"https:\/\/www.arovite.com\/es\/wp-json\/wp\/v2\/pages\/4823\/revisions\/4824"}],"wp:attachment":[{"href":"https:\/\/www.arovite.com\/es\/wp-json\/wp\/v2\/media?parent=4823"}],"curies":[{"name":"wp","href":"https:\/\/api.w.org\/{rel}","templated":true}]}}