{"id":4793,"date":"2015-12-02T09:08:47","date_gmt":"2015-12-02T09:08:47","guid":{"rendered":"http:\/\/www.arovite.com\/?page_id=4793"},"modified":"2015-12-02T09:09:49","modified_gmt":"2015-12-02T09:09:49","slug":"molina-fernando-2012","status":"publish","type":"page","link":"https:\/\/www.arovite.com\/es\/molina-fernando-2012\/","title":{"rendered":"MOLINA, Fernando (2012)"},"content":{"rendered":"<div class=\"wpb-content-wrapper\"><p>[vc_row][vc_column width=&#8221;1\/1&#8243;][vc_column_text][vc_empty_space height=&#8221;20&#8243;]<br \/>\n<strong>Referencia bibliogr\u00e1fica<\/strong><br \/>\nMOLINA, Fernando (2012): \u00abAfinidades electivas: franquismo e identidad vasca\u00bb, <em>Instituto Universitario Jos\u00e9 Ortega y Gasset, Documento de trabajo<\/em>, 2012\/2.<\/p>\n<p><a class=\"button blue  medium \" href=\"https:\/\/www.ucm.es\/data\/cont\/docs\/297-2013-07-29-2-12.pdf\" target=\"_blank\">Consultar PDF<\/a>[vc_empty_space height=&#8221;10&#8243;]<br \/>\n<strong>Resumen<\/strong><br \/>\nEl Franquismo constituye, junto con la crisis foral decimon\u00f3nica, el tiempo hist\u00f3rico por antonomasia del imaginario pol\u00edtico vasco. En realidad, el Franquismo tal y como se representa en la actualidad en el Pa\u00eds Vasco integra dos tiempos, uno hist\u00f3rico, m\u00e1s sometido a los dictados de la memoria colectiva que de la historiograf\u00eda, pero que, mal que bien, trata de interpretar aquellos a trav\u00e9s del m\u00e9todo cient\u00edfico. El otro tiempo es, en s\u00ed mismo, un mito pol\u00edtico, un dispositivo narrativo destinado al debate pol\u00edtico y de la identidad. Este Franquismo m\u00edtico fue concebido en el \u00e1mbito de la oposici\u00f3n pol\u00edtica a la dictadura como un cauce externalizador de los problemas que aquejaban a ese conglomerado de organizaciones y partidos clandestinos en su diversa concepci\u00f3n de la pol\u00edtica, la identidad o la soberan\u00eda. Fue creado con el fin de que dispares facciones ideol\u00f3gicas y pol\u00edticas de signo cat\u00f3lico, liberal, marxista e incluso revolucionario se arrogaran la identificaci\u00f3n exclusiva con un ideal abstracto de libertad y democracia en cuya n\u00e9mesis colocaban a la dictadura. As\u00ed, la consideraci\u00f3n de algo o alguien como \u201cantifranquista\u201d le conced\u00eda autom\u00e1ticamente legitimidad como dem\u00f3crata, por mucho que el proyecto que reivindicara fuera poco acorde con el de una democracia liberal o \u201cburguesa\u201d, como se dec\u00eda entonces. La coyuntura pol\u00edtica del tardofranquismo, con el surgimiento de una complementaria oposici\u00f3n armada representada por ETA, y el rebrote de pol\u00edticas represivas estatales respecto de las manifestaciones pol\u00edticas y de identidad de amplios sectores de la sociedad vasca, intensific\u00f3 una consideraci\u00f3n del Franquismo m\u00e1s proclive al mito que a la historia, en la que las violencias del presente se vinculaban a las de la guerra y posguerra mediante narrativas de identidad que han gozado de amplio predicamento en la opini\u00f3n p\u00fablica y pol\u00edtica espa\u00f1ola hasta la fecha.2 Narrativas que han ignorado (si no falseado) las actitudes individuales y colectivas de complacencia, colaboraci\u00f3n o abierta identificaci\u00f3n que el r\u00e9gimen hab\u00eda concitado durante d\u00e9cada, convirtiendo al \u201cpueblo vasco\u201d en protagonista por antonomasia de la oposici\u00f3n al Franquismo.<br \/>\n[vc_empty_space height=&#8221;10&#8243;]<br \/>\n<strong>Autor<\/strong><br \/>\nFernando Molina. <a title=\"Dialnet\" href=\"http:\/\/dialnet.unirioja.es\/servlet\/autor?codigo=819573\" target=\"_blank\">P\u00e1gina del autor en Dialnet.<\/a><br \/>\n[vc_empty_space height=&#8221;10&#8243;]<br \/>\n<strong>Tipo de documento<\/strong><br \/>\nWorking paper<br \/>\n[vc_empty_space height=&#8221;10&#8243;]<br \/>\n[\/vc_column_text][\/vc_column][\/vc_row]<\/p>\n<\/div>","protected":false},"excerpt":{"rendered":"<p>[vc_row][vc_column width=&#8221;1\/1&#8243;][vc_column_text][vc_empty_space height=&#8221;20&#8243;] Referencia bibliogr\u00e1fica MOLINA, Fernando (2012): \u00abAfinidades electivas: franquismo e identidad vasca\u00bb, Instituto Universitario Jos\u00e9 Ortega y Gasset, Documento de trabajo, 2012\/2. Consultar PDF[vc_empty_space height=&#8221;10&#8243;] Resumen El Franquismo&hellip;<\/p>\n","protected":false},"author":1,"featured_media":0,"parent":0,"menu_order":0,"comment_status":"open","ping_status":"open","template":"","meta":{"om_disable_all_campaigns":false,"_monsterinsights_skip_tracking":false,"_monsterinsights_sitenote_active":false,"_monsterinsights_sitenote_note":"","_monsterinsights_sitenote_category":0,"_uf_show_specific_survey":0,"_uf_disable_surveys":false,"_vp_format_video_url":"","_vp_image_focal_point":[],"_vp_custom_popup_image":0,"_vp_format_audio_url":"","_vp_custom_thumbnail":0,"_vp_custom_thumbnail_focal_point":[],"_vp_hover_thumbnail":0,"_vp_hover_thumbnail_focal_point":[],"footnotes":""},"class_list":["post-4793","page","type-page","status-publish","hentry"],"aioseo_notices":[],"_links":{"self":[{"href":"https:\/\/www.arovite.com\/es\/wp-json\/wp\/v2\/pages\/4793","targetHints":{"allow":["GET"]}}],"collection":[{"href":"https:\/\/www.arovite.com\/es\/wp-json\/wp\/v2\/pages"}],"about":[{"href":"https:\/\/www.arovite.com\/es\/wp-json\/wp\/v2\/types\/page"}],"author":[{"embeddable":true,"href":"https:\/\/www.arovite.com\/es\/wp-json\/wp\/v2\/users\/1"}],"replies":[{"embeddable":true,"href":"https:\/\/www.arovite.com\/es\/wp-json\/wp\/v2\/comments?post=4793"}],"version-history":[{"count":2,"href":"https:\/\/www.arovite.com\/es\/wp-json\/wp\/v2\/pages\/4793\/revisions"}],"predecessor-version":[{"id":4797,"href":"https:\/\/www.arovite.com\/es\/wp-json\/wp\/v2\/pages\/4793\/revisions\/4797"}],"wp:attachment":[{"href":"https:\/\/www.arovite.com\/es\/wp-json\/wp\/v2\/media?parent=4793"}],"curies":[{"name":"wp","href":"https:\/\/api.w.org\/{rel}","templated":true}]}}