{"id":4773,"date":"2015-12-02T08:55:54","date_gmt":"2015-12-02T08:55:54","guid":{"rendered":"http:\/\/www.arovite.com\/?page_id=4773"},"modified":"2015-12-02T08:55:54","modified_gmt":"2015-12-02T08:55:54","slug":"morentin-benito-y-landa-jon-mirena-2011","status":"publish","type":"page","link":"https:\/\/www.arovite.com\/es\/morentin-benito-y-landa-jon-mirena-2011\/","title":{"rendered":"MORENT\u00cdN, Benito y LANDA, Jon Mirena (2011)"},"content":{"rendered":"<div class=\"wpb-content-wrapper\"><p>[vc_row][vc_column width=&#8221;1\/1&#8243;][vc_column_text][vc_empty_space height=&#8221;20&#8243;]<br \/>\n<strong>Referencia bibliogr\u00e1fica<\/strong><br \/>\nMORENT\u00cdN, Benito y LANDA, Jon Mirena (2011): \u00abLa tortura en relaci\u00f3n a la aplicaci\u00f3n de la normativa antiterrorista: una aproximaci\u00f3n estad\u00edstica multifactorial\u00bb, <em>Eguzkilore<\/em>, n\u00ba 25, pp. 49-74.<\/p>\n<p><a class=\"button blue  medium \" href=\"http:\/\/www.ehu.eus\/documents\/1736829\/2176993\/03-Morentin.indd.pdf\" target=\"_blank\">Consultar PDF<\/a>[vc_empty_space height=&#8221;10&#8243;]<br \/>\n<strong>Resumen<\/strong><br \/>\nEl objeto principal de este trabajo es aportar un instrumento complementario de informaci\u00f3n que pueda facilitar una mayor objetivaci\u00f3n de cu\u00e1l es la situaci\u00f3n real de la tortura en relaci\u00f3n a la aplicaci\u00f3n de la normativa antiterrorista a detenidos incomunicados por su vinculaci\u00f3n con la banda terrorista ETA. Se recogen en concreto los datos de alegaciones de malos tratos \/ tortura desde el a\u00f1o 2000 al 2008 sobre una muestra en la que se ha identificado a 957 detenidos (sobre un total de 1.231) en r\u00e9gimen de incomunicaci\u00f3n y se ha volcado la informaci\u00f3n de casi 300 denuncias judiciales y testimonios y m\u00e1s de 500 informes m\u00e9dico forenses. El estudio describe principalmente la existencia y porcentajes de alegaciones de malos tratos \/ tortura y un an\u00e1lisis de su incidencia en funci\u00f3n de variables como el cuerpo policial, situaci\u00f3n procesal, sexo, edad del detenido, a\u00f1o, lugar y motivo de la detenci\u00f3n. A lo largo del trabajo se incorpora tambi\u00e9n el contraste de los datos con los hallazgos de los informes de control de organismos oficiales y no oficiales de derechos humanos y con algunos estudios emp\u00edricos nacionales.<br \/>\n[vc_empty_space height=&#8221;10&#8243;]<br \/>\n<strong>Laburpena<\/strong><br \/>\nLan honen helburu nagusia zera da: informazio-tresna osagarri bat eskaintzea, tortura-egoera zein den modu objektiboagoan argitze aldera, ustezko ETAkide atxilotu eta inkomunitatuei terrorismoaren aurkako legeria aplikatzerakoan. 2000 eta 2008 arteko aldian izan ziren 1.231 atxilotuetatik 957 atxilotuen torturari zein tratu txarrei buruzko alegazioen datuak jasotzen dira. Horretarako inkomunikatuen 300 salaketa eta lekukotza baino gehiagoren informazioa hustu da, baita 500 txosten mediku-forenseena ere. Ikerketan tratu txarren eta torturaren existentzia eta alegazioen ehunenekoak deskribatzen dira, baita tortura gertatzeko indikadoreak faktore bat zuen arabera: alegia, gorputz polizialaren, egoera prozesalaren, sexuaren, adinaren, urtearen, lekuaren eta atxiloketa egiteko motiboaren arabera. Lanean zehar emaitzak alderatzen dira giza eskubideetako erakunde ofizial zein ez-ofizialen kontrol-txostenen emaitzekin baita Estatu mailan izan diren ikerketa enpiriko batzuekin ere.<br \/>\n[vc_empty_space height=&#8221;10&#8243;]<br \/>\n<strong>Autor<\/strong><br \/>\nBenito Morent\u00edn. <a title=\"Dialnet\" href=\"http:\/\/dialnet.unirioja.es\/servlet\/autor?codigo=2133290\" target=\"_blank\">P\u00e1gina del autor en Dialnet.<\/a><br \/>\nJon Mirena Landa. <a title=\"Dialnet\" href=\"http:\/\/dialnet.unirioja.es\/servlet\/autor?codigo=267428\" target=\"_blank\">P\u00e1gina del autor en Dialnet.<\/a><br \/>\n[vc_empty_space height=&#8221;10&#8243;]<br \/>\n<strong>Tipo de documento<\/strong><br \/>\nArt\u00edculo<br \/>\n[vc_empty_space height=&#8221;10&#8243;]<br \/>\n<a title=\"Enlace alternativo\" href=\"http:\/\/dialnet.unirioja.es\/servlet\/articulo?codigo=3902076\" target=\"_blank\"><strong>Enlace alternativo.<\/strong><\/a><br \/>\n[\/vc_column_text][\/vc_column][\/vc_row]<\/p>\n<\/div>","protected":false},"excerpt":{"rendered":"<p>[vc_row][vc_column width=&#8221;1\/1&#8243;][vc_column_text][vc_empty_space height=&#8221;20&#8243;] Referencia bibliogr\u00e1fica MORENT\u00cdN, Benito y LANDA, Jon Mirena (2011): \u00abLa tortura en relaci\u00f3n a la aplicaci\u00f3n de la normativa antiterrorista: una aproximaci\u00f3n estad\u00edstica multifactorial\u00bb, Eguzkilore, n\u00ba 25,&hellip;<\/p>\n","protected":false},"author":1,"featured_media":0,"parent":0,"menu_order":0,"comment_status":"open","ping_status":"open","template":"","meta":{"om_disable_all_campaigns":false,"_monsterinsights_skip_tracking":false,"_monsterinsights_sitenote_active":false,"_monsterinsights_sitenote_note":"","_monsterinsights_sitenote_category":0,"_uf_show_specific_survey":0,"_uf_disable_surveys":false,"_vp_format_video_url":"","_vp_image_focal_point":[],"_vp_custom_popup_image":0,"_vp_format_audio_url":"","_vp_custom_thumbnail":0,"_vp_custom_thumbnail_focal_point":[],"_vp_hover_thumbnail":0,"_vp_hover_thumbnail_focal_point":[],"footnotes":""},"class_list":["post-4773","page","type-page","status-publish","hentry"],"aioseo_notices":[],"_links":{"self":[{"href":"https:\/\/www.arovite.com\/es\/wp-json\/wp\/v2\/pages\/4773","targetHints":{"allow":["GET"]}}],"collection":[{"href":"https:\/\/www.arovite.com\/es\/wp-json\/wp\/v2\/pages"}],"about":[{"href":"https:\/\/www.arovite.com\/es\/wp-json\/wp\/v2\/types\/page"}],"author":[{"embeddable":true,"href":"https:\/\/www.arovite.com\/es\/wp-json\/wp\/v2\/users\/1"}],"replies":[{"embeddable":true,"href":"https:\/\/www.arovite.com\/es\/wp-json\/wp\/v2\/comments?post=4773"}],"version-history":[{"count":2,"href":"https:\/\/www.arovite.com\/es\/wp-json\/wp\/v2\/pages\/4773\/revisions"}],"predecessor-version":[{"id":18331,"href":"https:\/\/www.arovite.com\/es\/wp-json\/wp\/v2\/pages\/4773\/revisions\/18331"}],"wp:attachment":[{"href":"https:\/\/www.arovite.com\/es\/wp-json\/wp\/v2\/media?parent=4773"}],"curies":[{"name":"wp","href":"https:\/\/api.w.org\/{rel}","templated":true}]}}