{"id":4729,"date":"2015-11-30T13:55:23","date_gmt":"2015-11-30T13:55:23","guid":{"rendered":"http:\/\/www.arovite.com\/?page_id=4729"},"modified":"2015-12-30T12:51:23","modified_gmt":"2015-12-30T12:51:23","slug":"perez-kepa-2013-2","status":"publish","type":"page","link":"https:\/\/www.arovite.com\/es\/perez-kepa-2013-2\/","title":{"rendered":"P\u00c9REZ, Kepa (2013)"},"content":{"rendered":"<div class=\"wpb-content-wrapper\"><p>[vc_row][vc_column width=&#8221;1\/1&#8243;][vc_column_text][vc_empty_space height=&#8221;20&#8243;]<br \/>\n<strong>Referencia bibliogr\u00e1fica<\/strong><br \/>\nP\u00c9REZ, Kepa (2013): <em>El final de la violencia en Euskadi: el \u00faltimo proceso de paz. Tomo II: a\u00f1os 2012-2013<\/em>. Bilbao: Asociaci\u00f3n para la Defensa de la Dignidad Humana.<\/p>\n<p><a class=\"button blue  medium \" href=\"http:\/\/www.arovite.com\/documentos\/2013b_Perez.pdf\" target=\"_blank\">Consultar PDF<\/a>[vc_empty_space height=&#8221;10&#8243;]<br \/>\n<strong>Resumen<\/strong><br \/>\nTras la hist\u00f3rica declaraci\u00f3n de cese definitivo de la actividad armada decretada por ETA el 20 de octubre de 2011, el a\u00f1o 2012 estuvo marcado por la llegada del Partido Popular al Gobierno central y el mantenimiento de su pol\u00edtica antiterrorista contraria a cualquier negociaci\u00f3n con ETA. La manifestaci\u00f3n a favor de los derechos de los presos que se celebr\u00f3 en Bilbao el s\u00e1bado 7 de enero de 2012 dej\u00f3 un nuevo mensaje en el buz\u00f3n de Mariano Rajoy. La marcha logr\u00f3 su objetivo de movilizar a miles de ciudadanos y se limit\u00f3 a exigir el respeto a los derechos de los reos.<br \/>\n[vc_empty_space height=&#8221;10&#8243;]<br \/>\n<strong>Autor<\/strong><br \/>\nKepa P\u00e9rez.<br \/>\n[vc_empty_space height=&#8221;10&#8243;]<br \/>\n<strong>Tipo de documento<\/strong><br \/>\nLibro<br \/>\n[vc_empty_space height=&#8221;10&#8243;]<br \/>\n<a title=\"Enlace alternativo\" href=\"http:\/\/www.addh.org.es\/2_Proceso_paz_2012-2013.pdf \" target=\"_blank\"><strong>Enlace alternativo.<\/strong><\/a><br \/>\n[\/vc_column_text][\/vc_column][\/vc_row]<\/p>\n<\/div>","protected":false},"excerpt":{"rendered":"<p>[vc_row][vc_column width=&#8221;1\/1&#8243;][vc_column_text][vc_empty_space height=&#8221;20&#8243;] Referencia bibliogr\u00e1fica P\u00c9REZ, Kepa (2013): El final de la violencia en Euskadi: el \u00faltimo proceso de paz. Tomo II: a\u00f1os 2012-2013. Bilbao: Asociaci\u00f3n para la Defensa de&hellip;<\/p>\n","protected":false},"author":1,"featured_media":0,"parent":0,"menu_order":0,"comment_status":"open","ping_status":"open","template":"","meta":{"om_disable_all_campaigns":false,"_monsterinsights_skip_tracking":false,"_monsterinsights_sitenote_active":false,"_monsterinsights_sitenote_note":"","_monsterinsights_sitenote_category":0,"_uf_show_specific_survey":0,"_uf_disable_surveys":false,"_vp_format_video_url":"","_vp_image_focal_point":[],"_vp_custom_popup_image":0,"_vp_format_audio_url":"","_vp_custom_thumbnail":0,"_vp_custom_thumbnail_focal_point":[],"_vp_hover_thumbnail":0,"_vp_hover_thumbnail_focal_point":[],"footnotes":""},"class_list":["post-4729","page","type-page","status-publish","hentry"],"aioseo_notices":[],"_links":{"self":[{"href":"https:\/\/www.arovite.com\/es\/wp-json\/wp\/v2\/pages\/4729","targetHints":{"allow":["GET"]}}],"collection":[{"href":"https:\/\/www.arovite.com\/es\/wp-json\/wp\/v2\/pages"}],"about":[{"href":"https:\/\/www.arovite.com\/es\/wp-json\/wp\/v2\/types\/page"}],"author":[{"embeddable":true,"href":"https:\/\/www.arovite.com\/es\/wp-json\/wp\/v2\/users\/1"}],"replies":[{"embeddable":true,"href":"https:\/\/www.arovite.com\/es\/wp-json\/wp\/v2\/comments?post=4729"}],"version-history":[{"count":2,"href":"https:\/\/www.arovite.com\/es\/wp-json\/wp\/v2\/pages\/4729\/revisions"}],"predecessor-version":[{"id":5458,"href":"https:\/\/www.arovite.com\/es\/wp-json\/wp\/v2\/pages\/4729\/revisions\/5458"}],"wp:attachment":[{"href":"https:\/\/www.arovite.com\/es\/wp-json\/wp\/v2\/media?parent=4729"}],"curies":[{"name":"wp","href":"https:\/\/api.w.org\/{rel}","templated":true}]}}