{"id":4695,"date":"2015-11-30T13:35:37","date_gmt":"2015-11-30T13:35:37","guid":{"rendered":"http:\/\/www.arovite.com\/?page_id=4695"},"modified":"2015-11-30T13:35:37","modified_gmt":"2015-11-30T13:35:37","slug":"bullain-inigo-2014","status":"publish","type":"page","link":"https:\/\/www.arovite.com\/es\/bullain-inigo-2014\/","title":{"rendered":"BULLAIN, I\u00f1igo (2014)"},"content":{"rendered":"<div class=\"wpb-content-wrapper\"><p>[vc_row][vc_column width=&#8221;1\/1&#8243;][vc_column_text][vc_empty_space height=&#8221;20&#8243;]<br \/>\n<strong>Referencia bibliogr\u00e1fica<\/strong><br \/>\nBULLAIN, I\u00f1igo (2014): \u00abAproximaci\u00f3n a la violencia pol\u00edtica en el Pa\u00eds Vasco y perspectivas de una justicia restaurativa para Euskadi\u00bb, <em>O\u00f1ati Socio-Legal Series<\/em>, vol. 4, n\u00ba 3, pp. 465-506.<\/p>\n<p><a class=\"button blue  medium \" href=\"http:\/\/papers.ssrn.com\/sol3\/papers.cfm?abstract_id=2363899\" target=\"_blank\">Consultar PDF<\/a>[vc_empty_space height=&#8221;10&#8243;]<br \/>\n<strong>Resumen<\/strong><br \/>\nEste trabajo tiene un doble objetivo. De un lado ofrecer una explicaci\u00f3n a la violencia pol\u00edtica que el Pa\u00eds Vasco ha padecido durante cerca de 50 a\u00f1os a trav\u00e9s del estudio del denominado Movimiento de Liberaci\u00f3n Nacional Vasco. Por otra parte, reflexionar sobre las dificultades para desarrollar una justicia restaurativa tras el final de ETA. El art\u00edculo es deudor de una obra anterior del autor: \u201cRevolucionarismo Patri\u00f3tico\u201d (Tecnos 2011) donde se analiza el origen, ideolog\u00eda, estrategia y organizaci\u00f3n del MLNV. Un grupo de ideolog\u00eda patri\u00f3tico-revolucionaria que ha desarrollado una estrategia pol\u00edtico-militar y se ha organizado a trav\u00e9s de decenas de grupos en forma de movimiento de liberaci\u00f3n nacional. Este art\u00edculo incorpora una extensa bibliograf\u00eda sobre violencia pol\u00edtica.<br \/>\n[vc_empty_space height=&#8221;10&#8243;]<br \/>\n<strong>Abstract<\/strong><br \/>\nThis work has two objectives. One is to offer an explanation on the political violence that the Basque Country has suffer and experienced during almost 50 years through the study of the so-called Basque National Liberation Movement. The other aim is to reflect on the difficulties to develop Restorative Justice after the end of ETA. This article is in big debt with a former work of the author: \u201cRevolucionarismo Patri\u00f3tico\u201d (Tecnos 2011) where the origin, ideology, strategy and organization of the BNLM are analyzed. A group based on the ideology of revolutionary patriotism, which has evolved a politico-military strategy and organized itself through dozens of different associations into a national liberation movement. This article adds an extensive bibliography on political violence.<br \/>\n[vc_empty_space height=&#8221;10&#8243;]<br \/>\n<strong>Autor<\/strong><br \/>\nI\u00f1igo Bullain L\u00f3pez. <a title=\"Dialnet\" href=\"http:\/\/dialnet.unirioja.es\/servlet\/autor?codigo=985933\" target=\"_blank\">P\u00e1gina del autor en Dialnet.<\/a><br \/>\n[vc_empty_space height=&#8221;10&#8243;]<br \/>\n<strong>Tipo de documento<\/strong><br \/>\nArt\u00edculo<br \/>\n[vc_empty_space height=&#8221;10&#8243;]<br \/>\n[\/vc_column_text][\/vc_column][\/vc_row]<\/p>\n<\/div>","protected":false},"excerpt":{"rendered":"<p>[vc_row][vc_column width=&#8221;1\/1&#8243;][vc_column_text][vc_empty_space height=&#8221;20&#8243;] Referencia bibliogr\u00e1fica BULLAIN, I\u00f1igo (2014): \u00abAproximaci\u00f3n a la violencia pol\u00edtica en el Pa\u00eds Vasco y perspectivas de una justicia restaurativa para Euskadi\u00bb, O\u00f1ati Socio-Legal Series, vol. 4,&hellip;<\/p>\n","protected":false},"author":2,"featured_media":0,"parent":0,"menu_order":0,"comment_status":"open","ping_status":"open","template":"","meta":{"om_disable_all_campaigns":false,"_monsterinsights_skip_tracking":false,"_monsterinsights_sitenote_active":false,"_monsterinsights_sitenote_note":"","_monsterinsights_sitenote_category":0,"_uf_show_specific_survey":0,"_uf_disable_surveys":false,"_vp_format_video_url":"","_vp_image_focal_point":[],"_vp_custom_popup_image":0,"_vp_format_audio_url":"","_vp_custom_thumbnail":0,"_vp_custom_thumbnail_focal_point":[],"_vp_hover_thumbnail":0,"_vp_hover_thumbnail_focal_point":[],"footnotes":""},"class_list":["post-4695","page","type-page","status-publish","hentry"],"aioseo_notices":[],"_links":{"self":[{"href":"https:\/\/www.arovite.com\/es\/wp-json\/wp\/v2\/pages\/4695","targetHints":{"allow":["GET"]}}],"collection":[{"href":"https:\/\/www.arovite.com\/es\/wp-json\/wp\/v2\/pages"}],"about":[{"href":"https:\/\/www.arovite.com\/es\/wp-json\/wp\/v2\/types\/page"}],"author":[{"embeddable":true,"href":"https:\/\/www.arovite.com\/es\/wp-json\/wp\/v2\/users\/2"}],"replies":[{"embeddable":true,"href":"https:\/\/www.arovite.com\/es\/wp-json\/wp\/v2\/comments?post=4695"}],"version-history":[{"count":1,"href":"https:\/\/www.arovite.com\/es\/wp-json\/wp\/v2\/pages\/4695\/revisions"}],"predecessor-version":[{"id":4697,"href":"https:\/\/www.arovite.com\/es\/wp-json\/wp\/v2\/pages\/4695\/revisions\/4697"}],"wp:attachment":[{"href":"https:\/\/www.arovite.com\/es\/wp-json\/wp\/v2\/media?parent=4695"}],"curies":[{"name":"wp","href":"https:\/\/api.w.org\/{rel}","templated":true}]}}