{"id":4687,"date":"2015-11-30T13:29:21","date_gmt":"2015-11-30T13:29:21","guid":{"rendered":"http:\/\/www.arovite.com\/?page_id=4687"},"modified":"2015-11-30T13:29:21","modified_gmt":"2015-11-30T13:29:21","slug":"buesa-mikel-2012-b","status":"publish","type":"page","link":"https:\/\/www.arovite.com\/es\/buesa-mikel-2012-b\/","title":{"rendered":"BUESA, Mikel (2012) b"},"content":{"rendered":"<div class=\"wpb-content-wrapper\"><p>[vc_row][vc_column width=&#8221;1\/1&#8243;][vc_column_text][vc_empty_space height=&#8221;20&#8243;]<br \/>\n<strong>Referencia bibliogr\u00e1fica<\/strong><br \/>\nBUESA, Mikel (2012): \u00abLos presos de ETA y el \u201cjuego de la gallina\u201d\u00bb, <em>IAIF: Instituto de An\u00e1lisis Industrial y Financiero<\/em>, Documento de trabajo n\u00ba 83.<\/p>\n<p><a class=\"button blue  medium \" href=\"http:\/\/www.arovite.com\/documentos\/2012b_Buesa.pdf\" target=\"_blank\">Consultar PDF<\/a>[vc_empty_space height=&#8221;10&#8243;]<br \/>\n<strong>Resumen<\/strong><br \/>\nSi hay algo que resulta desconcertante en la actividad pol\u00edtica de los Gobiernos y de los partidos que los sustentan es la persistencia que, en ciertas ocasiones, tienen las ideas equivocadas. Tal ocurre porque en ella, como en otras actividades de la vida social, se da con fuerza lo que en la teor\u00eda del conocimiento se designa con el concepto de dependencia de la trayectoria, la necesaria subordinaci\u00f3n del saber actual a lo aprendido en el pasado. Pues bien, uno de esos elementos de la pol\u00edtica en que la dependencia de la trayectoria pesa como una losa es el que se refiere, dentro del \u00e1mbito antiterrorista, a la reinserci\u00f3n de los presos de ETA. Ello es as\u00ed porque sus evidentes fracasos nunca han sido reconocidos. Por el contrario, han sido interpretados como \u00e9xitos bajo el argumento de que basta con que haya habido un terrorista arrepentido para que haya merecido la pena el esfuerzo, aunque tal arrepentimiento no haya hecho mella en la organizaci\u00f3n a la que el individuo pertenec\u00eda ni implicara el menor debilitamiento de \u00e9sta.<br \/>\n[vc_empty_space height=&#8221;10&#8243;]<br \/>\n<strong>Autor<\/strong><br \/>\nMikel Buesa Blanco. <a title=\"Dialnet\" href=\"http:\/\/dialnet.unirioja.es\/servlet\/autor?codigo=10436\" target=\"_blank\">P\u00e1gina del autor en Dialnet.<\/a><br \/>\n[vc_empty_space height=&#8221;10&#8243;]<br \/>\n<strong>Tipo de documento<\/strong><br \/>\nWorking paper<br \/>\n[vc_empty_space height=&#8221;10&#8243;]<br \/>\n<a title=\"Enlace alternativo\" href=\"http:\/\/eprints.ucm.es\/31242\/1\/DT%20IAIF%202012%20(83).pdf\" target=\"_blank\"><strong>Enlace alternativo.<\/strong><\/a><br \/>\n[vc_empty_space height=&#8221;10&#8243;]<br \/>\n[\/vc_column_text][\/vc_column][\/vc_row]<\/p>\n<\/div>","protected":false},"excerpt":{"rendered":"<p>[vc_row][vc_column width=&#8221;1\/1&#8243;][vc_column_text][vc_empty_space height=&#8221;20&#8243;] Referencia bibliogr\u00e1fica BUESA, Mikel (2012): \u00abLos presos de ETA y el \u201cjuego de la gallina\u201d\u00bb, IAIF: Instituto de An\u00e1lisis Industrial y Financiero, Documento de trabajo n\u00ba 83.&hellip;<\/p>\n","protected":false},"author":2,"featured_media":0,"parent":0,"menu_order":0,"comment_status":"open","ping_status":"open","template":"","meta":{"om_disable_all_campaigns":false,"_monsterinsights_skip_tracking":false,"_monsterinsights_sitenote_active":false,"_monsterinsights_sitenote_note":"","_monsterinsights_sitenote_category":0,"_uf_show_specific_survey":0,"_uf_disable_surveys":false,"_vp_format_video_url":"","_vp_image_focal_point":[],"_vp_custom_popup_image":0,"_vp_format_audio_url":"","_vp_custom_thumbnail":0,"_vp_custom_thumbnail_focal_point":[],"_vp_hover_thumbnail":0,"_vp_hover_thumbnail_focal_point":[],"footnotes":""},"class_list":["post-4687","page","type-page","status-publish","hentry"],"aioseo_notices":[],"_links":{"self":[{"href":"https:\/\/www.arovite.com\/es\/wp-json\/wp\/v2\/pages\/4687","targetHints":{"allow":["GET"]}}],"collection":[{"href":"https:\/\/www.arovite.com\/es\/wp-json\/wp\/v2\/pages"}],"about":[{"href":"https:\/\/www.arovite.com\/es\/wp-json\/wp\/v2\/types\/page"}],"author":[{"embeddable":true,"href":"https:\/\/www.arovite.com\/es\/wp-json\/wp\/v2\/users\/2"}],"replies":[{"embeddable":true,"href":"https:\/\/www.arovite.com\/es\/wp-json\/wp\/v2\/comments?post=4687"}],"version-history":[{"count":2,"href":"https:\/\/www.arovite.com\/es\/wp-json\/wp\/v2\/pages\/4687\/revisions"}],"predecessor-version":[{"id":5649,"href":"https:\/\/www.arovite.com\/es\/wp-json\/wp\/v2\/pages\/4687\/revisions\/5649"}],"wp:attachment":[{"href":"https:\/\/www.arovite.com\/es\/wp-json\/wp\/v2\/media?parent=4687"}],"curies":[{"name":"wp","href":"https:\/\/api.w.org\/{rel}","templated":true}]}}